{"id":3582,"date":"2018-10-10T14:31:05","date_gmt":"2018-10-10T12:31:05","guid":{"rendered":"https:\/\/med-honey.com\/?post_type=product&#038;p=3582"},"modified":"2019-05-29T12:01:50","modified_gmt":"2019-05-29T10:01:50","slug":"pollen","status":"publish","type":"product","link":"https:\/\/med-honey.com\/de\/shop\/pollen\/","title":{"rendered":"POLLEN"},"content":{"rendered":"<div class=\"wpb-content-wrapper\"><p>[vc_row el_class=&#8220;opis-bez-poizvoda&#8220;][vc_column][vc_row_inner][vc_column_inner][vc_column_text]<\/p>\n<h5>    <span class=\"eltdf-icon-shortcode normal    eltdf-icon-extrasmall\"  data-color=\"#27a22d\">\n        <span class=\"eltdf-icon-bckg-holder\" ><\/span>\n                    <i class=\"eltdf-icon-font-awesome fa fa fa-list eltdf-icon-element\" style=\"color: #27a22d\" ><\/i>                    <\/span>\n \u00a0 Zusammensetzung<\/h5>\n<p>[\/vc_column_text][vc_column_text css=&#8220;.vc_custom_1544456321258{margin-left: 40px !important;}&#8220;]Pollen in Granulatform[\/vc_column_text][\/vc_column_inner][\/vc_row_inner][vc_row_inner][vc_column_inner][vc_column_text]<\/p>\n<h5>    <span class=\"eltdf-icon-shortcode normal    eltdf-icon-extrasmall\"  data-color=\"#27a22d\">\n        <span class=\"eltdf-icon-bckg-holder\" ><\/span>\n                    <i class=\"eltdf-icon-font-awesome fa fa fa-heartbeat eltdf-icon-element\" style=\"color: #27a22d\" ><\/i>                    <\/span>\n \u00a0 Wirkung<\/h5>\n<p>[\/vc_column_text][vc_column_text css=&#8220;.vc_custom_1544456352423{margin-left: 40px !important;}&#8220;]Pollenstaub finent bei enr Prostatabehandlung, sogar in au\u00dfergew\u00f6hnlich schwierigen chronischen F\u00e4llen, eine besonenre Anwendung. Die Pollen verbessern die Fruchtbarkeit und verminenrn den Cholesterinspiegel im Blut. Sie beeinflussen wohltuend die Verbesserung enr Gehirndurchblutung und dieselben werden jenen Personen empfohlen, die gro\u00dfen geistigen und physischen Anstrengungen ausgesetzt sind. Aufgrund seiner au\u00dfergew\u00f6hnlich Proteinzusammensetzung wird er auch als nat\u00fcrliches Mittel zur Leberregeneration angewandt. Pollen finden ebenfalls eine gro\u00dfe Anwendung bei Kosmetika.[\/vc_column_text][\/vc_column_inner][\/vc_row_inner][vc_row_inner][vc_column_inner][vc_column_text]<\/p>\n<h5>    <span class=\"eltdf-icon-shortcode normal    eltdf-icon-extrasmall\"  data-color=\"#27a22d\">\n        <span class=\"eltdf-icon-bckg-holder\" ><\/span>\n                    <i class=\"eltdf-icon-font-awesome fa fa fa-cutlery eltdf-icon-element\" style=\"color: #27a22d\" ><\/i>                    <\/span>\n \u00a0 Empfohlene Anwendung<\/h5>\n<p>[\/vc_column_text][vc_column_text css=&#8220;.vc_custom_1544456386573{margin-left: 40px !important;}&#8220;]Bis zu 20 Gramm t\u00e4glich (rein oenr mit Honig, warmem Wasser oenr Tee gemischt).[\/vc_column_text][\/vc_column_inner][\/vc_row_inner][vc_row_inner][vc_column_inner][vc_column_text]<\/p>\n<h5>    <span class=\"eltdf-icon-shortcode normal    eltdf-icon-extrasmall\"  data-color=\"#27a22d\">\n        <span class=\"eltdf-icon-bckg-holder\" ><\/span>\n                    <i class=\"eltdf-icon-font-awesome fa fa fa-exclamation-circle eltdf-icon-element\" style=\"color: #27a22d\" ><\/i>                    <\/span>\n \u00a0 Anmerkung<\/h5>\n<p>[\/vc_column_text][vc_column_text css=&#8220;.vc_custom_1544456514137{margin-left: 40px !important;}&#8220;]Pollen k\u00f6nnen, besonenrs bei Kinenrn, allergischen Reaktionen hervorrufen. Zu Beginn sollte eine geringere Dosis eingenommen werden.[\/vc_column_text][\/vc_column_inner][\/vc_row_inner][vc_row_inner][vc_column_inner][vc_column_text]<\/p>\n<h5>    <span class=\"eltdf-icon-shortcode normal    eltdf-icon-extrasmall\"  data-color=\"#27a22d\">\n        <span class=\"eltdf-icon-bckg-holder\" ><\/span>\n                    <i class=\"eltdf-icon-font-awesome fa fa fa-archive eltdf-icon-element\" style=\"color: #27a22d\" ><\/i>                    <\/span>\n \u00a0 Aufbewahrung<\/h5>\n<p>[\/vc_column_text][vc_column_text css=&#8220;.vc_custom_1544456500403{margin-left: 40px !important;}&#8220;]K\u00fchl und trocken lagern.[\/vc_column_text][\/vc_column_inner][\/vc_row_inner][vc_row_inner][vc_column_inner][vc_column_text]<\/p>\n<h5>    <span class=\"eltdf-icon-shortcode normal    eltdf-icon-extrasmall\"  data-color=\"#27a22d\">\n        <span class=\"eltdf-icon-bckg-holder\" ><\/span>\n                    <i class=\"eltdf-icon-font-awesome fa fa fa-calendar eltdf-icon-element\" style=\"color: #27a22d\" ><\/i>                    <\/span>\n \u00a0 Minenstens haltbar<\/h5>\n<p>[\/vc_column_text][vc_column_text css=&#8220;.vc_custom_1544456464563{margin-left: 40px !important;}&#8220;]5 Jahre[\/vc_column_text][\/vc_column_inner][\/vc_row_inner][vc_row_inner][vc_column_inner][vc_column_text]<\/p>\n<h5>    <span class=\"eltdf-icon-shortcode normal    eltdf-icon-extrasmall\"  data-color=\"#27a22d\">\n        <span class=\"eltdf-icon-bckg-holder\" ><\/span>\n                    <i class=\"eltdf-icon-font-awesome fa fa fa-database eltdf-icon-element\" style=\"color: #27a22d\" ><\/i>                    <\/span>\n \u00a0 Inhalt<\/h5>\n<p>[\/vc_column_text][vc_column_text css=&#8220;.vc_custom_1542040004080{margin-left: 40px !important;}&#8220;]50 g[\/vc_column_text][\/vc_column_inner][\/vc_row_inner][\/vc_column][\/vc_row][vc_row css=&#8220;.vc_custom_1542796148443{margin-top: 50px !important;padding-bottom: 40px !important;}&#8220;][vc_column]<div class=\"eltdf-section-title-holder  \" >\n\t<div class=\"eltdf-st-inner\">\n\t\t\t\t\t\t\t<h6 class=\"eltdf-st-text\" style=\"color: #23a130;font-size: 30px\">\n\t\t\t\tVERWANDTE PRODUKTE ...\t\t\t<\/h6>\n\t\t\t<\/div>\n<\/div>[\/vc_column][\/vc_row][vc_row][vc_column width=&#8220;1\/4&#8243;][vc_single_image image=&#8220;4588&#8243; img_size=&#8220;full&#8220; alignment=&#8220;center&#8220; style=&#8220;vc_box_rounend&#8220; onclick=&#8220;custom_link&#8220; link=&#8220;\/de\/shop\/polen-taschen\/&#8220;][vc_custom_heading text=&#8220;POLLEN&#8220; font_container=&#8220;tag:p|font_size:20px|text_align:center|color:%23000000&#8243; google_fonts=&#8220;font_family:Marcellus%3Aregular|font_style:400%20regular%3A400%3Anormal&#8220; link=&#8220;url:%2Fde%2fshop%2fpolen-taschen%2F|||&#8220;][vc_column_text]<\/p>\n<hr style=\"border: 0; height: 1px; background-image: linear-gradient(to right, rgba(0, 0, 0, 0), rgba(39, 162, 45, 0.75), rgba(0, 0, 0, 0));\" \/>\n<p>[\/vc_column_text][vc_custom_heading text=&#8220;Nettogewicht: <strong>15g<\/strong>&#8220; font_container=&#8220;tag:p|font_size:14px|text_align:center|color:%2327a22d&#8220; use_theme_fonts=&#8220;yes&#8220;][vc_btn title=&#8220;<strong>WEITER<\/strong>&#8220; style=&#8220;gradient-custom&#8220; gradient_custom_color_1=&#8220;#1e73be&#8220; gradient_custom_color_2=&#8220;#00a9e4&#8243; shape=&#8220;round&#8220; size=&#8220;xs&#8220; align=&#8220;center&#8220; link=&#8220;url:%2Fde%2fshop%2fpolen-taschen%2F|||&#8220;][\/vc_column][vc_column width=&#8220;1\/4&#8243;][vc_single_image image=&#8220;4555&#8243; img_size=&#8220;full&#8220; alignment=&#8220;center&#8220; style=&#8220;vc_box_rounend&#8220; onclick=&#8220;custom_link&#8220; link=&#8220;\/de\/shop\/gelee-royale-mit-pollen-bear\/&#8220;][vc_custom_heading text=&#8220;GEL\u00c9E ROYALE MIT POLLEN&#8220; font_container=&#8220;tag:p|font_size:20px|text_align:center|color:%23000000&#8243; google_fonts=&#8220;font_family:Marcellus%3Aregular|font_style:400%20regular%3A400%3Anormal&#8220; link=&#8220;url:%2Fde%2fshop%2fgelee-royale-mit-pollen%2F|||&#8220;][vc_column_text]<\/p>\n<hr style=\"border: 0; height: 1px; background-image: linear-gradient(to right, rgba(0, 0, 0, 0), rgba(39, 162, 45, 0.75), rgba(0, 0, 0, 0));\" \/>\n<p>[\/vc_column_text][vc_custom_heading text=&#8220;Nettogewicht: <strong>0,5kg<\/strong>&#8220; font_container=&#8220;tag:p|font_size:14px|text_align:center|color:%2327a22d&#8220; use_theme_fonts=&#8220;yes&#8220;][vc_btn title=&#8220;<strong>WEITER<\/strong>&#8220; style=&#8220;gradient-custom&#8220; gradient_custom_color_1=&#8220;#1e73be&#8220; gradient_custom_color_2=&#8220;#00a9e4&#8243; shape=&#8220;round&#8220; size=&#8220;xs&#8220; align=&#8220;center&#8220; link=&#8220;url:%2Fde%2fshop%2fgelee-royale-mit-pollen%2F|||&#8220;][\/vc_column][vc_column width=&#8220;1\/4&#8243;][vc_single_image image=&#8220;4536&#8243; img_size=&#8220;full&#8220; alignment=&#8220;center&#8220; style=&#8220;vc_box_rounend&#8220; onclick=&#8220;custom_link&#8220; link=&#8220;\/de\/shop\/gelee-royale-mit-pollen-home-made-500g\/&#8220;][vc_custom_heading text=&#8220;GEL\u00c9E ROYALE MIT POLLEN&#8220; font_container=&#8220;tag:p|font_size:20px|text_align:center|color:%23000000&#8243; google_fonts=&#8220;font_family:Marcellus%3Aregular|font_style:400%20regular%3A400%3Anormal&#8220; link=&#8220;url:%2Fde%2fshop%2fgelee-royale-mit-pollen-home-made-500g%2F|||&#8220;][vc_column_text]<\/p>\n<hr style=\"border: 0; height: 1px; background-image: linear-gradient(to right, rgba(0, 0, 0, 0), rgba(39, 162, 45, 0.75), rgba(0, 0, 0, 0));\" \/>\n<p>[\/vc_column_text][vc_custom_heading text=&#8220;Nettogewicht: <strong>0,5kg<\/strong>&#8220; font_container=&#8220;tag:p|font_size:14px|text_align:center|color:%2327a22d&#8220; use_theme_fonts=&#8220;yes&#8220;][vc_btn title=&#8220;<strong>WEITER<\/strong>&#8220; style=&#8220;gradient-custom&#8220; gradient_custom_color_1=&#8220;#1e73be&#8220; gradient_custom_color_2=&#8220;#00a9e4&#8243; shape=&#8220;round&#8220; size=&#8220;xs&#8220; align=&#8220;center&#8220; link=&#8220;url:%2Fde%2fshop%2fgelee-royale-mit-pollen-home-made-500g%2F|||&#8220;][\/vc_column][vc_column width=&#8220;1\/4&#8243;][vc_single_image image=&#8220;4525&#8243; img_size=&#8220;full&#8220; alignment=&#8220;center&#8220; style=&#8220;vc_box_rounend&#8220; onclick=&#8220;custom_link&#8220; link=&#8220;\/de\/shop\/gelee-royale-mit-pollen-mountain-500g\/&#8220;][vc_custom_heading text=&#8220;GEL\u00c9E ROYALE MIT POLLEN&#8220; font_container=&#8220;tag:p|font_size:20px|text_align:center|color:%23000000&#8243; google_fonts=&#8220;font_family:Marcellus%3Aregular|font_style:400%20regular%3A400%3Anormal&#8220; link=&#8220;url:%2Fde%2fshop%2fgelee-royale-mit-pollen-mountain-500g%2F|||&#8220;][vc_column_text]<\/p>\n<hr style=\"border: 0; height: 1px; background-image: linear-gradient(to right, rgba(0, 0, 0, 0), rgba(39, 162, 45, 0.75), rgba(0, 0, 0, 0));\" \/>\n<p>[\/vc_column_text][vc_custom_heading text=&#8220;Nettogewicht: <strong>0,5kg<\/strong>&#8220; font_container=&#8220;tag:p|font_size:14px|text_align:center|color:%2327a22d&#8220; use_theme_fonts=&#8220;yes&#8220;][vc_btn title=&#8220;<strong>WEITER<\/strong>&#8220; style=&#8220;gradient-custom&#8220; gradient_custom_color_1=&#8220;#1e73be&#8220; gradient_custom_color_2=&#8220;#00a9e4&#8243; shape=&#8220;round&#8220; size=&#8220;xs&#8220; align=&#8220;center&#8220; link=&#8220;url:%2Fde%2fshop%2fgelee-royale-mit-pollen-mountain-500g%2F|||&#8220;][\/vc_column][\/vc_row][vc_row][vc_column][vc_btn title=&#8220;NACH OBEN&#8220; style=&#8220;outline-custom&#8220; outline_custom_color=&#8220;#f4e4c4&#8243; outline_custom_hover_background=&#8220;#f4e4c4&#8243; outline_custom_hover_text=&#8220;#ffffff&#8220; size=&#8220;sm&#8220; align=&#8220;center&#8220; i_align=&#8220;right&#8220; i_icon_fontawesome=&#8220;fa fa-angle-up&#8220; add_icon=&#8220;true&#8220; custom_onclick=&#8220;true&#8220; custom_onclick_code=&#8220;$(&#8218;html,body&#8216;).animate({ scrollTop: $(&#8222;body&#8222;).offset().top &#8211; 100}, &#8217;slow&#8216;);&#8220; el_class=&#8220;povratak-gore&#8220;][\/vc_column][\/vc_row]<\/p>\n<\/div>","protected":false},"excerpt":{"rendered":"<p>Pollen, also called flower sperm, is an herbal product collected by bees. Its flavour and colour depend on its botanical source. Pollen is extremely rich in nutritious matter such as albumen, lipids, carbohydrates, vitamins (especially the B group), mineral matter, ferments and other active components. This is why it\u2019s a valuable supplement in the treatment of various diseases.<\/p>\n","protected":false},"featured_media":4659,"template":"","meta":{"rank_math_lock_modified_date":false},"product_cat":[138],"product_tag":[],"class_list":{"0":"post-3582","1":"product","2":"type-product","3":"status-publish","4":"has-post-thumbnail","6":"product_cat-med-honey","8":"first","9":"instock","10":"shipping-taxable","11":"purchasable","12":"product-type-simple"},"_links":{"self":[{"href":"https:\/\/med-honey.com\/de\/wp-json\/wp\/v2\/product\/3582","targetHints":{"allow":["GET"]}}],"collection":[{"href":"https:\/\/med-honey.com\/de\/wp-json\/wp\/v2\/product"}],"about":[{"href":"https:\/\/med-honey.com\/de\/wp-json\/wp\/v2\/types\/product"}],"wp:featuredmedia":[{"embeddable":true,"href":"https:\/\/med-honey.com\/de\/wp-json\/wp\/v2\/media\/4659"}],"wp:attachment":[{"href":"https:\/\/med-honey.com\/de\/wp-json\/wp\/v2\/media?parent=3582"}],"wp:term":[{"taxonomy":"product_cat","embeddable":true,"href":"https:\/\/med-honey.com\/de\/wp-json\/wp\/v2\/product_cat?post=3582"},{"taxonomy":"product_tag","embeddable":true,"href":"https:\/\/med-honey.com\/de\/wp-json\/wp\/v2\/product_tag?post=3582"}],"curies":[{"name":"wp","href":"https:\/\/api.w.org\/{rel}","templated":true}]}}