{"id":3587,"date":"2018-10-10T14:43:07","date_gmt":"2018-10-10T12:43:07","guid":{"rendered":"https:\/\/med-honey.com\/?post_type=product&#038;p=3587"},"modified":"2019-05-29T12:01:50","modified_gmt":"2019-05-29T10:01:50","slug":"diet-med","status":"publish","type":"product","link":"https:\/\/med-honey.com\/de\/shop\/diet-med\/","title":{"rendered":"DIET-MED"},"content":{"rendered":"<div class=\"wpb-content-wrapper\"><p>[vc_row el_class=&#8220;opis-bez-poizvoda&#8220;][vc_column][vc_row_inner][vc_column_inner][vc_column_text]<\/p>\n<h5>    <span class=\"eltdf-icon-shortcode normal    eltdf-icon-extrasmall\"  data-color=\"#27a22d\">\n        <span class=\"eltdf-icon-bckg-holder\" ><\/span>\n                    <i class=\"eltdf-icon-font-awesome fa fa fa-list eltdf-icon-element\" style=\"color: #27a22d\" ><\/i>                    <\/span>\n \u00a0 Zusammensetzung<\/h5>\n<p>[\/vc_column_text][vc_column_text css=&#8220;.vc_custom_1544455580223{margin-left: 40px !important;}&#8220;]Fructose 55%, Sorbitolwasserl\u00f6sung 40% und Honig 5%.[\/vc_column_text][\/vc_column_inner][\/vc_row_inner][vc_row_inner][vc_column_inner][vc_column_text]<\/p>\n<h5>    <span class=\"eltdf-icon-shortcode normal    eltdf-icon-extrasmall\"  data-color=\"#27a22d\">\n        <span class=\"eltdf-icon-bckg-holder\" ><\/span>\n                    <i class=\"eltdf-icon-font-awesome fa fa fa-cutlery eltdf-icon-element\" style=\"color: #27a22d\" ><\/i>                    <\/span>\n \u00a0 Anwendung<\/h5>\n<p>[\/vc_column_text][vc_column_text css=&#8220;.vc_custom_1544455604436{margin-left: 40px !important;}&#8220;]Die empfohlene Tagesdosis betr\u00e4gt 60 g, verteilt auf mehrere Mahlzeiten.[\/vc_column_text][\/vc_column_inner][\/vc_row_inner][vc_row_inner][vc_column_inner][vc_column_text]<\/p>\n<h5>    <span class=\"eltdf-icon-shortcode normal    eltdf-icon-extrasmall\"  data-color=\"#27a22d\">\n        <span class=\"eltdf-icon-bckg-holder\" ><\/span>\n                    <i class=\"eltdf-icon-font-awesome fa fa fa-exclamation-circle eltdf-icon-element\" style=\"color: #27a22d\" ><\/i>                    <\/span>\n \u00a0 Hinweis<\/h5>\n<p>[\/vc_column_text][vc_column_text css=&#8220;.vc_custom_1544455634785{margin-left: 40px !important;}&#8220;]Bei schwereren Formen von Diabetes sprechen Sie mit Ihrem Arzt, da das Produkt eine geringf\u00fcgige Glucosemenge aus Honig erh\u00e4lt. \u00dcberm\u00e4\u00dfige Verwendung kann eine laxative Wirkung hervorrufen. Das Produkt darf nicht in die Reichweite von Kinenrn gelangen.[\/vc_column_text][\/vc_column_inner][\/vc_row_inner][vc_row_inner][vc_column_inner][vc_column_text]<\/p>\n<h5>    <span class=\"eltdf-icon-shortcode normal    eltdf-icon-extrasmall\"  data-color=\"#27a22d\">\n        <span class=\"eltdf-icon-bckg-holder\" ><\/span>\n                    <i class=\"eltdf-icon-font-awesome fa fa fa-archive eltdf-icon-element\" style=\"color: #27a22d\" ><\/i>                    <\/span>\n \u00a0 Anwendung<\/h5>\n<p>[\/vc_column_text][vc_column_text css=&#8220;.vc_custom_1544455668781{margin-left: 40px !important;}&#8220;]Normale Raumtemperatur eines Wohnzimmers.[\/vc_column_text][\/vc_column_inner][\/vc_row_inner][vc_row_inner][vc_column_inner][vc_column_text]<\/p>\n<h5>    <span class=\"eltdf-icon-shortcode normal    eltdf-icon-extrasmall\"  data-color=\"#27a22d\">\n        <span class=\"eltdf-icon-bckg-holder\" ><\/span>\n                    <i class=\"eltdf-icon-font-awesome fa fa fa-calendar eltdf-icon-element\" style=\"color: #27a22d\" ><\/i>                    <\/span>\n \u00a0 Minenstens haltbar<\/h5>\n<p>[\/vc_column_text][vc_column_text css=&#8220;.vc_custom_1544456126819{margin-left: 40px !important;}&#8220;]Unbegrenzt[\/vc_column_text][\/vc_column_inner][\/vc_row_inner][vc_row_inner][vc_column_inner][vc_column_text]<\/p>\n<h5>    <span class=\"eltdf-icon-shortcode normal    eltdf-icon-extrasmall\"  data-color=\"#27a22d\">\n        <span class=\"eltdf-icon-bckg-holder\" ><\/span>\n                    <i class=\"eltdf-icon-font-awesome fa fa fa-database eltdf-icon-element\" style=\"color: #27a22d\" ><\/i>                    <\/span>\n \u00a0 Inhalt<\/h5>\n<p>[\/vc_column_text][vc_column_text css=&#8220;.vc_custom_1542040004080{margin-left: 40px !important;}&#8220;]0,5 kg[\/vc_column_text][\/vc_column_inner][\/vc_row_inner][\/vc_column][\/vc_row][vc_row css=&#8220;.vc_custom_1542796382888{margin-top: 50px !important;padding-bottom: 40px !important;}&#8220;][vc_column]<div class=\"eltdf-section-title-holder  \" >\n\t<div class=\"eltdf-st-inner\">\n\t\t\t\t\t\t\t<h6 class=\"eltdf-st-text\" style=\"color: #23a130;font-size: 30px\">\n\t\t\t\tVERWANDTE PRODUKTE ...\t\t\t<\/h6>\n\t\t\t<\/div>\n<\/div>[\/vc_column][\/vc_row][vc_row][vc_column width=&#8220;1\/4&#8243;][vc_single_image image=&#8220;4577&#8243; img_size=&#8220;full&#8220; alignment=&#8220;center&#8220; style=&#8220;vc_box_rounend&#8220; onclick=&#8220;custom_link&#8220; link=&#8220;\/de\/shop\/weisenzellenprodukt-fuer-kinder-med-honey\/&#8220;][vc_custom_heading text=&#8220;WEISENZELLENPRODUKT F\u00dcR KINDER&#8220; font_container=&#8220;tag:p|font_size:20px|text_align:center|color:%23000000&#8243; google_fonts=&#8220;font_family:Marcellus%3Aregular|font_style:400%20regular%3A400%3Anormal&#8220; link=&#8220;url:%2Fde%2fshop%2fweisenzellenprodukt-fuer-kinder-med-honey%2F|||&#8220;][vc_column_text]<\/p>\n<hr style=\"border: 0; height: 1px; background-image: linear-gradient(to right, rgba(0, 0, 0, 0), rgba(39, 162, 45, 0.75), rgba(0, 0, 0, 0));\" \/>\n<p>[\/vc_column_text][vc_custom_heading text=&#8220;Nettogewicht: <strong>250g<\/strong>&#8220; font_container=&#8220;tag:p|font_size:14px|text_align:center|color:%2327a22d&#8220; use_theme_fonts=&#8220;yes&#8220;][vc_btn title=&#8220;<strong>WEITER<\/strong>&#8220; style=&#8220;gradient-custom&#8220; gradient_custom_color_1=&#8220;#1e73be&#8220; gradient_custom_color_2=&#8220;#00a9e4&#8243; shape=&#8220;round&#8220; size=&#8220;xs&#8220; align=&#8220;center&#8220; link=&#8220;url:%2Fde%2fshop%2fweisenzellenprodukt-fuer-kinder-med-honey%2F|||&#8220;][\/vc_column][vc_column width=&#8220;1\/4&#8243;][vc_single_image image=&#8220;4580&#8243; img_size=&#8220;full&#8220; alignment=&#8220;center&#8220; style=&#8220;vc_box_rounend&#8220; onclick=&#8220;custom_link&#8220; link=&#8220;\/de\/shop\/weisenzellenprodukt-fuer-erwachsene-med-honey\/&#8220;][vc_custom_heading text=&#8220;WEISENZELLENPRODUKT F\u00dcR ERWACHSENE&#8220; font_container=&#8220;tag:p|font_size:20px|text_align:center|color:%23000000&#8243; google_fonts=&#8220;font_family:Marcellus%3Aregular|font_style:400%20regular%3A400%3Anormal&#8220; link=&#8220;url:%2Fde%2fshop%2fweisenzellenprodukt-fuer-erwachsene-med-honey%2F|||&#8220;][vc_column_text]<\/p>\n<hr style=\"border: 0; height: 1px; background-image: linear-gradient(to right, rgba(0, 0, 0, 0), rgba(39, 162, 45, 0.75), rgba(0, 0, 0, 0));\" \/>\n<p>[\/vc_column_text][vc_custom_heading text=&#8220;Nettogewicht: <strong>250g<\/strong>&#8220; font_container=&#8220;tag:p|font_size:14px|text_align:center|color:%2327a22d&#8220; use_theme_fonts=&#8220;yes&#8220;][vc_btn title=&#8220;<strong>WEITER<\/strong>&#8220; style=&#8220;gradient-custom&#8220; gradient_custom_color_1=&#8220;#1e73be&#8220; gradient_custom_color_2=&#8220;#00a9e4&#8243; shape=&#8220;round&#8220; size=&#8220;xs&#8220; align=&#8220;center&#8220; link=&#8220;url:%2Fde%2fshop%2fweisenzellenprodukt-fuer-erwachsene-med-honey%2F|||&#8220;][\/vc_column][vc_column width=&#8220;1\/4&#8243;][vc_single_image image=&#8220;4554&#8243; img_size=&#8220;full&#8220; alignment=&#8220;center&#8220; style=&#8220;vc_box_rounend&#8220; onclick=&#8220;custom_link&#8220; link=&#8220;\/de\/shop\/weisenzellenprodukt-bear\/&#8220;][vc_custom_heading text=&#8220;WEISENZELLENPRODUKT&#8220; font_container=&#8220;tag:p|font_size:20px|text_align:center|color:%23000000&#8243; google_fonts=&#8220;font_family:Marcellus%3Aregular|font_style:400%20regular%3A400%3Anormal&#8220; link=&#8220;url:%2Fde%2fshop%2fweisenzellenprodukt%2F|||&#8220;][vc_column_text]<\/p>\n<hr style=\"border: 0; height: 1px; background-image: linear-gradient(to right, rgba(0, 0, 0, 0), rgba(39, 162, 45, 0.75), rgba(0, 0, 0, 0));\" \/>\n<p>[\/vc_column_text][vc_custom_heading text=&#8220;Nettogewicht: <strong>0,5kg<\/strong>&#8220; font_container=&#8220;tag:p|font_size:14px|text_align:center|color:%2327a22d&#8220; use_theme_fonts=&#8220;yes&#8220;][vc_btn title=&#8220;<strong>WEITER<\/strong>&#8220; style=&#8220;gradient-custom&#8220; gradient_custom_color_1=&#8220;#1e73be&#8220; gradient_custom_color_2=&#8220;#00a9e4&#8243; shape=&#8220;round&#8220; size=&#8220;xs&#8220; align=&#8220;center&#8220; link=&#8220;url:%2Fde%2fshop%2fweisenzellenprodukt%2F|||&#8220;][\/vc_column][vc_column width=&#8220;1\/4&#8243;][vc_single_image image=&#8220;4555&#8243; img_size=&#8220;full&#8220; alignment=&#8220;center&#8220; style=&#8220;vc_box_rounend&#8220; onclick=&#8220;custom_link&#8220; link=&#8220;\/de\/shop\/gelee-royale-mit-pollen-bear\/&#8220;][vc_custom_heading text=&#8220;GEL\u00c9E ROYALE MIT POLLEN&#8220; font_container=&#8220;tag:p|font_size:20px|text_align:center|color:%23000000&#8243; google_fonts=&#8220;font_family:Marcellus%3Aregular|font_style:400%20regular%3A400%3Anormal&#8220; link=&#8220;url:%2Fde%2fshop%2fgelee-royale-mit-pollen%2F|||&#8220;][vc_column_text]<\/p>\n<hr style=\"border: 0; height: 1px; background-image: linear-gradient(to right, rgba(0, 0, 0, 0), rgba(39, 162, 45, 0.75), rgba(0, 0, 0, 0));\" \/>\n<p>[\/vc_column_text][vc_custom_heading text=&#8220;Nettogewicht: <strong>0,5kg<\/strong>&#8220; font_container=&#8220;tag:p|font_size:14px|text_align:center|color:%2327a22d&#8220; use_theme_fonts=&#8220;yes&#8220;][vc_btn title=&#8220;<strong>WEITER<\/strong>&#8220; style=&#8220;gradient-custom&#8220; gradient_custom_color_1=&#8220;#1e73be&#8220; gradient_custom_color_2=&#8220;#00a9e4&#8243; shape=&#8220;round&#8220; size=&#8220;xs&#8220; align=&#8220;center&#8220; link=&#8220;url:%2Fde%2fshop%2fgelee-royale-mit-pollen%2F|||&#8220;][\/vc_column][\/vc_row][vc_row][vc_column][vc_btn title=&#8220;NACH OBEN&#8220; style=&#8220;outline-custom&#8220; outline_custom_color=&#8220;#f4e4c4&#8243; outline_custom_hover_background=&#8220;#f4e4c4&#8243; outline_custom_hover_text=&#8220;#ffffff&#8220; size=&#8220;sm&#8220; align=&#8220;center&#8220; i_align=&#8220;right&#8220; i_icon_fontawesome=&#8220;fa fa-angle-up&#8220; add_icon=&#8220;true&#8220; custom_onclick=&#8220;true&#8220; custom_onclick_code=&#8220;$(&#8218;html,body&#8216;).animate({ scrollTop: $(&#8222;body&#8222;).offset().top &#8211; 100}, &#8217;slow&#8216;);&#8220; el_class=&#8220;povratak-gore&#8220;][\/vc_column][\/vc_row]<\/p>\n<\/div>","protected":false},"excerpt":{"rendered":"<p>Sehr geehrte Verbraucher, sehr oft wenden sich Diabetiker an uns mit der Frage, ob man als Diabetiker Honig f\u00fcr die Ern\u00e4hrung verwenden darf. Deswegen haben wir uns entschlossen, unseren DI\u00c4T-HONIG auf den Markt zu bringen. Im normalen Honig ist etwa 35% Glucose enthalten, so dass er f\u00fcr Diabetiker nicht geeignet ist. Unser DI\u00c4T-HONIG zeichnet sich durch einen verminderten Glucosewert und einen erh\u00f6hten Anteil von zugelassenem Zucker \u2013 Fructose \u2013 aus. Dar\u00fcber hinaus ist er mit Naturhonig veredelt, um eine komplexe und wertvolle chemische Zusammensetzung zu erhalten. DI\u00c4T-HONIG ist auch f\u00fcr Diabetiker geeignet, und zwar als S\u00fc\u00dfungsmittel (aufgrund der Zutaten, die beim Stoffwechsel kein Insulin verlangen).<\/p>\n","protected":false},"featured_media":4657,"template":"","meta":{"rank_math_lock_modified_date":false},"product_cat":[138],"product_tag":[],"class_list":{"0":"post-3587","1":"product","2":"type-product","3":"status-publish","4":"has-post-thumbnail","6":"product_cat-med-honey","8":"first","9":"instock","10":"shipping-taxable","11":"purchasable","12":"product-type-simple"},"_links":{"self":[{"href":"https:\/\/med-honey.com\/de\/wp-json\/wp\/v2\/product\/3587","targetHints":{"allow":["GET"]}}],"collection":[{"href":"https:\/\/med-honey.com\/de\/wp-json\/wp\/v2\/product"}],"about":[{"href":"https:\/\/med-honey.com\/de\/wp-json\/wp\/v2\/types\/product"}],"wp:featuredmedia":[{"embeddable":true,"href":"https:\/\/med-honey.com\/de\/wp-json\/wp\/v2\/media\/4657"}],"wp:attachment":[{"href":"https:\/\/med-honey.com\/de\/wp-json\/wp\/v2\/media?parent=3587"}],"wp:term":[{"taxonomy":"product_cat","embeddable":true,"href":"https:\/\/med-honey.com\/de\/wp-json\/wp\/v2\/product_cat?post=3587"},{"taxonomy":"product_tag","embeddable":true,"href":"https:\/\/med-honey.com\/de\/wp-json\/wp\/v2\/product_tag?post=3587"}],"curies":[{"name":"wp","href":"https:\/\/api.w.org\/{rel}","templated":true}]}}