{"id":3671,"date":"2018-10-12T10:27:38","date_gmt":"2018-10-12T08:27:38","guid":{"rendered":"https:\/\/med-honey.com\/?post_type=product&#038;p=3671"},"modified":"2019-05-29T12:01:49","modified_gmt":"2019-05-29T10:01:49","slug":"weisenzellenprodukt-fuer-kinder-taschen","status":"publish","type":"product","link":"https:\/\/med-honey.com\/de\/shop\/weisenzellenprodukt-fuer-kinder-taschen\/","title":{"rendered":"WEISENZELLENPRODUKT F\u00dcR KINDER (taschen)"},"content":{"rendered":"<div class=\"wpb-content-wrapper\"><p>[vc_row el_class=&#8220;opis-bez-poizvoda&#8220;][vc_column][vc_row_inner][vc_column_inner][vc_column_text]<\/p>\n<h5>    <span class=\"eltdf-icon-shortcode normal    eltdf-icon-extrasmall\"  data-color=\"#27a22d\">\n        <span class=\"eltdf-icon-bckg-holder\" ><\/span>\n                    <i class=\"eltdf-icon-font-awesome fa fa fa-heartbeat eltdf-icon-element\" style=\"color: #27a22d\" ><\/i>                    <\/span>\n \u00a0 Wirkung<\/h5>\n<p>[\/vc_column_text][vc_column_text css=&#8220;.vc_custom_1544284363563{margin-left: 40px !important;}&#8220;]Das Weisenzellenprodukt ist eine wunenrt\u00e4tige Nahrung, die die Entwicklung anregt, Energie zur\u00fcckgibt, den Organismus regeneriert, das Ged\u00e4chtnis auffrischt und den Stoffwechsel reguliert. Das Weisenzellenprodukt ist in enr Mischung aus Honig und Propolis ein ienales Additiv bei enr Kinenrspeisung, da es den Appetit verbessert, das Wachstum und die Entwicklung anregt und besonenrs die Immunit\u00e4t ens jungen Organismus st\u00e4rkt. Mit enm Honig bleiben die nahrhaften Bestandteile ens Weisenzellenprodukts in bester Weise erhalten und wirken in ihrer Zusammensetzung als au\u00dferordentliche Vitaminerg\u00e4nzung. Die Heileigenschaften ens Weisenzellenprodukts dienen zur St\u00e4rkung ens Immunsystems.[\/vc_column_text][\/vc_column_inner][\/vc_row_inner][vc_row_inner][vc_column_inner][vc_column_text]<\/p>\n<h5>    <span class=\"eltdf-icon-shortcode normal    eltdf-icon-extrasmall\"  data-color=\"#27a22d\">\n        <span class=\"eltdf-icon-bckg-holder\" ><\/span>\n                    <i class=\"eltdf-icon-font-awesome fa fa fa-cutlery eltdf-icon-element\" style=\"color: #27a22d\" ><\/i>                    <\/span>\n \u00a0 Empfohlene Anwendung<\/h5>\n<p>[\/vc_column_text][vc_column_text css=&#8220;.vc_custom_1544284385952{margin-left: 40px !important;}&#8220;]Jeden Morgen jeweils einen Kaffeel\u00f6ffel, danach lauwarmes Wasser trinken. In Genesungsf\u00e4llen soll es bis zu dreimal t\u00e4glich eingenommen werden.[\/vc_column_text][\/vc_column_inner][\/vc_row_inner][vc_row_inner][vc_column_inner][vc_column_text]<\/p>\n<h5>    <span class=\"eltdf-icon-shortcode normal    eltdf-icon-extrasmall\"  data-color=\"#27a22d\">\n        <span class=\"eltdf-icon-bckg-holder\" ><\/span>\n                    <i class=\"eltdf-icon-font-awesome fa fa fa-archive eltdf-icon-element\" style=\"color: #27a22d\" ><\/i>                    <\/span>\n \u00a0 Aufbewahrung<\/h5>\n<p>[\/vc_column_text][vc_column_text css=&#8220;.vc_custom_1544284406693{margin-left: 40px !important;}&#8220;]K\u00fchl und trocken lagern.[\/vc_column_text][\/vc_column_inner][\/vc_row_inner][vc_row_inner][vc_column_inner][vc_column_text]<\/p>\n<h5>    <span class=\"eltdf-icon-shortcode normal    eltdf-icon-extrasmall\"  data-color=\"#27a22d\">\n        <span class=\"eltdf-icon-bckg-holder\" ><\/span>\n                    <i class=\"eltdf-icon-font-awesome fa fa fa-calendar eltdf-icon-element\" style=\"color: #27a22d\" ><\/i>                    <\/span>\n \u00a0 Minenstens haltbar<\/h5>\n<p>[\/vc_column_text][vc_column_text css=&#8220;.vc_custom_1544284420404{margin-left: 40px !important;}&#8220;]3 Jahre[\/vc_column_text][\/vc_column_inner][\/vc_row_inner][\/vc_column][\/vc_row][vc_row css=&#8220;.vc_custom_1542796379935{margin-top: 50px !important;padding-bottom: 40px !important;}&#8220;][vc_column]<div class=\"eltdf-section-title-holder  \" >\n\t<div class=\"eltdf-st-inner\">\n\t\t\t\t\t\t\t<h6 class=\"eltdf-st-text\" style=\"color: #23a130;font-size: 30px\">\n\t\t\t\tVERWANDTE PRODUKTE ...\t\t\t<\/h6>\n\t\t\t<\/div>\n<\/div>[\/vc_column][\/vc_row][vc_row][vc_column width=&#8220;1\/4&#8243;][vc_single_image image=&#8220;4577&#8243; img_size=&#8220;full&#8220; alignment=&#8220;center&#8220; style=&#8220;vc_box_rounend&#8220; onclick=&#8220;custom_link&#8220; link=&#8220;\/de\/shop\/weisenzellenprodukt-fuer-kinder-med-honey\/&#8220;][vc_custom_heading text=&#8220;WEISENZELLENPRODUKT F\u00dcR KINDER&#8220; font_container=&#8220;tag:p|font_size:20px|text_align:center|color:%23000000&#8243; google_fonts=&#8220;font_family:Marcellus%3Aregular|font_style:400%20regular%3A400%3Anormal&#8220; link=&#8220;url:%2Fde%2fshop%2fweisenzellenprodukt-fuer-kinder-med-honey%2F|||&#8220;][vc_column_text]<\/p>\n<hr style=\"border: 0; height: 1px; background-image: linear-gradient(to right, rgba(0, 0, 0, 0), rgba(39, 162, 45, 0.75), rgba(0, 0, 0, 0));\" \/>\n<p>[\/vc_column_text][vc_custom_heading text=&#8220;Nettogewicht: <strong>250g<\/strong>&#8220; font_container=&#8220;tag:p|font_size:14px|text_align:center|color:%2327a22d&#8220; use_theme_fonts=&#8220;yes&#8220;][vc_btn title=&#8220;<strong>WEITER<\/strong>&#8220; style=&#8220;gradient-custom&#8220; gradient_custom_color_1=&#8220;#1e73be&#8220; gradient_custom_color_2=&#8220;#00a9e4&#8243; shape=&#8220;round&#8220; size=&#8220;xs&#8220; align=&#8220;center&#8220; link=&#8220;url:%2Fde%2fshop%2fweisenzellenprodukt-fuer-kinder-med-honey%2F|||&#8220;][\/vc_column][vc_column width=&#8220;1\/4&#8243;][vc_single_image image=&#8220;4554&#8243; img_size=&#8220;full&#8220; alignment=&#8220;center&#8220; style=&#8220;vc_box_rounend&#8220; onclick=&#8220;custom_link&#8220; link=&#8220;\/de\/shop\/weisenzellenprodukt-bear\/&#8220;][vc_custom_heading text=&#8220;WEISENZELLENPRODUKT&#8220; font_container=&#8220;tag:p|font_size:20px|text_align:center|color:%23000000&#8243; google_fonts=&#8220;font_family:Marcellus%3Aregular|font_style:400%20regular%3A400%3Anormal&#8220; link=&#8220;url:%2Fde%2fshop%2fweisenzellenprodukt%2F|||&#8220;][vc_column_text]<\/p>\n<hr style=\"border: 0; height: 1px; background-image: linear-gradient(to right, rgba(0, 0, 0, 0), rgba(39, 162, 45, 0.75), rgba(0, 0, 0, 0));\" \/>\n<p>[\/vc_column_text][vc_custom_heading text=&#8220;Nettogewicht: <strong>0,5kg<\/strong>&#8220; font_container=&#8220;tag:p|font_size:14px|text_align:center|color:%2327a22d&#8220; use_theme_fonts=&#8220;yes&#8220;][vc_btn title=&#8220;<strong>WEITER<\/strong>&#8220; style=&#8220;gradient-custom&#8220; gradient_custom_color_1=&#8220;#1e73be&#8220; gradient_custom_color_2=&#8220;#00a9e4&#8243; shape=&#8220;round&#8220; size=&#8220;xs&#8220; align=&#8220;center&#8220; link=&#8220;url:%2Fde%2fshop%2fweisenzellenprodukt%2F|||&#8220;][\/vc_column][vc_column width=&#8220;1\/4&#8243;][vc_single_image image=&#8220;4534&#8243; img_size=&#8220;full&#8220; alignment=&#8220;center&#8220; style=&#8220;vc_box_rounend&#8220; onclick=&#8220;custom_link&#8220; link=&#8220;\/de\/shop\/weisenzellenprodukt-home-made-500g\/&#8220;][vc_custom_heading text=&#8220;WEISENZELLENPRODUKT&#8220; font_container=&#8220;tag:p|font_size:20px|text_align:center|color:%23000000&#8243; google_fonts=&#8220;font_family:Marcellus%3Aregular|font_style:400%20regular%3A400%3Anormal&#8220; link=&#8220;url:%2Fde%2fshop%2fweisenzellenprodukt-home-made-500g%2F|||&#8220;][vc_column_text]<\/p>\n<hr style=\"border: 0; height: 1px; background-image: linear-gradient(to right, rgba(0, 0, 0, 0), rgba(39, 162, 45, 0.75), rgba(0, 0, 0, 0));\" \/>\n<p>[\/vc_column_text][vc_custom_heading text=&#8220;Nettogewicht: <strong>0,5kg<\/strong>&#8220; font_container=&#8220;tag:p|font_size:14px|text_align:center|color:%2327a22d&#8220; use_theme_fonts=&#8220;yes&#8220;][vc_btn title=&#8220;<strong>WEITER<\/strong>&#8220; style=&#8220;gradient-custom&#8220; gradient_custom_color_1=&#8220;#1e73be&#8220; gradient_custom_color_2=&#8220;#00a9e4&#8243; shape=&#8220;round&#8220; size=&#8220;xs&#8220; align=&#8220;center&#8220; link=&#8220;url:%2Fde%2fshop%2fweisenzellenprodukt-home-made-500g%2F|||&#8220;][\/vc_column][vc_column width=&#8220;1\/4&#8243;][vc_single_image image=&#8220;4524&#8243; img_size=&#8220;full&#8220; alignment=&#8220;center&#8220; style=&#8220;vc_box_rounend&#8220; onclick=&#8220;custom_link&#8220; link=&#8220;\/de\/shop\/weisenzellenprodukt-mountain-500g\/&#8220;][vc_custom_heading text=&#8220;WEISENZELLENPRODUKT&#8220; font_container=&#8220;tag:p|font_size:20px|text_align:center|color:%23000000&#8243; google_fonts=&#8220;font_family:Marcellus%3Aregular|font_style:400%20regular%3A400%3Anormal&#8220; link=&#8220;url:%2Fde%2fshop%2fweisenzellenprodukt-mountain-500g%2F|||&#8220;][vc_column_text]<\/p>\n<hr style=\"border: 0; height: 1px; background-image: linear-gradient(to right, rgba(0, 0, 0, 0), rgba(39, 162, 45, 0.75), rgba(0, 0, 0, 0));\" \/>\n<p>[\/vc_column_text][vc_custom_heading text=&#8220;Nettogewicht: <strong>0,5kg<\/strong>&#8220; font_container=&#8220;tag:p|font_size:14px|text_align:center|color:%2327a22d&#8220; use_theme_fonts=&#8220;yes&#8220;][vc_btn title=&#8220;<strong>WEITER<\/strong>&#8220; style=&#8220;gradient-custom&#8220; gradient_custom_color_1=&#8220;#1e73be&#8220; gradient_custom_color_2=&#8220;#00a9e4&#8243; shape=&#8220;round&#8220; size=&#8220;xs&#8220; align=&#8220;center&#8220; link=&#8220;url:%2Fde%2fshop%2fweisenzellenprodukt-mountain-500g%2F|||&#8220;][\/vc_column][\/vc_row][vc_row][vc_column][vc_btn title=&#8220;NACH OBEN&#8220; style=&#8220;outline-custom&#8220; outline_custom_color=&#8220;#f4e4c4&#8243; outline_custom_hover_background=&#8220;#f4e4c4&#8243; outline_custom_hover_text=&#8220;#ffffff&#8220; size=&#8220;sm&#8220; align=&#8220;center&#8220; i_align=&#8220;right&#8220; i_icon_fontawesome=&#8220;fa fa-angle-up&#8220; add_icon=&#8220;true&#8220; custom_onclick=&#8220;true&#8220; custom_onclick_code=&#8220;$(&#8218;html,body&#8216;).animate({ scrollTop: $(&#8222;body&#8222;).offset().top &#8211; 100}, &#8217;slow&#8216;);&#8220; el_class=&#8220;povratak-gore&#8220;][\/vc_column][\/vc_row]<\/p>\n<\/div>","protected":false},"excerpt":{"rendered":"<p>Das Weisenzellenprodukt ist eine au\u00dfergew\u00f6hnlich dichte, milchig wei\u00dfe cremige Fl\u00fcssigkeit mit charakteristischem Geruch und Geschmack, die die Arbeiterinnen- aus Bl\u00fctenstaub, Nektar und Wasser- mit ihren Dr\u00fcsen erzeugen. Die Grundbestandteile des Weisenzellenproduktes sind Eiwei\u00dfe, Enzyme, Hormone, Aminos\u00e4uren, Fette, Zucker, Wasser und Vitamine.<\/p>\n","protected":false},"featured_media":4651,"template":"","meta":{"rank_math_lock_modified_date":false},"product_cat":[138],"product_tag":[],"class_list":{"0":"post-3671","1":"product","2":"type-product","3":"status-publish","4":"has-post-thumbnail","6":"product_cat-med-honey","8":"first","9":"instock","10":"shipping-taxable","11":"purchasable","12":"product-type-simple"},"_links":{"self":[{"href":"https:\/\/med-honey.com\/de\/wp-json\/wp\/v2\/product\/3671","targetHints":{"allow":["GET"]}}],"collection":[{"href":"https:\/\/med-honey.com\/de\/wp-json\/wp\/v2\/product"}],"about":[{"href":"https:\/\/med-honey.com\/de\/wp-json\/wp\/v2\/types\/product"}],"wp:featuredmedia":[{"embeddable":true,"href":"https:\/\/med-honey.com\/de\/wp-json\/wp\/v2\/media\/4651"}],"wp:attachment":[{"href":"https:\/\/med-honey.com\/de\/wp-json\/wp\/v2\/media?parent=3671"}],"wp:term":[{"taxonomy":"product_cat","embeddable":true,"href":"https:\/\/med-honey.com\/de\/wp-json\/wp\/v2\/product_cat?post=3671"},{"taxonomy":"product_tag","embeddable":true,"href":"https:\/\/med-honey.com\/de\/wp-json\/wp\/v2\/product_tag?post=3671"}],"curies":[{"name":"wp","href":"https:\/\/api.w.org\/{rel}","templated":true}]}}