{"id":3580,"date":"2018-10-10T14:27:13","date_gmt":"2018-10-10T12:27:13","guid":{"rendered":"https:\/\/med-honey.com\/?post_type=product&#038;p=3580"},"modified":"2020-05-07T10:16:23","modified_gmt":"2020-05-07T08:16:23","slug":"panal-con-la-miel","status":"publish","type":"product","link":"https:\/\/med-honey.com\/es\/shop\/panal-con-la-miel\/","title":{"rendered":"PANAL CON LA MIEL"},"content":{"rendered":"<div class=\"wpb-content-wrapper\"><p>[vc_row el_class=\u00bbopis-bez-poizvoda\u00bb][vc_column][vc_row_inner][vc_column_inner][vc_column_text]<\/p>\n<h5>    <span class=\"eltdf-icon-shortcode normal    eltdf-icon-extrasmall\"  data-color=\"#27a22d\">\n        <span class=\"eltdf-icon-bckg-holder\" ><\/span>\n                    <i class=\"eltdf-icon-font-awesome fa fa fa-heartbeat eltdf-icon-element\" style=\"color: #27a22d\" ><\/i>                    <\/span>\n \u00a0 Caracter\u00edsticas terap\u00e9uticas<\/h5>\n<p>[\/vc_column_text][vc_column_text css=\u00bb.vc_custom_1544543303970{margin-left: 40px !important;}\u00bb]Gracias a la concentraci\u00f3n de la cera y miel (del algarrobo, en particular), es excelente contra la bronquitis y dolencias bronquiales. Se utiliza para prevenir la alergia al polen, incrementa la secreci\u00f3n de la saliva y jugos estomacales, protege enc\u00edas y quita el sarro y otras capas de los dientes.[\/vc_column_text][\/vc_column_inner][\/vc_row_inner][vc_row_inner][vc_column_inner][vc_column_text]<\/p>\n<h5>    <span class=\"eltdf-icon-shortcode normal    eltdf-icon-extrasmall\"  data-color=\"#27a22d\">\n        <span class=\"eltdf-icon-bckg-holder\" ><\/span>\n                    <i class=\"eltdf-icon-font-awesome fa fa fa-cutlery eltdf-icon-element\" style=\"color: #27a22d\" ><\/i>                    <\/span>\n \u00a0 Recomendaci\u00f3n<\/h5>\n<p>[\/vc_column_text][vc_column_text css=\u00bb.vc_custom_1544427766492{margin-left: 40px !important;}\u00bb]Se recomienda masticar entre 20 y 30 gramos al d\u00eda de la miel en panal. Masticarla hasta que la cera obtenga el color blanco y despu\u00e9s escupirla. [\/vc_column_text][\/vc_column_inner][\/vc_row_inner][vc_row_inner][vc_column_inner][vc_column_text]<\/p>\n<h5>    <span class=\"eltdf-icon-shortcode normal    eltdf-icon-extrasmall\"  data-color=\"#27a22d\">\n        <span class=\"eltdf-icon-bckg-holder\" ><\/span>\n                    <i class=\"eltdf-icon-font-awesome fa fa fa-archive eltdf-icon-element\" style=\"color: #27a22d\" ><\/i>                    <\/span>\n \u00a0 Conservaci\u00f3n<\/h5>\n<p>[\/vc_column_text][vc_column_text css=\u00bb.vc_custom_1544427793155{margin-left: 40px !important;}\u00bb]Mantener a temperatura ambiente, protegido de la luz.[\/vc_column_text][\/vc_column_inner][\/vc_row_inner][vc_row_inner][vc_column_inner][vc_column_text]<\/p>\n<h5>    <span class=\"eltdf-icon-shortcode normal    eltdf-icon-extrasmall\"  data-color=\"#27a22d\">\n        <span class=\"eltdf-icon-bckg-holder\" ><\/span>\n                    <i class=\"eltdf-icon-font-awesome fa fa fa-exclamation-circle eltdf-icon-element\" style=\"color: #27a22d\" ><\/i>                    <\/span>\n \u00a0 Precauciones<\/h5>\n<p>[\/vc_column_text][vc_column_text css=\u00bb.vc_custom_1544427821759{margin-left: 40px !important;}\u00bb]La cristalizaci\u00f3n es el proceso natural de la miel en el panal. No pierde ninguna propiedad sanativa en la forma de cristal por lo cual se puede utilizar sin tratamiento t\u00e9rmico.[\/vc_column_text][\/vc_column_inner][\/vc_row_inner][\/vc_column][\/vc_row][vc_row css=\u00bb.vc_custom_1542796378918{margin-top: 50px !important;padding-bottom: 40px !important;}\u00bb][vc_column]<div class=\"eltdf-section-title-holder  \" >\n\t<div class=\"eltdf-st-inner\">\n\t\t\t\t\t\t\t<h6 class=\"eltdf-st-text\" style=\"color: #23a130;font-size: 30px\">\n\t\t\t\tPRODUCTOS RELACIONADOS ...\t\t\t<\/h6>\n\t\t\t<\/div>\n<\/div>[\/vc_column][\/vc_row][vc_row][vc_column width=\u00bb1\/4&#8243;][vc_single_image image=\u00bb4574&#8243; img_size=\u00bbfull\u00bb alignment=\u00bbcenter\u00bb style=\u00bbvc_box_rounded\u00bb onclick=\u00bbcustom_link\u00bb link=\u00bb\/es\/shop\/panal-en-la-miel-1kg-med-honey\/\u00bb][vc_custom_heading text=\u00bbPANAL EN LA MIEL\u00bb font_container=\u00bbtag:p|font_size:20px|text_align:center|color:%23000000&#8243; google_fonts=\u00bbfont_family:Marcellus%3Aregular|font_style:400%20regular%3A400%3Anormal\u00bb link=\u00bburl:%2Fes%2fshop%2fpanal-en-la-miel-1kg-med-honey%2F|||\u00bb][vc_column_text]<\/p>\n<hr style=\"border: 0; height: 1px; background-image: linear-gradient(to right, rgba(0, 0, 0, 0), rgba(39, 162, 45, 0.75), rgba(0, 0, 0, 0));\" \/>\n<p>[\/vc_column_text][vc_custom_heading text=\u00bbCantidad neta: <strong>1kg<\/strong>\u00bb font_container=\u00bbtag:p|font_size:14px|text_align:center|color:%2327a22d\u00bb use_theme_fonts=\u00bbyes\u00bb][vc_btn title=\u00bb<strong>M\u00c1S DETALLADO<\/strong>\u00bb style=\u00bbgradient-custom\u00bb gradient_custom_color_1=\u00bb#1e73be\u00bb gradient_custom_color_2=\u00bb#00a9e4&#8243; shape=\u00bbround\u00bb size=\u00bbxs\u00bb align=\u00bbcenter\u00bb link=\u00bburl:%2Fes%2fshop%2fpanal-en-la-miel-1kg-med-honey%2F|||\u00bb][\/vc_column][vc_column width=\u00bb1\/4&#8243;][vc_single_image image=\u00bb4575&#8243; img_size=\u00bbfull\u00bb alignment=\u00bbcenter\u00bb style=\u00bbvc_box_rounded\u00bb onclick=\u00bbcustom_link\u00bb link=\u00bb\/es\/shop\/panal-en-la-miel-500g-med-honey\/\u00bb][vc_custom_heading text=\u00bbPANAL EN LA MIEL\u00bb font_container=\u00bbtag:p|font_size:20px|text_align:center|color:%23000000&#8243; google_fonts=\u00bbfont_family:Marcellus%3Aregular|font_style:400%20regular%3A400%3Anormal\u00bb link=\u00bburl:%2Fes%2fshop%2fpanal-en-la-miel-500g-med-honey%2F|||\u00bb][vc_column_text]<\/p>\n<hr style=\"border: 0; height: 1px; background-image: linear-gradient(to right, rgba(0, 0, 0, 0), rgba(39, 162, 45, 0.75), rgba(0, 0, 0, 0));\" \/>\n<p>[\/vc_column_text][vc_custom_heading text=\u00bbCantidad neta: <strong>0,5kg<\/strong>\u00bb font_container=\u00bbtag:p|font_size:14px|text_align:center|color:%2327a22d\u00bb use_theme_fonts=\u00bbyes\u00bb][vc_btn title=\u00bb<strong>M\u00c1S DETALLADO<\/strong>\u00bb style=\u00bbgradient-custom\u00bb gradient_custom_color_1=\u00bb#1e73be\u00bb gradient_custom_color_2=\u00bb#00a9e4&#8243; shape=\u00bbround\u00bb size=\u00bbxs\u00bb align=\u00bbcenter\u00bb link=\u00bburl:%2Fes%2fshop%2fpanal-en-la-miel-500g-med-honey%2F|||\u00bb][\/vc_column][vc_column width=\u00bb1\/4&#8243;][vc_single_image image=\u00bb4552&#8243; img_size=\u00bbfull\u00bb alignment=\u00bbcenter\u00bb style=\u00bbvc_box_rounded\u00bb onclick=\u00bbcustom_link\u00bb link=\u00bb\/es\/shop\/panal-en-la-miel-1kg-bear\/\u00bb][vc_custom_heading text=\u00bbPANAL EN LA MIEL\u00bb font_container=\u00bbtag:p|font_size:20px|text_align:center|color:%23000000&#8243; google_fonts=\u00bbfont_family:Marcellus%3Aregular|font_style:400%20regular%3A400%3Anormal\u00bb link=\u00bburl:%2Fes%2fshop%2fpanal-en-la-miel-1kg-bear%2F|||\u00bb][vc_column_text]<\/p>\n<hr style=\"border: 0; height: 1px; background-image: linear-gradient(to right, rgba(0, 0, 0, 0), rgba(39, 162, 45, 0.75), rgba(0, 0, 0, 0));\" \/>\n<p>[\/vc_column_text][vc_custom_heading text=\u00bbCantidad neta: <strong>1kg<\/strong>\u00bb font_container=\u00bbtag:p|font_size:14px|text_align:center|color:%2327a22d\u00bb use_theme_fonts=\u00bbyes\u00bb][vc_btn title=\u00bb<strong>M\u00c1S DETALLADO<\/strong>\u00bb style=\u00bbgradient-custom\u00bb gradient_custom_color_1=\u00bb#1e73be\u00bb gradient_custom_color_2=\u00bb#00a9e4&#8243; shape=\u00bbround\u00bb size=\u00bbxs\u00bb align=\u00bbcenter\u00bb link=\u00bburl:%2Fes%2fshop%2fpanal-en-la-miel-1kg-bear%2F|||\u00bb][\/vc_column][vc_column width=\u00bb1\/4&#8243;][vc_single_image image=\u00bb4553&#8243; img_size=\u00bbfull\u00bb alignment=\u00bbcenter\u00bb style=\u00bbvc_box_rounded\u00bb onclick=\u00bbcustom_link\u00bb link=\u00bb\/es\/shop\/panal-en-la-miel-500g-bear\/\u00bb][vc_custom_heading text=\u00bbPANAL EN LA MIEL\u00bb font_container=\u00bbtag:p|font_size:20px|text_align:center|color:%23000000&#8243; google_fonts=\u00bbfont_family:Marcellus%3Aregular|font_style:400%20regular%3A400%3Anormal\u00bb link=\u00bburl:%2Fes%2fshop%2fpanal-en-la-miel-500g-bear%2F|||\u00bb][vc_column_text]<\/p>\n<hr style=\"border: 0; height: 1px; background-image: linear-gradient(to right, rgba(0, 0, 0, 0), rgba(39, 162, 45, 0.75), rgba(0, 0, 0, 0));\" \/>\n<p>[\/vc_column_text][vc_custom_heading text=\u00bbCantidad neta: <strong>0,5kg<\/strong>\u00bb font_container=\u00bbtag:p|font_size:14px|text_align:center|color:%2327a22d\u00bb use_theme_fonts=\u00bbyes\u00bb][vc_btn title=\u00bb<strong>M\u00c1S DETALLADO<\/strong>\u00bb style=\u00bbgradient-custom\u00bb gradient_custom_color_1=\u00bb#1e73be\u00bb gradient_custom_color_2=\u00bb#00a9e4&#8243; shape=\u00bbround\u00bb size=\u00bbxs\u00bb align=\u00bbcenter\u00bb link=\u00bburl:%2Fes%2fshop%2fpanal-en-la-miel-500g-bear%2F|||\u00bb][\/vc_column][\/vc_row][vc_row][vc_column][vc_btn title=\u00bbVOLVER ARRIBA\u00bb style=\u00bboutline-custom\u00bb outline_custom_color=\u00bb#f4e4c4&#8243; outline_custom_hover_background=\u00bb#f4e4c4&#8243; outline_custom_hover_text=\u00bb#ffffff\u00bb size=\u00bbsm\u00bb align=\u00bbcenter\u00bb i_align=\u00bbright\u00bb i_icon_fontawesome=\u00bbfa fa-angle-up\u00bb add_icon=\u00bbtrue\u00bb custom_onclick=\u00bbtrue\u00bb custom_onclick_code=\u00bb$(&#8216;html,body&#8217;).animate({ scrollTop: $(\u00abbody\u00ab).offset().top &#8211; 100}, &#8216;slow&#8217;);\u00bb el_class=\u00bbpovratak-gore\u00bb][\/vc_column][\/vc_row]<\/p>\n<\/div>","protected":false},"excerpt":{"rendered":"<p>Panal con la miel es la miel con el embalaje natural, podr\u00edamos decir m\u00e1s sano, hecho de la cera de abeja. El color de la miel var\u00eda entre amarrillo claro y matices oscuros, lo cual depende del tipo de miel y de las condiciones clim\u00e1ticas de la producci\u00f3n de la miel por parte de las abejas. La cera de abeja es rica y libre de \u00e1cidos grasos, pr\u00f3polis, aceites et\u00e9reos, vitaminas y otras sustancias sanas.<\/p>\n","protected":false},"featured_media":6126,"template":"","meta":{"rank_math_lock_modified_date":false},"product_cat":[138],"product_tag":[],"class_list":{"0":"post-3580","1":"product","2":"type-product","3":"status-publish","4":"has-post-thumbnail","6":"product_cat-med-honey","8":"first","9":"instock","10":"shipping-taxable","11":"purchasable","12":"product-type-simple"},"_links":{"self":[{"href":"https:\/\/med-honey.com\/es\/wp-json\/wp\/v2\/product\/3580","targetHints":{"allow":["GET"]}}],"collection":[{"href":"https:\/\/med-honey.com\/es\/wp-json\/wp\/v2\/product"}],"about":[{"href":"https:\/\/med-honey.com\/es\/wp-json\/wp\/v2\/types\/product"}],"wp:featuredmedia":[{"embeddable":true,"href":"https:\/\/med-honey.com\/es\/wp-json\/wp\/v2\/media\/6126"}],"wp:attachment":[{"href":"https:\/\/med-honey.com\/es\/wp-json\/wp\/v2\/media?parent=3580"}],"wp:term":[{"taxonomy":"product_cat","embeddable":true,"href":"https:\/\/med-honey.com\/es\/wp-json\/wp\/v2\/product_cat?post=3580"},{"taxonomy":"product_tag","embeddable":true,"href":"https:\/\/med-honey.com\/es\/wp-json\/wp\/v2\/product_tag?post=3580"}],"curies":[{"name":"wp","href":"https:\/\/api.w.org\/{rel}","templated":true}]}}