{"id":3587,"date":"2018-10-10T14:43:07","date_gmt":"2018-10-10T12:43:07","guid":{"rendered":"https:\/\/med-honey.com\/?post_type=product&#038;p=3587"},"modified":"2019-05-29T12:22:37","modified_gmt":"2019-05-29T10:22:37","slug":"diet-med","status":"publish","type":"product","link":"https:\/\/med-honey.com\/es\/shop\/diet-med\/","title":{"rendered":"DIET-MED"},"content":{"rendered":"<div class=\"wpb-content-wrapper\"><p>[vc_row el_class=\u00bbopis-bez-poizvoda\u00bb][vc_column][vc_row_inner][vc_column_inner][vc_column_text]<\/p>\n<h5>    <span class=\"eltdf-icon-shortcode normal    eltdf-icon-extrasmall\"  data-color=\"#27a22d\">\n        <span class=\"eltdf-icon-bckg-holder\" ><\/span>\n                    <i class=\"eltdf-icon-font-awesome fa fa fa-list eltdf-icon-element\" style=\"color: #27a22d\" ><\/i>                    <\/span>\n \u00a0 Ingredients<\/h5>\n<p>[\/vc_column_text][vc_column_text css=\u00bb.vc_custom_1544537859546{margin-left: 40px !important;}\u00bb]Fructosa al 55%, soluci\u00f3n acuosa de sorbitol al 40% y miel al 5%.[\/vc_column_text][\/vc_column_inner][\/vc_row_inner][vc_row_inner][vc_column_inner][vc_column_text]<\/p>\n<h5>    <span class=\"eltdf-icon-shortcode normal    eltdf-icon-extrasmall\"  data-color=\"#27a22d\">\n        <span class=\"eltdf-icon-bckg-holder\" ><\/span>\n                    <i class=\"eltdf-icon-font-awesome fa fa fa-cutlery eltdf-icon-element\" style=\"color: #27a22d\" ><\/i>                    <\/span>\n \u00a0 Modo de empleo<\/h5>\n<p>[\/vc_column_text][vc_column_text css=\u00bb.vc_custom_1544537895440{margin-left: 40px !important;}\u00bb]La dosis diaria recomendada es 60g, la que hay que dividir en varias comidas.[\/vc_column_text][\/vc_column_inner][\/vc_row_inner][vc_row_inner][vc_column_inner][vc_column_text]<\/p>\n<h5>    <span class=\"eltdf-icon-shortcode normal    eltdf-icon-extrasmall\"  data-color=\"#27a22d\">\n        <span class=\"eltdf-icon-bckg-holder\" ><\/span>\n                    <i class=\"eltdf-icon-font-awesome fa fa fa-exclamation-circle eltdf-icon-element\" style=\"color: #27a22d\" ><\/i>                    <\/span>\n \u00a0 Precauciones<\/h5>\n<p>[\/vc_column_text][vc_column_text css=\u00bb.vc_custom_1544537921143{margin-left: 40px !important;}\u00bb]En los casos m\u00e1s graves hay que consultar al m\u00e9dico, por la presencia de una peque\u00f1a dosis de glucosa en la miel. El uso excesivo puede causar un efecto laxante. Mantener fuera del alcance de los ni\u00f1os.[\/vc_column_text][\/vc_column_inner][\/vc_row_inner][vc_row_inner][vc_column_inner][vc_column_text]<\/p>\n<h5>    <span class=\"eltdf-icon-shortcode normal    eltdf-icon-extrasmall\"  data-color=\"#27a22d\">\n        <span class=\"eltdf-icon-bckg-holder\" ><\/span>\n                    <i class=\"eltdf-icon-font-awesome fa fa fa-archive eltdf-icon-element\" style=\"color: #27a22d\" ><\/i>                    <\/span>\n \u00a0 Modo de mantenimiento<\/h5>\n<p>[\/vc_column_text][vc_column_text css=\u00bb.vc_custom_1544537950992{margin-left: 40px !important;}\u00bb]A temperatura ambiental.[\/vc_column_text][\/vc_column_inner][\/vc_row_inner][vc_row_inner][vc_column_inner][vc_column_text]<\/p>\n<h5>    <span class=\"eltdf-icon-shortcode normal    eltdf-icon-extrasmall\"  data-color=\"#27a22d\">\n        <span class=\"eltdf-icon-bckg-holder\" ><\/span>\n                    <i class=\"eltdf-icon-font-awesome fa fa fa-calendar eltdf-icon-element\" style=\"color: #27a22d\" ><\/i>                    <\/span>\n \u00a0 Fecha de vencimiento<\/h5>\n<p>[\/vc_column_text][vc_column_text css=\u00bb.vc_custom_1544537980259{margin-left: 40px !important;}\u00bb]No limitado[\/vc_column_text][\/vc_column_inner][\/vc_row_inner][vc_row_inner][vc_column_inner][vc_column_text]<\/p>\n<h5>    <span class=\"eltdf-icon-shortcode normal    eltdf-icon-extrasmall\"  data-color=\"#27a22d\">\n        <span class=\"eltdf-icon-bckg-holder\" ><\/span>\n                    <i class=\"eltdf-icon-font-awesome fa fa fa-database eltdf-icon-element\" style=\"color: #27a22d\" ><\/i>                    <\/span>\n \u00a0 Contenido<\/h5>\n<p>[\/vc_column_text][vc_column_text css=\u00bb.vc_custom_1542040004080{margin-left: 40px !important;}\u00bb]0,5 kg[\/vc_column_text][\/vc_column_inner][\/vc_row_inner][\/vc_column][\/vc_row][vc_row css=\u00bb.vc_custom_1542796382888{margin-top: 50px !important;padding-bottom: 40px !important;}\u00bb][vc_column]<div class=\"eltdf-section-title-holder  \" >\n\t<div class=\"eltdf-st-inner\">\n\t\t\t\t\t\t\t<h6 class=\"eltdf-st-text\" style=\"color: #23a130;font-size: 30px\">\n\t\t\t\tPRODUCTOS RELACIONADOS ...\t\t\t<\/h6>\n\t\t\t<\/div>\n<\/div>[\/vc_column][\/vc_row][vc_row][vc_column width=\u00bb1\/4&#8243;][vc_single_image image=\u00bb4577&#8243; img_size=\u00bbfull\u00bb alignment=\u00bbcenter\u00bb style=\u00bbvc_box_rounded\u00bb onclick=\u00bbcustom_link\u00bb link=\u00bb\/es\/shop\/jalea-real-para-ninos-med-honey\/\u00bb][vc_custom_heading text=\u00bbJALEA REAL PARA NI\u00d1OS 250g\u00bb font_container=\u00bbtag:p|font_size:20px|text_align:center|color:%23000000&#8243; google_fonts=\u00bbfont_family:Marcellus%3Aregular|font_style:400%20regular%3A400%3Anormal\u00bb link=\u00bburl:%2Fes%2fshop%2fjalea-real-para-ninos-med-honey%2F|||\u00bb][vc_column_text]<\/p>\n<hr style=\"border: 0; height: 1px; background-image: linear-gradient(to right, rgba(0, 0, 0, 0), rgba(39, 162, 45, 0.75), rgba(0, 0, 0, 0));\" \/>\n<p>[\/vc_column_text][vc_custom_heading text=\u00bbCantidad neta: <strong>600 din.<\/strong>\u00bb font_container=\u00bbtag:p|font_size:14px|text_align:center|color:%2327a22d\u00bb use_theme_fonts=\u00bbyes\u00bb][vc_btn title=\u00bb<strong>M\u00c1S DETALLADO<\/strong>\u00bb style=\u00bbgradient-custom\u00bb gradient_custom_color_1=\u00bb#1e73be\u00bb gradient_custom_color_2=\u00bb#00a9e4&#8243; shape=\u00bbround\u00bb size=\u00bbxs\u00bb align=\u00bbcenter\u00bb link=\u00bburl:%2Fes%2fshop%2fjalea-real-para-ninos-med-honey%2F|||\u00bb][\/vc_column][vc_column width=\u00bb1\/4&#8243;][vc_single_image image=\u00bb4580&#8243; img_size=\u00bbfull\u00bb alignment=\u00bbcenter\u00bb style=\u00bbvc_box_rounded\u00bb onclick=\u00bbcustom_link\u00bb link=\u00bb\/es\/shop\/jalea-real-para-adultos-med-honey\/\u00bb][vc_custom_heading text=\u00bbJALEA REAL PARA ADULTOS 250g\u00bb font_container=\u00bbtag:p|font_size:20px|text_align:center|color:%23000000&#8243; google_fonts=\u00bbfont_family:Marcellus%3Aregular|font_style:400%20regular%3A400%3Anormal\u00bb link=\u00bburl:%2Fes%2fshop%2fjalea-real-para-adultos-med-honey%2F|||\u00bb][vc_column_text]<\/p>\n<hr style=\"border: 0; height: 1px; background-image: linear-gradient(to right, rgba(0, 0, 0, 0), rgba(39, 162, 45, 0.75), rgba(0, 0, 0, 0));\" \/>\n<p>[\/vc_column_text][vc_custom_heading text=\u00bbCantidad neta: <strong>700 din.<\/strong>\u00bb font_container=\u00bbtag:p|font_size:14px|text_align:center|color:%2327a22d\u00bb use_theme_fonts=\u00bbyes\u00bb][vc_btn title=\u00bb<strong>M\u00c1S DETALLADO<\/strong>\u00bb style=\u00bbgradient-custom\u00bb gradient_custom_color_1=\u00bb#1e73be\u00bb gradient_custom_color_2=\u00bb#00a9e4&#8243; shape=\u00bbround\u00bb size=\u00bbxs\u00bb align=\u00bbcenter\u00bb link=\u00bburl:%2Fes%2fshop%2fjalea-real-para-adultos-med-honey%2F|||\u00bb][\/vc_column][vc_column width=\u00bb1\/4&#8243;][vc_single_image image=\u00bb4554&#8243; img_size=\u00bbfull\u00bb alignment=\u00bbcenter\u00bb style=\u00bbvc_box_rounded\u00bb onclick=\u00bbcustom_link\u00bb link=\u00bb\/es\/shop\/jalea-real-bear\/\u00bb][vc_custom_heading text=\u00bbJALEA REAL<br \/>\n0,5kg\u00bb font_container=\u00bbtag:p|font_size:20px|text_align:center|color:%23000000&#8243; google_fonts=\u00bbfont_family:Marcellus%3Aregular|font_style:400%20regular%3A400%3Anormal\u00bb link=\u00bburl:%2Fes%2fshop%2fmlec%2F|||\u00bb][vc_column_text]<\/p>\n<hr style=\"border: 0; height: 1px; background-image: linear-gradient(to right, rgba(0, 0, 0, 0), rgba(39, 162, 45, 0.75), rgba(0, 0, 0, 0));\" \/>\n<p>[\/vc_column_text][vc_custom_heading text=\u00bbCantidad neta: <strong>600 din.<\/strong>\u00bb font_container=\u00bbtag:p|font_size:14px|text_align:center|color:%2327a22d\u00bb use_theme_fonts=\u00bbyes\u00bb][vc_btn title=\u00bb<strong>M\u00c1S DETALLADO<\/strong>\u00bb style=\u00bbgradient-custom\u00bb gradient_custom_color_1=\u00bb#1e73be\u00bb gradient_custom_color_2=\u00bb#00a9e4&#8243; shape=\u00bbround\u00bb size=\u00bbxs\u00bb align=\u00bbcenter\u00bb link=\u00bburl:%2Fes%2fshop%2fmlec%2F|||\u00bb][\/vc_column][vc_column width=\u00bb1\/4&#8243;][vc_single_image image=\u00bb4555&#8243; img_size=\u00bbfull\u00bb alignment=\u00bbcenter\u00bb style=\u00bbvc_box_rounded\u00bb onclick=\u00bbcustom_link\u00bb link=\u00bb\/es\/shop\/jalea-real-con-polen-bear\/\u00bb][vc_custom_heading text=\u00bbJALEA REAL CON POLEN 0,5kg\u00bb font_container=\u00bbtag:p|font_size:20px|text_align:center|color:%23000000&#8243; google_fonts=\u00bbfont_family:Marcellus%3Aregular|font_style:400%20regular%3A400%3Anormal\u00bb link=\u00bburl:%2Fes%2fshop%2fmlec-with-pollen%2F|||\u00bb][vc_column_text]<\/p>\n<hr style=\"border: 0; height: 1px; background-image: linear-gradient(to right, rgba(0, 0, 0, 0), rgba(39, 162, 45, 0.75), rgba(0, 0, 0, 0));\" \/>\n<p>[\/vc_column_text][vc_custom_heading text=\u00bbCantidad neta: <strong>700 din.<\/strong>\u00bb font_container=\u00bbtag:p|font_size:14px|text_align:center|color:%2327a22d\u00bb use_theme_fonts=\u00bbyes\u00bb][vc_btn title=\u00bb<strong>M\u00c1S DETALLADO<\/strong>\u00bb style=\u00bbgradient-custom\u00bb gradient_custom_color_1=\u00bb#1e73be\u00bb gradient_custom_color_2=\u00bb#00a9e4&#8243; shape=\u00bbround\u00bb size=\u00bbxs\u00bb align=\u00bbcenter\u00bb link=\u00bburl:%2Fes%2fshop%2fmlec-with-pollen%2F|||\u00bb][\/vc_column][\/vc_row][vc_row][vc_column][vc_btn title=\u00bbVOLVER ARRIBA\u00bb style=\u00bboutline-custom\u00bb outline_custom_color=\u00bb#f4e4c4&#8243; outline_custom_hover_background=\u00bb#f4e4c4&#8243; outline_custom_hover_text=\u00bb#ffffff\u00bb size=\u00bbsm\u00bb align=\u00bbcenter\u00bb i_align=\u00bbright\u00bb i_icon_fontawesome=\u00bbfa fa-angle-up\u00bb add_icon=\u00bbtrue\u00bb custom_onclick=\u00bbtrue\u00bb custom_onclick_code=\u00bb$(&#8216;html,body&#8217;).animate({ scrollTop: $(\u00abbody\u00ab).offset().top &#8211; 100}, &#8216;slow&#8217;);\u00bb el_class=\u00bbpovratak-gore\u00bb][\/vc_column][\/vc_row]<\/p>\n<\/div>","protected":false},"excerpt":{"rendered":"<p>Estimados consumidores, ofrecemos el producto DIET-MED al mercado debido a las frecuentes llamadas de los diab\u00e9ticos que preguntas si pueden utilizar la miel en la dieta. La glucosa est\u00e1 representada en la miel por aproximadamente 35%, as\u00ed que no es recomendable para su dieta. DIET-MED tiene un valor reducido de glucosa, mayor cantidad de az\u00facar permitida, fructosa y est\u00e1 enriquecido con la miel por su composici\u00f3n qu\u00edmica diversificada y rica. Los diab\u00e9ticos pueden usar DIET-MED en su dieta como edulcorante (gracias a sus componentes que no requieren insulina en el proceso de metabolismo).<\/p>\n","protected":false},"featured_media":4657,"template":"","meta":{"rank_math_lock_modified_date":false},"product_cat":[138],"product_tag":[],"class_list":{"0":"post-3587","1":"product","2":"type-product","3":"status-publish","4":"has-post-thumbnail","6":"product_cat-med-honey","8":"first","9":"instock","10":"shipping-taxable","11":"purchasable","12":"product-type-simple"},"_links":{"self":[{"href":"https:\/\/med-honey.com\/es\/wp-json\/wp\/v2\/product\/3587","targetHints":{"allow":["GET"]}}],"collection":[{"href":"https:\/\/med-honey.com\/es\/wp-json\/wp\/v2\/product"}],"about":[{"href":"https:\/\/med-honey.com\/es\/wp-json\/wp\/v2\/types\/product"}],"wp:featuredmedia":[{"embeddable":true,"href":"https:\/\/med-honey.com\/es\/wp-json\/wp\/v2\/media\/4657"}],"wp:attachment":[{"href":"https:\/\/med-honey.com\/es\/wp-json\/wp\/v2\/media?parent=3587"}],"wp:term":[{"taxonomy":"product_cat","embeddable":true,"href":"https:\/\/med-honey.com\/es\/wp-json\/wp\/v2\/product_cat?post=3587"},{"taxonomy":"product_tag","embeddable":true,"href":"https:\/\/med-honey.com\/es\/wp-json\/wp\/v2\/product_tag?post=3587"}],"curies":[{"name":"wp","href":"https:\/\/api.w.org\/{rel}","templated":true}]}}