{"id":4177,"date":"2018-11-07T14:40:05","date_gmt":"2018-11-07T13:40:05","guid":{"rendered":"https:\/\/med-honey.com\/?post_type=product&#038;p=4177"},"modified":"2019-05-29T12:22:28","modified_gmt":"2019-05-29T10:22:28","slug":"miel-de-flores-home-made-1kg","status":"publish","type":"product","link":"https:\/\/med-honey.com\/es\/shop\/miel-de-flores-home-made-1kg\/","title":{"rendered":"MIEL DE FLORES 1kg"},"content":{"rendered":"<div class=\"wpb-content-wrapper\"><p>[vc_row el_class=\u00bbopis-bez-poizvoda\u00bb][vc_column][vc_row_inner][vc_column_inner][vc_column_text]<\/p>\n<h5>    <span class=\"eltdf-icon-shortcode normal    eltdf-icon-extrasmall\"  data-color=\"#27a22d\">\n        <span class=\"eltdf-icon-bckg-holder\" ><\/span>\n                    <i class=\"eltdf-icon-font-awesome fa fa fa-heartbeat eltdf-icon-element\" style=\"color: #27a22d\" ><\/i>                    <\/span>\n \u00a0 Caracter\u00edsticas terap\u00e9uticas<\/h5>\n<p>[\/vc_column_text][vc_column_text css=\u00bb.vc_custom_1542039981020{margin-left: 40px !important;}\u00bb]Gracias a su composici\u00f3n diversa y rica, la miel de flores se utiliza desde tiempos remotos en la medicina tradicional como el medicamento adicional. La medicina oficial reconoci\u00f3 su car\u00e1cter terap\u00e9utico y comprob\u00f3 que la miel tiene un uso beneficioso para los desarreglos gastrointestinales, pulmonares y nefr\u00edticos, pero sobre todo para las enfermedades coronarias y cardiovasculares. La miel de flores es eficaz para la gente que necesita recuperaci\u00f3n y energ\u00eda extra.[\/vc_column_text][\/vc_column_inner][\/vc_row_inner][vc_row_inner][vc_column_inner][vc_column_text]<\/p>\n<h5>    <span class=\"eltdf-icon-shortcode normal    eltdf-icon-extrasmall\"  data-color=\"#27a22d\">\n        <span class=\"eltdf-icon-bckg-holder\" ><\/span>\n                    <i class=\"eltdf-icon-font-awesome fa fa fa-cutlery eltdf-icon-element\" style=\"color: #27a22d\" ><\/i>                    <\/span>\n \u00a0 Recomendaci\u00f3n<\/h5>\n<p>[\/vc_column_text][vc_column_text css=\u00bb.vc_custom_1542039987928{margin-left: 40px !important;}\u00bb]La miel de flores se deber\u00eda utilizar cada ma\u00f1ana, una cucharada antes del desayuno (si es necesario, y m\u00e1s) o diluida en el agua, leche o t\u00e9 tibio, o mucho mejor en el vinagre de la manzana. [\/vc_column_text][\/vc_column_inner][\/vc_row_inner][vc_row_inner][vc_column_inner][vc_column_text]<\/p>\n<h5>    <span class=\"eltdf-icon-shortcode normal    eltdf-icon-extrasmall\"  data-color=\"#27a22d\">\n        <span class=\"eltdf-icon-bckg-holder\" ><\/span>\n                    <i class=\"eltdf-icon-font-awesome fa fa fa-archive eltdf-icon-element\" style=\"color: #27a22d\" ><\/i>                    <\/span>\n \u00a0 Conservaci\u00f3n<\/h5>\n<p>[\/vc_column_text][\/vc_column_inner][\/vc_row_inner][vc_column_text css=\u00bb.vc_custom_1542039996958{margin-left: 40px !important;}\u00bb]Mantener a temperatura ambiente, protegido de la luz.[\/vc_column_text][vc_row_inner][vc_column_inner][vc_column_text]<\/p>\n<h5>    <span class=\"eltdf-icon-shortcode normal    eltdf-icon-extrasmall\"  data-color=\"#27a22d\">\n        <span class=\"eltdf-icon-bckg-holder\" ><\/span>\n                    <i class=\"eltdf-icon-font-awesome fa fa fa-exclamation-circle eltdf-icon-element\" style=\"color: #27a22d\" ><\/i>                    <\/span>\n \u00a0 Precauciones<\/h5>\n<p>[\/vc_column_text][\/vc_column_inner][\/vc_row_inner][vc_column_text css=\u00bb.vc_custom_1542040004080{margin-left: 40px !important;}\u00bb]La cristalizaci\u00f3n es el proceso natural de la miel. La miel cristalizada se diluye poniendo el frasco con la miel en una vasija con el agua que se calienta hasta la temperatura de 50 grados cent\u00edgrados que no se debe pasar para que la miel conserve sus propiedades sanativas.[\/vc_column_text][\/vc_column][\/vc_row][vc_row css=\u00bb.vc_custom_1542796369323{margin-top: 50px !important;padding-bottom: 40px !important;}\u00bb][vc_column]<div class=\"eltdf-section-title-holder  \" >\n\t<div class=\"eltdf-st-inner\">\n\t\t\t\t\t\t\t<h6 class=\"eltdf-st-text\" style=\"color: #23a130;font-size: 30px\">\n\t\t\t\tPRODUCTOS RELACIONADOS ...\t\t\t<\/h6>\n\t\t\t<\/div>\n<\/div>[\/vc_column][\/vc_row][vc_row][vc_column width=\u00bb1\/4&#8243;][vc_single_image image=\u00bb6043&#8243; img_size=\u00bbfull\u00bb alignment=\u00bbcenter\u00bb style=\u00bbvc_box_rounded\u00bb onclick=\u00bbcustom_link\u00bb link=\u00bb\/es\/shop\/miel-de-flores-1kg-med-honey\/\u00bb][vc_custom_heading text=\u00bbMIEL DE FLORES\u00bb font_container=\u00bbtag:p|font_size:20px|text_align:center|color:%23000000&#8243; google_fonts=\u00bbfont_family:Marcellus%3Aregular|font_style:400%20regular%3A400%3Anormal\u00bb link=\u00bburl:%2Fes%2fshop%2fmiel-de-flores-1kg-med-honey%2F|||\u00bb][vc_column_text]<\/p>\n<hr style=\"border: 0; height: 1px; background-image: linear-gradient(to right, rgba(0, 0, 0, 0), rgba(39, 162, 45, 0.75), rgba(0, 0, 0, 0));\" \/>\n<p>[\/vc_column_text][vc_custom_heading text=\u00bbCantidad neta: <strong>1kg<\/strong>\u00bb font_container=\u00bbtag:p|font_size:14px|text_align:center|color:%2327a22d\u00bb use_theme_fonts=\u00bbyes\u00bb el_class=\u00bbakcijski-proizvodi\u00bb][vc_btn title=\u00bb<strong>M\u00c1S DETALLADO<\/strong>\u00bb style=\u00bbgradient-custom\u00bb gradient_custom_color_1=\u00bb#1e73be\u00bb gradient_custom_color_2=\u00bb#00a9e4&#8243; shape=\u00bbround\u00bb size=\u00bbxs\u00bb align=\u00bbcenter\u00bb link=\u00bburl:%2Fes%2fshop%2fmiel-de-flores-1kg-med-honey%2F|||\u00bb][\/vc_column][vc_column width=\u00bb1\/4&#8243;][vc_single_image image=\u00bb6048&#8243; img_size=\u00bbfull\u00bb alignment=\u00bbcenter\u00bb style=\u00bbvc_box_rounded\u00bb onclick=\u00bbcustom_link\u00bb link=\u00bb\/es\/shop\/miel-de-flores-700g-extra-quality\/\u00bb][vc_custom_heading text=\u00bbMIEL DE FLORES\u00bb font_container=\u00bbtag:p|font_size:20px|text_align:center|color:%23000000&#8243; google_fonts=\u00bbfont_family:Marcellus%3Aregular|font_style:400%20regular%3A400%3Anormal\u00bb link=\u00bburl:%2Fes%2fshop%2fmiel-de-flores-700g-extra-quality%2F|||\u00bb][vc_column_text]<\/p>\n<hr style=\"border: 0; height: 1px; background-image: linear-gradient(to right, rgba(0, 0, 0, 0), rgba(39, 162, 45, 0.75), rgba(0, 0, 0, 0));\" \/>\n<p>[\/vc_column_text][vc_custom_heading text=\u00bbCantidad neta: <strong>700g<\/strong>\u00bb font_container=\u00bbtag:p|font_size:14px|text_align:center|color:%2327a22d\u00bb use_theme_fonts=\u00bbyes\u00bb el_class=\u00bbakcijski-proizvodi\u00bb][vc_btn title=\u00bb<strong>M\u00c1S DETALLADO<\/strong>\u00bb style=\u00bbgradient-custom\u00bb gradient_custom_color_1=\u00bb#1e73be\u00bb gradient_custom_color_2=\u00bb#00a9e4&#8243; shape=\u00bbround\u00bb size=\u00bbxs\u00bb align=\u00bbcenter\u00bb link=\u00bburl:%2Fes%2fshop%2fmiel-de-flores-700g-extra-quality%2F|||\u00bb][\/vc_column][vc_column width=\u00bb1\/4&#8243;][vc_single_image image=\u00bb6046&#8243; img_size=\u00bbfull\u00bb alignment=\u00bbcenter\u00bb style=\u00bbvc_box_rounded\u00bb onclick=\u00bbcustom_link\u00bb link=\u00bb\/es\/shop\/miel-de-flores-1kg-bear\/\u00bb][vc_custom_heading text=\u00bbMIEL DE FLORES\u00bb font_container=\u00bbtag:p|font_size:20px|text_align:center|color:%23000000&#8243; google_fonts=\u00bbfont_family:Marcellus%3Aregular|font_style:400%20regular%3A400%3Anormal\u00bb link=\u00bburl:%2Fes%2fshop%2fmiel-de-flores-1kg-bear%2F|||\u00bb][vc_column_text]<\/p>\n<hr style=\"border: 0; height: 1px; background-image: linear-gradient(to right, rgba(0, 0, 0, 0), rgba(39, 162, 45, 0.75), rgba(0, 0, 0, 0));\" \/>\n<p>[\/vc_column_text][vc_custom_heading text=\u00bbCantidad neta: <strong>1kg<\/strong>\u00bb font_container=\u00bbtag:p|font_size:14px|text_align:center|color:%2327a22d\u00bb use_theme_fonts=\u00bbyes\u00bb el_class=\u00bbakcijski-proizvodi\u00bb][vc_btn title=\u00bb<strong>M\u00c1S DETALLADO<\/strong>\u00bb style=\u00bbgradient-custom\u00bb gradient_custom_color_1=\u00bb#1e73be\u00bb gradient_custom_color_2=\u00bb#00a9e4&#8243; shape=\u00bbround\u00bb size=\u00bbxs\u00bb align=\u00bbcenter\u00bb link=\u00bburl:%2Fes%2fshop%2fmiel-de-flores-1kg-bear%2F|||\u00bb][\/vc_column][vc_column width=\u00bb1\/4&#8243;][vc_single_image image=\u00bb6045&#8243; img_size=\u00bbfull\u00bb alignment=\u00bbcenter\u00bb style=\u00bbvc_box_rounded\u00bb onclick=\u00bbcustom_link\u00bb link=\u00bb\/es\/shop\/miel-de-flores-mountain-1kg\/\u00bb][vc_custom_heading text=\u00bbMIEL DE FLORES\u00bb font_container=\u00bbtag:p|font_size:20px|text_align:center|color:%23000000&#8243; google_fonts=\u00bbfont_family:Marcellus%3Aregular|font_style:400%20regular%3A400%3Anormal\u00bb link=\u00bburl:%2Fes%2fshop%2fmiel-de-flores-mountain-1kg%2F|||\u00bb][vc_column_text]<\/p>\n<hr style=\"border: 0; height: 1px; background-image: linear-gradient(to right, rgba(0, 0, 0, 0), rgba(39, 162, 45, 0.75), rgba(0, 0, 0, 0));\" \/>\n<p>[\/vc_column_text][vc_custom_heading text=\u00bbCantidad neta: <strong>1kg<\/strong>\u00bb font_container=\u00bbtag:p|font_size:14px|text_align:center|color:%2327a22d\u00bb use_theme_fonts=\u00bbyes\u00bb el_class=\u00bbakcijski-proizvodi\u00bb][vc_btn title=\u00bb<strong>M\u00c1S DETALLADO<\/strong>\u00bb style=\u00bbgradient-custom\u00bb gradient_custom_color_1=\u00bb#1e73be\u00bb gradient_custom_color_2=\u00bb#00a9e4&#8243; shape=\u00bbround\u00bb size=\u00bbxs\u00bb align=\u00bbcenter\u00bb link=\u00bburl:%2Fes%2fshop%2fmiel-de-flores-mountain-1kg%2F|||\u00bb][\/vc_column][\/vc_row][vc_row][vc_column][vc_btn title=\u00bbVOLVER ARRIBA\u00bb style=\u00bboutline-custom\u00bb outline_custom_color=\u00bb#f4e4c4&#8243; outline_custom_hover_background=\u00bb#f4e4c4&#8243; outline_custom_hover_text=\u00bb#ffffff\u00bb size=\u00bbsm\u00bb align=\u00bbcenter\u00bb i_align=\u00bbright\u00bb i_icon_fontawesome=\u00bbfa fa-angle-up\u00bb add_icon=\u00bbtrue\u00bb custom_onclick=\u00bbtrue\u00bb custom_onclick_code=\u00bb$(&#8216;html,body&#8217;).animate({ scrollTop: $(\u00abbody\u00ab).offset().top &#8211; 100}, &#8216;slow&#8217;);\u00bb el_class=\u00bbpovratak-gore\u00bb][\/vc_column][\/vc_row]<\/p>\n<\/div>","protected":false},"excerpt":{"rendered":"<p>Miel de flores se produce de diferentes especies de flores que florecen en las praderas monta\u00f1osas de Homolje. El color, sabor y olor de la miel vienen determinados por la especie de flor usada. Su color puede variar desde amarillo claro y rojo hasta los matices oscuros. El sabor depende de la especie de la flor m\u00e1s dominante en la miel y puede ser suave y dulce, pero tambi\u00e9n un poco amargo. La miel de flores contiene enzimas, minerales, \u00e1cidos org\u00e1nicos, vitaminas, y tambi\u00e9n otros componentes importantes. <\/p>\n","protected":false},"featured_media":6064,"template":"","meta":{"rank_math_lock_modified_date":false},"product_cat":[141],"product_tag":[],"class_list":{"0":"post-4177","1":"product","2":"type-product","3":"status-publish","4":"has-post-thumbnail","6":"product_cat-domaci","8":"first","9":"instock","10":"sale","11":"shipping-taxable","12":"purchasable","13":"product-type-simple"},"_links":{"self":[{"href":"https:\/\/med-honey.com\/es\/wp-json\/wp\/v2\/product\/4177","targetHints":{"allow":["GET"]}}],"collection":[{"href":"https:\/\/med-honey.com\/es\/wp-json\/wp\/v2\/product"}],"about":[{"href":"https:\/\/med-honey.com\/es\/wp-json\/wp\/v2\/types\/product"}],"wp:featuredmedia":[{"embeddable":true,"href":"https:\/\/med-honey.com\/es\/wp-json\/wp\/v2\/media\/6064"}],"wp:attachment":[{"href":"https:\/\/med-honey.com\/es\/wp-json\/wp\/v2\/media?parent=4177"}],"wp:term":[{"taxonomy":"product_cat","embeddable":true,"href":"https:\/\/med-honey.com\/es\/wp-json\/wp\/v2\/product_cat?post=4177"},{"taxonomy":"product_tag","embeddable":true,"href":"https:\/\/med-honey.com\/es\/wp-json\/wp\/v2\/product_tag?post=4177"}],"curies":[{"name":"wp","href":"https:\/\/api.w.org\/{rel}","templated":true}]}}