{"id":4192,"date":"2018-11-07T14:49:41","date_gmt":"2018-11-07T13:49:41","guid":{"rendered":"https:\/\/med-honey.com\/?post_type=product&#038;p=4192"},"modified":"2019-05-29T12:22:26","modified_gmt":"2019-05-29T10:22:26","slug":"jalea-real-mountain-500g","status":"publish","type":"product","link":"https:\/\/med-honey.com\/es\/shop\/jalea-real-mountain-500g\/","title":{"rendered":"JALEA REAL 500g"},"content":{"rendered":"<div class=\"wpb-content-wrapper\"><p>[vc_row el_class=\u00bbopis-bez-poizvoda\u00bb][vc_column][vc_row_inner][vc_column_inner][vc_column_text]<\/p>\n<h5>    <span class=\"eltdf-icon-shortcode normal    eltdf-icon-extrasmall\"  data-color=\"#27a22d\">\n        <span class=\"eltdf-icon-bckg-holder\" ><\/span>\n                    <i class=\"eltdf-icon-font-awesome fa fa fa-list eltdf-icon-element\" style=\"color: #27a22d\" ><\/i>                    <\/span>\n \u00a0 Composici\u00f3n<\/h5>\n<p>[\/vc_column_text][vc_column_text css=\u00bb.vc_custom_1544540691791{margin-left: 40px !important;}\u00bb]Jalea real: 10 g<br \/>\nPr\u00f3polis: 10 g<br \/>\nMiel: 480 g[\/vc_column_text][\/vc_column_inner][\/vc_row_inner][vc_row_inner][vc_column_inner][vc_column_text]<\/p>\n<h5>    <span class=\"eltdf-icon-shortcode normal    eltdf-icon-extrasmall\"  data-color=\"#27a22d\">\n        <span class=\"eltdf-icon-bckg-holder\" ><\/span>\n                    <i class=\"eltdf-icon-font-awesome fa fa fa-heartbeat eltdf-icon-element\" style=\"color: #27a22d\" ><\/i>                    <\/span>\n \u00a0 El uso<\/h5>\n<p>[\/vc_column_text][vc_column_text css=\u00bb.vc_custom_1542039981020{margin-left: 40px !important;}\u00bb]La jalea real es una sustancia milagrosa que estimula el desarrollo, recupera la energ\u00eda, regenera el organismo, refresca la memoria y regula el metabolismo. En combinaci\u00f3n con la miel y el pr\u00f3polis es ideal en la nutrici\u00f3n de los ni\u00f1os porque aumenta el apetito, estimula el crecimiento y desarrollo y, en especial, la inmunidad del organismo joven. La miel conserva las materias nutritivas de la jalea real de la mejor manera posible con el fin de preservar las vitaminas adicionales que existen en su estructura. Las propiedades sanativas de la jalea real ayudan a fortalecer la inmunidad del organismo y cuidan a los ni\u00f1os de las enfermedades.[\/vc_column_text][\/vc_column_inner][\/vc_row_inner][vc_row_inner][vc_column_inner][vc_column_text]<\/p>\n<p>[vc_row][vc_column][vc_column_text]<\/p>\n<h5>    <span class=\"eltdf-icon-shortcode normal    eltdf-icon-extrasmall\"  data-color=\"#27a22d\">\n        <span class=\"eltdf-icon-bckg-holder\" ><\/span>\n                    <i class=\"eltdf-icon-font-awesome fa fa fa-cutlery eltdf-icon-element\" style=\"color: #27a22d\" ><\/i>                    <\/span>\n \u00a0 Recomendaci\u00f3n<\/h5>\n<p>[\/vc_column_text][vc_column_text css=\u00bb.vc_custom_1542039987928{margin-left: 40px !important;}\u00bb]Tomar una cucharada (metal o de madera) de jalea real cada ma\u00f1ana, despu\u00e9s tomar agua tibia . Los convalecientes deber\u00edan tomar tres cucharaditas al d\u00eda.[\/vc_column_text][\/vc_column_inner][\/vc_row_inner][vc_row_inner][vc_column_inner][vc_column_text]<\/p>\n<p>[vc_row][vc_column][vc_column_text]<\/p>\n<h5>    <span class=\"eltdf-icon-shortcode normal    eltdf-icon-extrasmall\"  data-color=\"#27a22d\">\n        <span class=\"eltdf-icon-bckg-holder\" ><\/span>\n                    <i class=\"eltdf-icon-font-awesome fa fa fa-archive eltdf-icon-element\" style=\"color: #27a22d\" ><\/i>                    <\/span>\n \u00a0 Conservaci\u00f3n<\/h5>\n<p>[\/vc_column_text][vc_column_text css=\u00bb.vc_custom_1542039996958{margin-left: 40px !important;}\u00bb]Mantenerlo protegido de la humedad y el calor.[\/vc_column_text][\/vc_column_inner][\/vc_row_inner][vc_row_inner][vc_column_inner][vc_column_text]<\/p>\n<h5>    <span class=\"eltdf-icon-shortcode normal    eltdf-icon-extrasmall\"  data-color=\"#27a22d\">\n        <span class=\"eltdf-icon-bckg-holder\" ><\/span>\n                    <i class=\"eltdf-icon-font-awesome fa fa fa-calendar eltdf-icon-element\" style=\"color: #27a22d\" ><\/i>                    <\/span>\n \u00a0 Fecha de vencimiento<\/h5>\n<p>[\/vc_column_text][vc_column_text css=\u00bb.vc_custom_1542040004080{margin-left: 40px !important;}\u00bb]3 a\u00f1os[\/vc_column_text][\/vc_column_inner][\/vc_row_inner][vc_row_inner][vc_column_inner][vc_column_text]<\/p>\n<h5>    <span class=\"eltdf-icon-shortcode normal    eltdf-icon-extrasmall\"  data-color=\"#27a22d\">\n        <span class=\"eltdf-icon-bckg-holder\" ><\/span>\n                    <i class=\"eltdf-icon-font-awesome fa fa fa-database eltdf-icon-element\" style=\"color: #27a22d\" ><\/i>                    <\/span>\n \u00a0 Contenido<\/h5>\n<p>[\/vc_column_text][vc_column_text css=\u00bb.vc_custom_1542040004080{margin-left: 40px !important;}\u00bb]0,5 kg[\/vc_column_text][\/vc_column_inner][\/vc_row_inner][\/vc_column][\/vc_row][vc_row css=\u00bb.vc_custom_1542985598791{margin-top: 50px !important;padding-bottom: 40px !important;}\u00bb][vc_column]<div class=\"eltdf-section-title-holder  \" >\n\t<div class=\"eltdf-st-inner\">\n\t\t\t\t\t\t\t<h6 class=\"eltdf-st-text\" style=\"color: #23a130;font-size: 30px\">\n\t\t\t\tPRODUCTOS RELACIONADOS ...\t\t\t<\/h6>\n\t\t\t<\/div>\n<\/div>[\/vc_column][\/vc_row][vc_row][vc_column width=\u00bb1\/4&#8243;][vc_single_image image=\u00bb4577&#8243; img_size=\u00bbfull\u00bb alignment=\u00bbcenter\u00bb style=\u00bbvc_box_rounded\u00bb onclick=\u00bbcustom_link\u00bb link=\u00bb\/es\/shop\/jalea-real-para-ninos-med-honey\/\u00bb][vc_custom_heading text=\u00bbJALEA REAL PARA NI\u00d1OS\u00bb font_container=\u00bbtag:p|font_size:20px|text_align:center|color:%23000000&#8243; google_fonts=\u00bbfont_family:Marcellus%3Aregular|font_style:400%20regular%3A400%3Anormal\u00bb link=\u00bburl:%2Fes%2fshop%2fjalea-real-para-ninos-med-honey%2F|||\u00bb][vc_column_text]<\/p>\n<hr style=\"border: 0; height: 1px; background-image: linear-gradient(to right, rgba(0, 0, 0, 0), rgba(39, 162, 45, 0.75), rgba(0, 0, 0, 0));\" \/>\n<p>[\/vc_column_text][vc_custom_heading text=\u00bbCantidad neta: <strong>250g<\/strong>\u00bb font_container=\u00bbtag:p|font_size:14px|text_align:center|color:%2327a22d\u00bb use_theme_fonts=\u00bbyes\u00bb][vc_btn title=\u00bb<strong>M\u00c1S DETALLADO<\/strong>\u00bb style=\u00bbgradient-custom\u00bb gradient_custom_color_1=\u00bb#1e73be\u00bb gradient_custom_color_2=\u00bb#00a9e4&#8243; shape=\u00bbround\u00bb size=\u00bbxs\u00bb align=\u00bbcenter\u00bb link=\u00bburl:%2Fes%2fshop%2fjalea-real-para-ninos-med-honey%2F|||\u00bb][\/vc_column][vc_column width=\u00bb1\/4&#8243;][vc_single_image image=\u00bb4579&#8243; img_size=\u00bbfull\u00bb alignment=\u00bbcenter\u00bb style=\u00bbvc_box_rounded\u00bb onclick=\u00bbcustom_link\u00bb link=\u00bb\/es\/shop\/jalea-real-para-ninos-bolsas\/\u00bb][vc_custom_heading text=\u00bbJALEA REAL PARA NI\u00d1OS\u00bb font_container=\u00bbtag:p|font_size:20px|text_align:center|color:%23000000&#8243; google_fonts=\u00bbfont_family:Marcellus%3Aregular|font_style:400%20regular%3A400%3Anormal\u00bb link=\u00bburl:%2Fes%2fshop%2fjalea-real-para-ninos-kesica%2F|||\u00bb][vc_column_text]<\/p>\n<hr style=\"border: 0; height: 1px; background-image: linear-gradient(to right, rgba(0, 0, 0, 0), rgba(39, 162, 45, 0.75), rgba(0, 0, 0, 0));\" \/>\n<p>[\/vc_column_text][vc_custom_heading text=\u00bbCantidad neta: <strong>25g<\/strong>\u00bb font_container=\u00bbtag:p|font_size:14px|text_align:center|color:%2327a22d\u00bb use_theme_fonts=\u00bbyes\u00bb][vc_btn title=\u00bb<strong>M\u00c1S DETALLADO<\/strong>\u00bb style=\u00bbgradient-custom\u00bb gradient_custom_color_1=\u00bb#1e73be\u00bb gradient_custom_color_2=\u00bb#00a9e4&#8243; shape=\u00bbround\u00bb size=\u00bbxs\u00bb align=\u00bbcenter\u00bb link=\u00bburl:%2Fes%2fshop%2fjalea-real-para-ninos-kesica%2F|||\u00bb][\/vc_column][vc_column width=\u00bb1\/4&#8243;][vc_single_image image=\u00bb4554&#8243; img_size=\u00bbfull\u00bb alignment=\u00bbcenter\u00bb style=\u00bbvc_box_rounded\u00bb onclick=\u00bbcustom_link\u00bb link=\u00bb\/es\/shop\/jalea-real-bear\/\u00bb][vc_custom_heading text=\u00bbJALEA REAL\u00bb font_container=\u00bbtag:p|font_size:20px|text_align:center|color:%23000000&#8243; google_fonts=\u00bbfont_family:Marcellus%3Aregular|font_style:400%20regular%3A400%3Anormal\u00bb link=\u00bburl:%2Fes%2fshop%2fmlec%2F|||\u00bb][vc_column_text]<\/p>\n<hr style=\"border: 0; height: 1px; background-image: linear-gradient(to right, rgba(0, 0, 0, 0), rgba(39, 162, 45, 0.75), rgba(0, 0, 0, 0));\" \/>\n<p>[\/vc_column_text][vc_custom_heading text=\u00bbCantidad neta: <strong>0,5kg<\/strong>\u00bb font_container=\u00bbtag:p|font_size:14px|text_align:center|color:%2327a22d\u00bb use_theme_fonts=\u00bbyes\u00bb][vc_btn title=\u00bb<strong>M\u00c1S DETALLADO<\/strong>\u00bb style=\u00bbgradient-custom\u00bb gradient_custom_color_1=\u00bb#1e73be\u00bb gradient_custom_color_2=\u00bb#00a9e4&#8243; shape=\u00bbround\u00bb size=\u00bbxs\u00bb align=\u00bbcenter\u00bb link=\u00bburl:%2Fes%2fshop%2fmlec%2F|||\u00bb][\/vc_column][vc_column width=\u00bb1\/4&#8243;][vc_single_image image=\u00bb4534&#8243; img_size=\u00bbfull\u00bb alignment=\u00bbcenter\u00bb style=\u00bbvc_box_rounded\u00bb onclick=\u00bbcustom_link\u00bb link=\u00bb\/es\/shop\/jalea-real-home-made-500g\/\u00bb][vc_custom_heading text=\u00bbJALEA REAL\u00bb font_container=\u00bbtag:p|font_size:20px|text_align:center|color:%23000000&#8243; google_fonts=\u00bbfont_family:Marcellus%3Aregular|font_style:400%20regular%3A400%3Anormal\u00bb link=\u00bburl:%2Fes%2fshop%2fmlec-home-made-500g%2F|||\u00bb][vc_column_text]<\/p>\n<hr style=\"border: 0; height: 1px; background-image: linear-gradient(to right, rgba(0, 0, 0, 0), rgba(39, 162, 45, 0.75), rgba(0, 0, 0, 0));\" \/>\n<p>[\/vc_column_text][vc_custom_heading text=\u00bbCantidad neta: <strong>0,5kg<\/strong>\u00bb font_container=\u00bbtag:p|font_size:14px|text_align:center|color:%2327a22d\u00bb use_theme_fonts=\u00bbyes\u00bb][vc_btn title=\u00bb<strong>M\u00c1S DETALLADO<\/strong>\u00bb style=\u00bbgradient-custom\u00bb gradient_custom_color_1=\u00bb#1e73be\u00bb gradient_custom_color_2=\u00bb#00a9e4&#8243; shape=\u00bbround\u00bb size=\u00bbxs\u00bb align=\u00bbcenter\u00bb link=\u00bburl:%2Fes%2fshop%2fmlec-home-made-500g%2F|||\u00bb][\/vc_column][\/vc_row][vc_row][vc_column][vc_btn title=\u00bbVOLVER ARRIBA\u00bb style=\u00bboutline-custom\u00bb outline_custom_color=\u00bb#f4e4c4&#8243; outline_custom_hover_background=\u00bb#f4e4c4&#8243; outline_custom_hover_text=\u00bb#ffffff\u00bb size=\u00bbsm\u00bb align=\u00bbcenter\u00bb i_align=\u00bbright\u00bb i_icon_fontawesome=\u00bbfa fa-angle-up\u00bb add_icon=\u00bbtrue\u00bb custom_onclick=\u00bbtrue\u00bb custom_onclick_code=\u00bb$(&#8216;html,body&#8217;).animate({ scrollTop: $(\u00abbody\u00ab).offset().top &#8211; 100}, &#8216;slow&#8217;);\u00bb el_class=\u00bbpovratak-gore\u00bb][\/vc_column][\/vc_row]<\/p>\n<\/div>","protected":false},"excerpt":{"rendered":"<p>La jalea real es un l\u00edquido extremadamente nutritivo, espeso, bals\u00e1mico del color blanco con el olor y sabor peculiares que las abejas obreras \u2013 usando polvillo floral, n\u00e9ctar y agua \u2013 procesan con sus gl\u00e1ndulas. Los componentes b\u00e1sicos de la jalea real son prote\u00ednas, enzimas, amino\u00e1cidos, l\u00edpidos, sacarinas, agua y vitaminas.<\/p>\n","protected":false},"featured_media":4608,"template":"","meta":{"rank_math_lock_modified_date":false},"product_cat":[142],"product_tag":[],"class_list":{"0":"post-4192","1":"product","2":"type-product","3":"status-publish","4":"has-post-thumbnail","6":"product_cat-planinski","8":"first","9":"instock","10":"shipping-taxable","11":"purchasable","12":"product-type-simple"},"_links":{"self":[{"href":"https:\/\/med-honey.com\/es\/wp-json\/wp\/v2\/product\/4192","targetHints":{"allow":["GET"]}}],"collection":[{"href":"https:\/\/med-honey.com\/es\/wp-json\/wp\/v2\/product"}],"about":[{"href":"https:\/\/med-honey.com\/es\/wp-json\/wp\/v2\/types\/product"}],"wp:featuredmedia":[{"embeddable":true,"href":"https:\/\/med-honey.com\/es\/wp-json\/wp\/v2\/media\/4608"}],"wp:attachment":[{"href":"https:\/\/med-honey.com\/es\/wp-json\/wp\/v2\/media?parent=4192"}],"wp:term":[{"taxonomy":"product_cat","embeddable":true,"href":"https:\/\/med-honey.com\/es\/wp-json\/wp\/v2\/product_cat?post=4192"},{"taxonomy":"product_tag","embeddable":true,"href":"https:\/\/med-honey.com\/es\/wp-json\/wp\/v2\/product_tag?post=4192"}],"curies":[{"name":"wp","href":"https:\/\/api.w.org\/{rel}","templated":true}]}}