{"id":3582,"date":"2018-10-10T14:31:05","date_gmt":"2018-10-10T12:31:05","guid":{"rendered":"https:\/\/med-honey.com\/?post_type=product&#038;p=3582"},"modified":"2019-05-29T12:23:17","modified_gmt":"2019-05-29T10:23:17","slug":"pollen","status":"publish","type":"product","link":"https:\/\/med-honey.com\/fr\/shop\/pollen\/","title":{"rendered":"POLLEN"},"content":{"rendered":"<div class=\"wpb-content-wrapper\"><p>[vc_row el_class=\u00a0\u00bbopis-bez-poizvoda\u00a0\u00bb][vc_column][vc_row_inner][vc_column_inner][vc_column_text]<\/p>\n<h5>    <span class=\"eltdf-icon-shortcode normal    eltdf-icon-extrasmall\"  data-color=\"#27a22d\">\n        <span class=\"eltdf-icon-bckg-holder\" ><\/span>\n                    <i class=\"eltdf-icon-font-awesome fa fa fa-list eltdf-icon-element\" style=\"color: #27a22d\" ><\/i>                    <\/span>\n \u00a0 Composition<\/h5>\n<p>[\/vc_column_text][vc_column_text css=\u00a0\u00bb.vc_custom_1544429341572{margin-left: 40px !important;}\u00a0\u00bb]Pollen en pelotes[\/vc_column_text][\/vc_column_inner][\/vc_row_inner][vc_row_inner][vc_column_inner][vc_column_text]<\/p>\n<h5>    <span class=\"eltdf-icon-shortcode normal    eltdf-icon-extrasmall\"  data-color=\"#27a22d\">\n        <span class=\"eltdf-icon-bckg-holder\" ><\/span>\n                    <i class=\"eltdf-icon-font-awesome fa fa fa-heartbeat eltdf-icon-element\" style=\"color: #27a22d\" ><\/i>                    <\/span>\n \u00a0 Indication<\/h5>\n<p>[\/vc_column_text][vc_column_text css=\u00a0\u00bb.vc_custom_1544429413685{margin-left: 40px !important;}\u00a0\u00bb]La poudre de pollen est surtout utilis\u00e9e dans le traitement de la prostate, m\u00eame dans les cas s\u00e9v\u00e8res et chroniques. Le pollen am\u00e9liore la fertilit\u00e9 et r\u00e9duit le taux de cholest\u00e9rol dans le sang. Il a des effets bienfaisants sur la circulation c\u00e9r\u00e9brale et il est conseill\u00e9 \u00e0 ceux ayant un effort physique ou intellectuel intense. Il est utilis\u00e9 comme m\u00e9dicament naturel pour la r\u00e9g\u00e9n\u00e9ration de la foie \u00e0 cause de sa richesse en prot\u00e9ines. Il est aussi tr\u00e8s exploit\u00e9 dans la cosm\u00e9tologie.[\/vc_column_text][\/vc_column_inner][\/vc_row_inner][vc_row_inner][vc_column_inner][vc_column_text]<\/p>\n<h5>    <span class=\"eltdf-icon-shortcode normal    eltdf-icon-extrasmall\"  data-color=\"#27a22d\">\n        <span class=\"eltdf-icon-bckg-holder\" ><\/span>\n                    <i class=\"eltdf-icon-font-awesome fa fa fa-cutlery eltdf-icon-element\" style=\"color: #27a22d\" ><\/i>                    <\/span>\n \u00a0 Usage recommand\u00e9<\/h5>\n<p>[\/vc_column_text][vc_column_text css=\u00a0\u00bb.vc_custom_1544429447880{margin-left: 40px !important;}\u00a0\u00bb]Jusqu\u2019 \u00e0 20 g par jour (en \u00e9tat pur ou m\u00e9lang\u00e9 avec du miel, de l&rsquo;eau ti\u00e8de ou du th\u00e9).[\/vc_column_text][\/vc_column_inner][\/vc_row_inner][vc_row_inner][vc_column_inner][vc_column_text]<\/p>\n<h5>    <span class=\"eltdf-icon-shortcode normal    eltdf-icon-extrasmall\"  data-color=\"#27a22d\">\n        <span class=\"eltdf-icon-bckg-holder\" ><\/span>\n                    <i class=\"eltdf-icon-font-awesome fa fa fa-exclamation-circle eltdf-icon-element\" style=\"color: #27a22d\" ><\/i>                    <\/span>\n \u00a0 Pr\u00e9caution d&#8217;emploi<\/h5>\n<p>[\/vc_column_text][vc_column_text css=\u00a0\u00bb.vc_custom_1544429491701{margin-left: 40px !important;}\u00a0\u00bb]Le pollen peut causer des r\u00e9actions allergiques, surtout chez les enfants. Commencer par une dose faible. [\/vc_column_text][\/vc_column_inner][\/vc_row_inner][vc_row_inner][vc_column_inner][vc_column_text]<\/p>\n<h5>    <span class=\"eltdf-icon-shortcode normal    eltdf-icon-extrasmall\"  data-color=\"#27a22d\">\n        <span class=\"eltdf-icon-bckg-holder\" ><\/span>\n                    <i class=\"eltdf-icon-font-awesome fa fa fa-archive eltdf-icon-element\" style=\"color: #27a22d\" ><\/i>                    <\/span>\n \u00a0 Conservation<\/h5>\n<p>[\/vc_column_text][vc_column_text css=\u00a0\u00bb.vc_custom_1544429533551{margin-left: 40px !important;}\u00a0\u00bb]A conserver dans un endroit sec et frais.[\/vc_column_text][\/vc_column_inner][\/vc_row_inner][vc_row_inner][vc_column_inner][vc_column_text]<\/p>\n<h5>    <span class=\"eltdf-icon-shortcode normal    eltdf-icon-extrasmall\"  data-color=\"#27a22d\">\n        <span class=\"eltdf-icon-bckg-holder\" ><\/span>\n                    <i class=\"eltdf-icon-font-awesome fa fa fa-calendar eltdf-icon-element\" style=\"color: #27a22d\" ><\/i>                    <\/span>\n \u00a0 Dur\u00e9e de conservation<\/h5>\n<p>[\/vc_column_text][vc_column_text css=\u00a0\u00bb.vc_custom_1544429554106{margin-left: 40px !important;}\u00a0\u00bb]5 ans[\/vc_column_text][\/vc_column_inner][\/vc_row_inner][vc_row_inner][vc_column_inner][vc_column_text]<\/p>\n<h5>    <span class=\"eltdf-icon-shortcode normal    eltdf-icon-extrasmall\"  data-color=\"#27a22d\">\n        <span class=\"eltdf-icon-bckg-holder\" ><\/span>\n                    <i class=\"eltdf-icon-font-awesome fa fa fa-database eltdf-icon-element\" style=\"color: #27a22d\" ><\/i>                    <\/span>\n \u00a0 Contenance<\/h5>\n<p>[\/vc_column_text][vc_column_text css=\u00a0\u00bb.vc_custom_1542040004080{margin-left: 40px !important;}\u00a0\u00bb]50 g[\/vc_column_text][\/vc_column_inner][\/vc_row_inner][\/vc_column][\/vc_row][vc_row css=\u00a0\u00bb.vc_custom_1542796148443{margin-top: 50px !important;padding-bottom: 40px !important;}\u00a0\u00bb][vc_column]<div class=\"eltdf-section-title-holder  \" >\n\t<div class=\"eltdf-st-inner\">\n\t\t\t\t\t\t\t<h6 class=\"eltdf-st-text\" style=\"color: #23a130;font-size: 30px\">\n\t\t\t\tPRODUITS CONNEXES ...\t\t\t<\/h6>\n\t\t\t<\/div>\n<\/div>[\/vc_column][\/vc_row][vc_row][vc_column width=\u00a0\u00bb1\/4&Prime;][vc_single_image image=\u00a0\u00bb4588&Prime; img_size=\u00a0\u00bbfull\u00a0\u00bb alignment=\u00a0\u00bbcenter\u00a0\u00bb style=\u00a0\u00bbvc_box_rounded\u00a0\u00bb onclick=\u00a0\u00bbcustom_link\u00a0\u00bb link=\u00a0\u00bb\/fr\/shop\/\/\u00a0\u00bb][vc_custom_heading text=\u00a0\u00bbPOLLEN<br \/>\n15g\u00a0\u00bb font_container=\u00a0\u00bbtag:p|font_size:20px|text_align:center|color:%23000000&Prime; google_fonts=\u00a0\u00bbfont_family:Marcellus%3Aregular|font_style:400%20regular%3A400%3Anormal\u00a0\u00bb link=\u00a0\u00bburl:%2Ffr%2fshop%2f%2F|||\u00a0\u00bb][vc_column_text]<\/p>\n<hr style=\"border: 0; height: 1px; background-image: linear-gradient(to right, rgba(0, 0, 0, 0), rgba(39, 162, 45, 0.75), rgba(0, 0, 0, 0));\" \/>\n<p>[\/vc_column_text][vc_custom_heading text=\u00a0\u00bbPoids net: <strong>60 din.<\/strong>\u00a0\u00bb font_container=\u00a0\u00bbtag:p|font_size:14px|text_align:center|color:%2327a22d\u00a0\u00bb use_theme_fonts=\u00a0\u00bbyes\u00a0\u00bb][vc_btn title=\u00a0\u00bb<strong>PLUS DE D\u00c9TAILS<\/strong>\u00a0\u00bb style=\u00a0\u00bbgradient-custom\u00a0\u00bb gradient_custom_color_1=\u00a0\u00bb#1e73be\u00a0\u00bb gradient_custom_color_2=\u00a0\u00bb#00a9e4&Prime; shape=\u00a0\u00bbround\u00a0\u00bb size=\u00a0\u00bbxs\u00a0\u00bb align=\u00a0\u00bbcenter\u00a0\u00bb link=\u00a0\u00bburl:%2Ffr%2fshop%2f%2F|||\u00a0\u00bb][\/vc_column][vc_column width=\u00a0\u00bb1\/4&Prime;][vc_single_image image=\u00a0\u00bb4555&Prime; img_size=\u00a0\u00bbfull\u00a0\u00bb alignment=\u00a0\u00bbcenter\u00a0\u00bb style=\u00a0\u00bbvc_box_rounded\u00a0\u00bb onclick=\u00a0\u00bbcustom_link\u00a0\u00bb link=\u00a0\u00bb\/fr\/shop\/gelee-royale-avec-du-pollen-bear\/\u00a0\u00bb][vc_custom_heading text=\u00a0\u00bbGEL\u00c9E ROYALE AVEC DU POLLEN 0,5kg\u00a0\u00bb font_container=\u00a0\u00bbtag:p|font_size:20px|text_align:center|color:%23000000&Prime; google_fonts=\u00a0\u00bbfont_family:Marcellus%3Aregular|font_style:400%20regular%3A400%3Anormal\u00a0\u00bb link=\u00a0\u00bburl:%2Ffr%2fshop%2fgelee-royale-avec-du-pollen-bear%2F|||\u00a0\u00bb][vc_column_text]<\/p>\n<hr style=\"border: 0; height: 1px; background-image: linear-gradient(to right, rgba(0, 0, 0, 0), rgba(39, 162, 45, 0.75), rgba(0, 0, 0, 0));\" \/>\n<p>[\/vc_column_text][vc_custom_heading text=\u00a0\u00bbPoids net: <strong>700 din.<\/strong>\u00a0\u00bb font_container=\u00a0\u00bbtag:p|font_size:14px|text_align:center|color:%2327a22d\u00a0\u00bb use_theme_fonts=\u00a0\u00bbyes\u00a0\u00bb][vc_btn title=\u00a0\u00bb<strong>PLUS DE D\u00c9TAILS<\/strong>\u00a0\u00bb style=\u00a0\u00bbgradient-custom\u00a0\u00bb gradient_custom_color_1=\u00a0\u00bb#1e73be\u00a0\u00bb gradient_custom_color_2=\u00a0\u00bb#00a9e4&Prime; shape=\u00a0\u00bbround\u00a0\u00bb size=\u00a0\u00bbxs\u00a0\u00bb align=\u00a0\u00bbcenter\u00a0\u00bb link=\u00a0\u00bburl:%2Ffr%2fshop%2fgelee-royale-avec-du-pollen-bear%2F|||\u00a0\u00bb][\/vc_column][vc_column width=\u00a0\u00bb1\/4&Prime;][vc_single_image image=\u00a0\u00bb4536&Prime; img_size=\u00a0\u00bbfull\u00a0\u00bb alignment=\u00a0\u00bbcenter\u00a0\u00bb style=\u00a0\u00bbvc_box_rounded\u00a0\u00bb onclick=\u00a0\u00bbcustom_link\u00a0\u00bb link=\u00a0\u00bb\/fr\/shop\/gelee-royale-avec-du-pollen-home-made-500g\/\u00a0\u00bb][vc_custom_heading text=\u00a0\u00bbGEL\u00c9E ROYALE AVEC DU POLLEN 0,5kg\u00a0\u00bb font_container=\u00a0\u00bbtag:p|font_size:20px|text_align:center|color:%23000000&Prime; google_fonts=\u00a0\u00bbfont_family:Marcellus%3Aregular|font_style:400%20regular%3A400%3Anormal\u00a0\u00bb link=\u00a0\u00bburl:%2Ffr%2fshop%2fgelee-royale-avec-du-pollen-home-made-500g%2F|||\u00a0\u00bb][vc_column_text]<\/p>\n<hr style=\"border: 0; height: 1px; background-image: linear-gradient(to right, rgba(0, 0, 0, 0), rgba(39, 162, 45, 0.75), rgba(0, 0, 0, 0));\" \/>\n<p>[\/vc_column_text][vc_custom_heading text=\u00a0\u00bbPoids net: <strong>700 din.<\/strong>\u00a0\u00bb font_container=\u00a0\u00bbtag:p|font_size:14px|text_align:center|color:%2327a22d\u00a0\u00bb use_theme_fonts=\u00a0\u00bbyes\u00a0\u00bb][vc_btn title=\u00a0\u00bb<strong>PLUS DE D\u00c9TAILS<\/strong>\u00a0\u00bb style=\u00a0\u00bbgradient-custom\u00a0\u00bb gradient_custom_color_1=\u00a0\u00bb#1e73be\u00a0\u00bb gradient_custom_color_2=\u00a0\u00bb#00a9e4&Prime; shape=\u00a0\u00bbround\u00a0\u00bb size=\u00a0\u00bbxs\u00a0\u00bb align=\u00a0\u00bbcenter\u00a0\u00bb link=\u00a0\u00bburl:%2Ffr%2fshop%2fgelee-royale-avec-du-pollen-home-made-500g%2F|||\u00a0\u00bb][\/vc_column][vc_column width=\u00a0\u00bb1\/4&Prime;][vc_single_image image=\u00a0\u00bb4525&Prime; img_size=\u00a0\u00bbfull\u00a0\u00bb alignment=\u00a0\u00bbcenter\u00a0\u00bb style=\u00a0\u00bbvc_box_rounded\u00a0\u00bb onclick=\u00a0\u00bbcustom_link\u00a0\u00bb link=\u00a0\u00bb\/fr\/shop\/gelee-royale-avec-du-pollen-mountain-500g\/\u00a0\u00bb][vc_custom_heading text=\u00a0\u00bbGEL\u00c9E ROYALE AVEC DU POLLEN 0,5kg\u00a0\u00bb font_container=\u00a0\u00bbtag:p|font_size:20px|text_align:center|color:%23000000&Prime; google_fonts=\u00a0\u00bbfont_family:Marcellus%3Aregular|font_style:400%20regular%3A400%3Anormal\u00a0\u00bb link=\u00a0\u00bburl:%2Ffr%2fshop%2fgelee-royale-avec-du-pollen-mountain-500g%2F|||\u00a0\u00bb][vc_column_text]<\/p>\n<hr style=\"border: 0; height: 1px; background-image: linear-gradient(to right, rgba(0, 0, 0, 0), rgba(39, 162, 45, 0.75), rgba(0, 0, 0, 0));\" \/>\n<p>[\/vc_column_text][vc_custom_heading text=\u00a0\u00bbPoids net: <strong>700 din.<\/strong>\u00a0\u00bb font_container=\u00a0\u00bbtag:p|font_size:14px|text_align:center|color:%2327a22d\u00a0\u00bb use_theme_fonts=\u00a0\u00bbyes\u00a0\u00bb][vc_btn title=\u00a0\u00bb<strong>PLUS DE D\u00c9TAILS<\/strong>\u00a0\u00bb style=\u00a0\u00bbgradient-custom\u00a0\u00bb gradient_custom_color_1=\u00a0\u00bb#1e73be\u00a0\u00bb gradient_custom_color_2=\u00a0\u00bb#00a9e4&Prime; shape=\u00a0\u00bbround\u00a0\u00bb size=\u00a0\u00bbxs\u00a0\u00bb align=\u00a0\u00bbcenter\u00a0\u00bb link=\u00a0\u00bburl:%2Ffr%2fshop%2fgelee-royale-avec-du-pollen-mountain-500g%2F|||\u00a0\u00bb][\/vc_column][\/vc_row][vc_row][vc_column][vc_btn title=\u00a0\u00bbRETOUR EN HAUT\u00a0\u00bb style=\u00a0\u00bboutline-custom\u00a0\u00bb outline_custom_color=\u00a0\u00bb#f4e4c4&Prime; outline_custom_hover_background=\u00a0\u00bb#f4e4c4&Prime; outline_custom_hover_text=\u00a0\u00bb#ffffff\u00a0\u00bb size=\u00a0\u00bbsm\u00a0\u00bb align=\u00a0\u00bbcenter\u00a0\u00bb i_align=\u00a0\u00bbright\u00a0\u00bb i_icon_fontawesome=\u00a0\u00bbfa fa-angle-up\u00a0\u00bb add_icon=\u00a0\u00bbtrue\u00a0\u00bb custom_onclick=\u00a0\u00bbtrue\u00a0\u00bb custom_onclick_code=\u00a0\u00bb$(&lsquo;html,body&rsquo;).animate({ scrollTop: $(\u00ab\u00a0body\u00ab\u00a0).offset().top &#8211; 100}, &lsquo;slow&rsquo;);\u00a0\u00bb el_class=\u00a0\u00bbpovratak-gore\u00a0\u00bb][\/vc_column][\/vc_row]<\/p>\n<\/div>","protected":false},"excerpt":{"rendered":"<p>Le pollen ou la poudre des fleurs est le produit des plantes que les abeilles recueillent. Le go\u00fbt et la couleur du pollen d\u00e9pendent des plantes dont il provient. Il est tr\u00e8s riche en \u00e9l\u00e9ments nutritifs \u2013 prot\u00e9ines, lipides, glucides, vitamines (surtout du groupe B), substances min\u00e9rales, enzymes et autres \u00e9l\u00e9ments actifs, ce qui fait de lui un compl\u00e9ment id\u00e9al dans le traitement des affections vari\u00e9es.<\/p>\n","protected":false},"featured_media":4659,"template":"","meta":{"rank_math_lock_modified_date":false},"product_cat":[138],"product_tag":[],"class_list":{"0":"post-3582","1":"product","2":"type-product","3":"status-publish","4":"has-post-thumbnail","6":"product_cat-med-honey","8":"first","9":"instock","10":"shipping-taxable","11":"purchasable","12":"product-type-simple"},"_links":{"self":[{"href":"https:\/\/med-honey.com\/fr\/wp-json\/wp\/v2\/product\/3582","targetHints":{"allow":["GET"]}}],"collection":[{"href":"https:\/\/med-honey.com\/fr\/wp-json\/wp\/v2\/product"}],"about":[{"href":"https:\/\/med-honey.com\/fr\/wp-json\/wp\/v2\/types\/product"}],"wp:featuredmedia":[{"embeddable":true,"href":"https:\/\/med-honey.com\/fr\/wp-json\/wp\/v2\/media\/4659"}],"wp:attachment":[{"href":"https:\/\/med-honey.com\/fr\/wp-json\/wp\/v2\/media?parent=3582"}],"wp:term":[{"taxonomy":"product_cat","embeddable":true,"href":"https:\/\/med-honey.com\/fr\/wp-json\/wp\/v2\/product_cat?post=3582"},{"taxonomy":"product_tag","embeddable":true,"href":"https:\/\/med-honey.com\/fr\/wp-json\/wp\/v2\/product_tag?post=3582"}],"curies":[{"name":"wp","href":"https:\/\/api.w.org\/{rel}","templated":true}]}}