{"id":3583,"date":"2018-10-10T14:34:13","date_gmt":"2018-10-10T12:34:13","guid":{"rendered":"https:\/\/med-honey.com\/?post_type=product&#038;p=3583"},"modified":"2020-05-07T10:53:45","modified_gmt":"2020-05-07T08:53:45","slug":"propolis-pour-les-enfants","status":"publish","type":"product","link":"https:\/\/med-honey.com\/fr\/shop\/propolis-pour-les-enfants\/","title":{"rendered":"PROPOLIS POUR LES ENFANTS"},"content":{"rendered":"<div class=\"wpb-content-wrapper\"><p>[vc_row el_class=\u00a0\u00bbopis-bez-poizvoda\u00a0\u00bb][vc_column][vc_row_inner][vc_column_inner][vc_column_text]<\/p>\n<h5>    <span class=\"eltdf-icon-shortcode normal    eltdf-icon-extrasmall\"  data-color=\"#27a22d\">\n        <span class=\"eltdf-icon-bckg-holder\" ><\/span>\n                    <i class=\"eltdf-icon-font-awesome fa fa fa-list eltdf-icon-element\" style=\"color: #27a22d\" ><\/i>                    <\/span>\n \u00a0 Composition<\/h5>\n<p>[\/vc_column_text][vc_column_text css=\u00a0\u00bb.vc_custom_1544428742811{margin-left: 40px !important;}\u00a0\u00bb]10% de propolis en solution huileuse (propyl\u00e8ne glycol)[\/vc_column_text][\/vc_column_inner][\/vc_row_inner][vc_row_inner][vc_column_inner][vc_column_text]<\/p>\n<h5>    <span class=\"eltdf-icon-shortcode normal    eltdf-icon-extrasmall\"  data-color=\"#27a22d\">\n        <span class=\"eltdf-icon-bckg-holder\" ><\/span>\n                    <i class=\"eltdf-icon-font-awesome fa fa fa-heartbeat eltdf-icon-element\" style=\"color: #27a22d\" ><\/i>                    <\/span>\n \u00a0 Indication<\/h5>\n<p>[\/vc_column_text][vc_column_text css=\u00a0\u00bb.vc_custom_1544428720488{margin-left: 40px !important;}\u00a0\u00bb]Gr\u00e2ce \u00e0 ses propri\u00e9t\u00e9s m\u00e9dicinales pr\u00e9cieuses la propolis a commenc\u00e9 \u00e0 \u00eatre largement utilis\u00e9e, d&rsquo;abord dans la m\u00e9decine traditionnelle et ensuite dans la m\u00e9decine g\u00e9n\u00e9rale. La propolis en solution huileuse est conseill\u00e9e aux enfants et aux personnes ne supportant pas l\u2019alcool. Chez les enfants, elle est utilis\u00e9e dans le traitement des tissus doux dans la bouche, comme un apaisant local et pour stimuler la cicatrisation apr\u00e8s l\u2019extraction des dents. Les adultes peuvent utiliser la propolis dans le traitement des maladies vasculaires, de l\u2019asthme, de l\u2019ulc\u00e8re gastrique et duod\u00e9nal, de la gastrite et des inflammations de la bouche et de la gorge. Elle est utilis\u00e9e efficacement en cas de maladies de la peau, comme des br\u00fblures, des ecz\u00e9mas diff\u00e9rentes, des verrues et des h\u00e9morro\u00efdes, et aussi comme stimulateur de la r\u00e9g\u00e9n\u00e9ration des tissus.[\/vc_column_text][\/vc_column_inner][\/vc_row_inner][vc_row_inner][vc_column_inner][vc_column_text]<\/p>\n<h5>    <span class=\"eltdf-icon-shortcode normal    eltdf-icon-extrasmall\"  data-color=\"#27a22d\">\n        <span class=\"eltdf-icon-bckg-holder\" ><\/span>\n                    <i class=\"eltdf-icon-font-awesome fa fa fa-cutlery eltdf-icon-element\" style=\"color: #27a22d\" ><\/i>                    <\/span>\n \u00a0 Usage recommande<\/h5>\n<p>[\/vc_column_text][vc_column_text css=\u00a0\u00bb.vc_custom_1544428696958{margin-left: 40px !important;}\u00a0\u00bb]Pour les enfants la dose journali\u00e8re ne doit pas d\u00e9passer 10-15 gouttes, dilu\u00e9es dans un verre d&rsquo;eau ti\u00e8de, de th\u00e9, de lait ou sur un cube de sucre. Il est conseill\u00e9 aux adultes de consommer 20 gouttes trois fois par jour.[\/vc_column_text][\/vc_column_inner][\/vc_row_inner][vc_row_inner][vc_column_inner][vc_column_text]<\/p>\n<h5>    <span class=\"eltdf-icon-shortcode normal    eltdf-icon-extrasmall\"  data-color=\"#27a22d\">\n        <span class=\"eltdf-icon-bckg-holder\" ><\/span>\n                    <i class=\"eltdf-icon-font-awesome fa fa fa-archive eltdf-icon-element\" style=\"color: #27a22d\" ><\/i>                    <\/span>\n \u00a0 Conservation<\/h5>\n<p>[\/vc_column_text][vc_column_text css=\u00a0\u00bb.vc_custom_1544428657703{margin-left: 40px !important;}\u00a0\u00bb]A conserver dans un endroit sec et frais.[\/vc_column_text][\/vc_column_inner][\/vc_row_inner][vc_row_inner][vc_column_inner][vc_column_text]<\/p>\n<h5>    <span class=\"eltdf-icon-shortcode normal    eltdf-icon-extrasmall\"  data-color=\"#27a22d\">\n        <span class=\"eltdf-icon-bckg-holder\" ><\/span>\n                    <i class=\"eltdf-icon-font-awesome fa fa fa-calendar eltdf-icon-element\" style=\"color: #27a22d\" ><\/i>                    <\/span>\n \u00a0 Dur\u00e9e de conservation<\/h5>\n<p>[\/vc_column_text][vc_column_text css=\u00a0\u00bb.vc_custom_1544428633266{margin-left: 40px !important;}\u00a0\u00bb]Infinie[\/vc_column_text][\/vc_column_inner][\/vc_row_inner][vc_row_inner][vc_column_inner][vc_column_text]<\/p>\n<h5>    <span class=\"eltdf-icon-shortcode normal    eltdf-icon-extrasmall\"  data-color=\"#27a22d\">\n        <span class=\"eltdf-icon-bckg-holder\" ><\/span>\n                    <i class=\"eltdf-icon-font-awesome fa fa fa-database eltdf-icon-element\" style=\"color: #27a22d\" ><\/i>                    <\/span>\n \u00a0 Contenance<\/h5>\n<p>[\/vc_column_text][vc_column_text css=\u00a0\u00bb.vc_custom_1542040004080{margin-left: 40px !important;}\u00a0\u00bb]20 ml[\/vc_column_text][\/vc_column_inner][\/vc_row_inner][\/vc_column][\/vc_row][vc_row css=\u00a0\u00bb.vc_custom_1542796381470{margin-top: 50px !important;padding-bottom: 40px !important;}\u00a0\u00bb][vc_column]<div class=\"eltdf-section-title-holder  \" >\n\t<div class=\"eltdf-st-inner\">\n\t\t\t\t\t\t\t<h6 class=\"eltdf-st-text\" style=\"color: #23a130;font-size: 30px\">\n\t\t\t\tPRODUITS CONNEXES ...\t\t\t<\/h6>\n\t\t\t<\/div>\n<\/div>[\/vc_column][\/vc_row][vc_row][vc_column width=\u00a0\u00bb1\/4&Prime;][vc_single_image image=\u00a0\u00bb4577&Prime; img_size=\u00a0\u00bbfull\u00a0\u00bb alignment=\u00a0\u00bbcenter\u00a0\u00bb style=\u00a0\u00bbvc_box_rounded\u00a0\u00bb onclick=\u00a0\u00bbcustom_link\u00a0\u00bb link=\u00a0\u00bb\/fr\/shop\/la-gelee-royale-pour-les-enfants-med-honey\/\u00a0\u00bb][vc_custom_heading text=\u00a0\u00bbLA GEL\u00c9E ROYALE POUR LES ENFANTS\u00a0\u00bb font_container=\u00a0\u00bbtag:p|font_size:20px|text_align:center|color:%23000000&Prime; google_fonts=\u00a0\u00bbfont_family:Marcellus%3Aregular|font_style:400%20regular%3A400%3Anormal\u00a0\u00bb link=\u00a0\u00bburl:%2Ffr%2fshop%2fla-gelee-royale-pour-les-enfants-med-honey%2F|||\u00a0\u00bb][vc_column_text]<\/p>\n<hr style=\"border: 0; height: 1px; background-image: linear-gradient(to right, rgba(0, 0, 0, 0), rgba(39, 162, 45, 0.75), rgba(0, 0, 0, 0));\" \/>\n<p>[\/vc_column_text][vc_custom_heading text=\u00a0\u00bbPoids net: <strong>250g<\/strong>\u00a0\u00bb font_container=\u00a0\u00bbtag:p|font_size:14px|text_align:center|color:%2327a22d\u00a0\u00bb use_theme_fonts=\u00a0\u00bbyes\u00a0\u00bb][vc_btn title=\u00a0\u00bb<strong>PLUS DE D\u00c9TAILS<\/strong>\u00a0\u00bb style=\u00a0\u00bbgradient-custom\u00a0\u00bb gradient_custom_color_1=\u00a0\u00bb#1e73be\u00a0\u00bb gradient_custom_color_2=\u00a0\u00bb#00a9e4&Prime; shape=\u00a0\u00bbround\u00a0\u00bb size=\u00a0\u00bbxs\u00a0\u00bb align=\u00a0\u00bbcenter\u00a0\u00bb link=\u00a0\u00bburl:%2Ffr%2fshop%2fla-gelee-royale-pour-les-enfants-med-honey%2F|||\u00a0\u00bb][\/vc_column][vc_column width=\u00a0\u00bb1\/4&Prime;][vc_single_image image=\u00a0\u00bb4579&Prime; img_size=\u00a0\u00bbfull\u00a0\u00bb alignment=\u00a0\u00bbcenter\u00a0\u00bb style=\u00a0\u00bbvc_box_rounded\u00a0\u00bb onclick=\u00a0\u00bbcustom_link\u00a0\u00bb link=\u00a0\u00bb\/fr\/shop\/la-gelee-royale-pour-les-enfants-sacs\/\u00a0\u00bb][vc_custom_heading text=\u00a0\u00bbLA GEL\u00c9E ROYALE POUR LES ENFANTS\u00a0\u00bb font_container=\u00a0\u00bbtag:p|font_size:20px|text_align:center|color:%23000000&Prime; google_fonts=\u00a0\u00bbfont_family:Marcellus%3Aregular|font_style:400%20regular%3A400%3Anormal\u00a0\u00bb link=\u00a0\u00bburl:%2Ffr%2fshop%2fla-gelee-royale-pour-les-enfants-sacs%2F|||\u00a0\u00bb][vc_column_text]<\/p>\n<hr style=\"border: 0; height: 1px; background-image: linear-gradient(to right, rgba(0, 0, 0, 0), rgba(39, 162, 45, 0.75), rgba(0, 0, 0, 0));\" \/>\n<p>[\/vc_column_text][vc_custom_heading text=\u00a0\u00bbPoids net: <strong>25g<\/strong>\u00a0\u00bb font_container=\u00a0\u00bbtag:p|font_size:14px|text_align:center|color:%2327a22d\u00a0\u00bb use_theme_fonts=\u00a0\u00bbyes\u00a0\u00bb][vc_btn title=\u00a0\u00bb<strong>PLUS DE D\u00c9TAILS<\/strong>\u00a0\u00bb style=\u00a0\u00bbgradient-custom\u00a0\u00bb gradient_custom_color_1=\u00a0\u00bb#1e73be\u00a0\u00bb gradient_custom_color_2=\u00a0\u00bb#00a9e4&Prime; shape=\u00a0\u00bbround\u00a0\u00bb size=\u00a0\u00bbxs\u00a0\u00bb align=\u00a0\u00bbcenter\u00a0\u00bb link=\u00a0\u00bburl:%2Ffr%2fshop%2fla-gelee-royale-pour-les-enfants-sacs%2F|||\u00a0\u00bb][\/vc_column][vc_column width=\u00a0\u00bb1\/4&Prime;][vc_single_image image=\u00a0\u00bb6113&Prime; img_size=\u00a0\u00bbfull\u00a0\u00bb alignment=\u00a0\u00bbcenter\u00a0\u00bb style=\u00a0\u00bbvc_box_rounded\u00a0\u00bb onclick=\u00a0\u00bbcustom_link\u00a0\u00bb link=\u00a0\u00bb\/fr\/shop\/propolis-pour-les-adultes\/\u00a0\u00bb][vc_custom_heading text=\u00a0\u00bbPROPOLIS POUR LES ADULTES\u00a0\u00bb font_container=\u00a0\u00bbtag:p|font_size:20px|text_align:center|color:%23000000&Prime; google_fonts=\u00a0\u00bbfont_family:Marcellus%3Aregular|font_style:400%20regular%3A400%3Anormal\u00a0\u00bb link=\u00a0\u00bburl:%2Ffr%2fshop%2fpropolis-pour-les-adultes%2F|||\u00a0\u00bb][vc_column_text]<\/p>\n<hr style=\"border: 0; height: 1px; background-image: linear-gradient(to right, rgba(0, 0, 0, 0), rgba(39, 162, 45, 0.75), rgba(0, 0, 0, 0));\" \/>\n<p>[\/vc_column_text][vc_custom_heading text=\u00a0\u00bbPoids net: <strong>20ml<\/strong>\u00a0\u00bb font_container=\u00a0\u00bbtag:p|font_size:14px|text_align:center|color:%2327a22d\u00a0\u00bb use_theme_fonts=\u00a0\u00bbyes\u00a0\u00bb][vc_btn title=\u00a0\u00bb<strong>PLUS DE D\u00c9TAILS<\/strong>\u00a0\u00bb style=\u00a0\u00bbgradient-custom\u00a0\u00bb gradient_custom_color_1=\u00a0\u00bb#1e73be\u00a0\u00bb gradient_custom_color_2=\u00a0\u00bb#00a9e4&Prime; shape=\u00a0\u00bbround\u00a0\u00bb size=\u00a0\u00bbxs\u00a0\u00bb align=\u00a0\u00bbcenter\u00a0\u00bb link=\u00a0\u00bburl:%2Ffr%2fshop%2fpropolis-pour-les-adultes%2F|||\u00a0\u00bb][\/vc_column][vc_column width=\u00a0\u00bb1\/4&Prime;][vc_single_image image=\u00a0\u00bb6118&Prime; img_size=\u00a0\u00bbfull\u00a0\u00bb alignment=\u00a0\u00bbcenter\u00a0\u00bb style=\u00a0\u00bbvc_box_rounded\u00a0\u00bb onclick=\u00a0\u00bbcustom_link\u00a0\u00bb link=\u00a0\u00bb\/fr\/shop\/creme-propolis\/\u00a0\u00bb][vc_custom_heading text=\u00a0\u00bbCREME<br \/>\nPROPOLIS\u00a0\u00bb font_container=\u00a0\u00bbtag:p|font_size:20px|text_align:center|color:%23000000&Prime; google_fonts=\u00a0\u00bbfont_family:Marcellus%3Aregular|font_style:400%20regular%3A400%3Anormal\u00a0\u00bb link=\u00a0\u00bburl:%2Ffr%2fshop%2fcreme-propolis%2F|||\u00a0\u00bb][vc_column_text]<\/p>\n<hr style=\"border: 0; height: 1px; background-image: linear-gradient(to right, rgba(0, 0, 0, 0), rgba(39, 162, 45, 0.75), rgba(0, 0, 0, 0));\" \/>\n<p>[\/vc_column_text][vc_custom_heading text=\u00a0\u00bbPoids net: <strong>12ml<\/strong>\u00a0\u00bb font_container=\u00a0\u00bbtag:p|font_size:14px|text_align:center|color:%2327a22d\u00a0\u00bb use_theme_fonts=\u00a0\u00bbyes\u00a0\u00bb][vc_btn title=\u00a0\u00bb<strong>PLUS DE D\u00c9TAILS<\/strong>\u00a0\u00bb style=\u00a0\u00bbgradient-custom\u00a0\u00bb gradient_custom_color_1=\u00a0\u00bb#1e73be\u00a0\u00bb gradient_custom_color_2=\u00a0\u00bb#00a9e4&Prime; shape=\u00a0\u00bbround\u00a0\u00bb size=\u00a0\u00bbxs\u00a0\u00bb align=\u00a0\u00bbcenter\u00a0\u00bb link=\u00a0\u00bburl:%2Ffr%2fshop%2fcreme-propolis%2F|||\u00a0\u00bb][\/vc_column][\/vc_row][vc_row][vc_column][vc_btn title=\u00a0\u00bbRETOUR EN HAUT\u00a0\u00bb style=\u00a0\u00bboutline-custom\u00a0\u00bb outline_custom_color=\u00a0\u00bb#f4e4c4&Prime; outline_custom_hover_background=\u00a0\u00bb#f4e4c4&Prime; outline_custom_hover_text=\u00a0\u00bb#ffffff\u00a0\u00bb size=\u00a0\u00bbsm\u00a0\u00bb align=\u00a0\u00bbcenter\u00a0\u00bb i_align=\u00a0\u00bbright\u00a0\u00bb i_icon_fontawesome=\u00a0\u00bbfa fa-angle-up\u00a0\u00bb add_icon=\u00a0\u00bbtrue\u00a0\u00bb custom_onclick=\u00a0\u00bbtrue\u00a0\u00bb custom_onclick_code=\u00a0\u00bb$(&lsquo;html,body&rsquo;).animate({ scrollTop: $(\u00ab\u00a0body\u00ab\u00a0).offset().top &#8211; 100}, &lsquo;slow&rsquo;);\u00a0\u00bb el_class=\u00a0\u00bbpovratak-gore\u00a0\u00bb][\/vc_column][\/vc_row]<\/p>\n<\/div>","protected":false},"excerpt":{"rendered":"<p>La propolis est une substance r\u00e9sineuse que les abeilles ouvri\u00e8res recueillent sur des bourgeons des arbres et \u00e9laborent par la s\u00e9cr\u00e9tion de leurs glandes. Sa couleur va du vert brun\u00e2tre au vert de caf\u00e9 \u2013 avec le temps elle devient plus fonc\u00e9e. Elle a une odeur d\u00e9licate et un go\u00fbt l\u00e9g\u00e8rement \u00e2cre. Elle est compos\u00e9e de la r\u00e9sine, des huiles \u00e9th\u00e9r\u00e9s et du pollen, et riche en min\u00e9raux dont les plus pr\u00e9sents sont le fer et le zinc.<\/p>\n","protected":false},"featured_media":6115,"template":"","meta":{"rank_math_lock_modified_date":false},"product_cat":[138],"product_tag":[],"class_list":{"0":"post-3583","1":"product","2":"type-product","3":"status-publish","4":"has-post-thumbnail","6":"product_cat-med-honey","8":"first","9":"instock","10":"sale","11":"shipping-taxable","12":"purchasable","13":"product-type-simple"},"_links":{"self":[{"href":"https:\/\/med-honey.com\/fr\/wp-json\/wp\/v2\/product\/3583","targetHints":{"allow":["GET"]}}],"collection":[{"href":"https:\/\/med-honey.com\/fr\/wp-json\/wp\/v2\/product"}],"about":[{"href":"https:\/\/med-honey.com\/fr\/wp-json\/wp\/v2\/types\/product"}],"wp:featuredmedia":[{"embeddable":true,"href":"https:\/\/med-honey.com\/fr\/wp-json\/wp\/v2\/media\/6115"}],"wp:attachment":[{"href":"https:\/\/med-honey.com\/fr\/wp-json\/wp\/v2\/media?parent=3583"}],"wp:term":[{"taxonomy":"product_cat","embeddable":true,"href":"https:\/\/med-honey.com\/fr\/wp-json\/wp\/v2\/product_cat?post=3583"},{"taxonomy":"product_tag","embeddable":true,"href":"https:\/\/med-honey.com\/fr\/wp-json\/wp\/v2\/product_tag?post=3583"}],"curies":[{"name":"wp","href":"https:\/\/api.w.org\/{rel}","templated":true}]}}