{"id":3835,"date":"2018-10-29T11:58:15","date_gmt":"2018-10-29T10:58:15","guid":{"rendered":"https:\/\/med-honey.com\/?post_type=product&#038;p=3835"},"modified":"2020-05-07T10:52:34","modified_gmt":"2020-05-07T08:52:34","slug":"le-rayon-de-miel-dans-du-miel-500g-med-honey","status":"publish","type":"product","link":"https:\/\/med-honey.com\/fr\/shop\/le-rayon-de-miel-dans-du-miel-500g-med-honey\/","title":{"rendered":"LE RAYON DE MIEL DANS DU MIEL 500g"},"content":{"rendered":"<div class=\"wpb-content-wrapper\"><p>[vc_row el_class=\u00a0\u00bbopis-bez-poizvoda\u00a0\u00bb][vc_column][vc_row_inner][vc_column_inner][vc_column_text]<\/p>\n<h5>    <span class=\"eltdf-icon-shortcode normal    eltdf-icon-extrasmall\"  data-color=\"#27a22d\">\n        <span class=\"eltdf-icon-bckg-holder\" ><\/span>\n                    <i class=\"eltdf-icon-font-awesome fa fa fa-heartbeat eltdf-icon-element\" style=\"color: #27a22d\" ><\/i>                    <\/span>\n \u00a0 Proprietes medicinales<\/h5>\n<p>[\/vc_column_text][vc_column_text css=\u00a0\u00bb.vc_custom_1542039981020{margin-left: 40px !important;}\u00a0\u00bb]Le rayon de miel dans du miel, gr\u00e2ce \u00e0 sa composition pr\u00e9cieuse de cire et du miel (surtout d&rsquo;acacia), est conseill\u00e9 en cas de bronchite et des affections bronchiales. Il est utilis\u00e9 dans la prophylaxie des rhumes des foins, des s\u00e9cr\u00e9tions salivaires et gastriques, il prot\u00e8ge les gencives et \u00e9limine les traces du calcaire et d&rsquo;autres d\u00e9p\u00f4ts.[\/vc_column_text][\/vc_column_inner][\/vc_row_inner][vc_row_inner][vc_column_inner][vc_column_text]<\/p>\n<h5>    <span class=\"eltdf-icon-shortcode normal    eltdf-icon-extrasmall\"  data-color=\"#27a22d\">\n        <span class=\"eltdf-icon-bckg-holder\" ><\/span>\n                    <i class=\"eltdf-icon-font-awesome fa fa fa-cutlery eltdf-icon-element\" style=\"color: #27a22d\" ><\/i>                    <\/span>\n \u00a0 Usage recommande<\/h5>\n<p>[\/vc_column_text][vc_column_text css=\u00a0\u00bb.vc_custom_1542039987928{margin-left: 40px !important;}\u00a0\u00bb]Il est recommand\u00e9 de m\u00e2cher 20 \u2013 30 g du miel en rayon de cire par jour. Il faut le m\u00e2cher jusqu&rsquo;\u00e0 ce que la couleur de la cire ne devienne blanche, puis le jeter. [\/vc_column_text][\/vc_column_inner][\/vc_row_inner][vc_row_inner][vc_column_inner][vc_column_text]<\/p>\n<h5>    <span class=\"eltdf-icon-shortcode normal    eltdf-icon-extrasmall\"  data-color=\"#27a22d\">\n        <span class=\"eltdf-icon-bckg-holder\" ><\/span>\n                    <i class=\"eltdf-icon-font-awesome fa fa fa-archive eltdf-icon-element\" style=\"color: #27a22d\" ><\/i>                    <\/span>\n \u00a0 Mode de conservation<\/h5>\n<p>[\/vc_column_text][vc_column_text css=\u00a0\u00bb.vc_custom_1542039996958{margin-left: 40px !important;}\u00a0\u00bb]Garder dans un endroit sombre \u00e0 une temp\u00e9rature ambiante.[\/vc_column_text][\/vc_column_inner][\/vc_row_inner][vc_row_inner][vc_column_inner][vc_column_text]<\/p>\n<h5>    <span class=\"eltdf-icon-shortcode normal    eltdf-icon-extrasmall\"  data-color=\"#27a22d\">\n        <span class=\"eltdf-icon-bckg-holder\" ><\/span>\n                    <i class=\"eltdf-icon-font-awesome fa fa fa-exclamation-circle eltdf-icon-element\" style=\"color: #27a22d\" ><\/i>                    <\/span>\n \u00a0 Note<\/h5>\n<p>[\/vc_column_text][vc_column_text css=\u00a0\u00bb.vc_custom_1542040004080{margin-left: 40px !important;}\u00a0\u00bb]Le rayon de miel dans du miel cristallise naturellement. Le miel cristallis\u00e9 ne perd pas ses propri\u00e9t\u00e9s m\u00e9dicinales et peut \u00eatre utilis\u00e9 sans aucun traitement thermique.[\/vc_column_text][\/vc_column_inner][\/vc_row_inner][\/vc_column][\/vc_row][vc_row css=\u00a0\u00bb.vc_custom_1542796378469{margin-top: 50px !important;padding-bottom: 40px !important;}\u00a0\u00bb][vc_column]<div class=\"eltdf-section-title-holder  \" >\n\t<div class=\"eltdf-st-inner\">\n\t\t\t\t\t\t\t<h6 class=\"eltdf-st-text\" style=\"color: #23a130;font-size: 30px\">\n\t\t\t\tPRODUITS CONNEXES ...\t\t\t<\/h6>\n\t\t\t<\/div>\n<\/div>[\/vc_column][\/vc_row][vc_row][vc_column width=\u00a0\u00bb1\/4&Prime;][vc_single_image image=\u00a0\u00bb4574&Prime; img_size=\u00a0\u00bbfull\u00a0\u00bb alignment=\u00a0\u00bbcenter\u00a0\u00bb style=\u00a0\u00bbvc_box_rounded\u00a0\u00bb onclick=\u00a0\u00bbcustom_link\u00a0\u00bb link=\u00a0\u00bb\/fr\/shop\/le-rayon-de-miel-dans-du-miel-1kg-med-honey\/\u00a0\u00bb][vc_custom_heading text=\u00a0\u00bbLE RAYON DE MIEL DANS DU MIEL\u00a0\u00bb font_container=\u00a0\u00bbtag:p|font_size:20px|text_align:center|color:%23000000&Prime; google_fonts=\u00a0\u00bbfont_family:Marcellus%3Aregular|font_style:400%20regular%3A400%3Anormal\u00a0\u00bb link=\u00a0\u00bburl:%2Ffr%2fshop%2fle-rayon-de-miel-dans-du-miel-1kg-med-honey%2F|||\u00a0\u00bb][vc_column_text]<\/p>\n<hr style=\"border: 0; height: 1px; background-image: linear-gradient(to right, rgba(0, 0, 0, 0), rgba(39, 162, 45, 0.75), rgba(0, 0, 0, 0));\" \/>\n<p>[\/vc_column_text][vc_custom_heading text=\u00a0\u00bbPoids net: <strong>1kg<\/strong>\u00a0\u00bb font_container=\u00a0\u00bbtag:p|font_size:14px|text_align:center|color:%2327a22d\u00a0\u00bb use_theme_fonts=\u00a0\u00bbyes\u00a0\u00bb][vc_btn title=\u00a0\u00bb<strong>PLUS DE D\u00c9TAILS<\/strong>\u00a0\u00bb style=\u00a0\u00bbgradient-custom\u00a0\u00bb gradient_custom_color_1=\u00a0\u00bb#1e73be\u00a0\u00bb gradient_custom_color_2=\u00a0\u00bb#00a9e4&Prime; shape=\u00a0\u00bbround\u00a0\u00bb size=\u00a0\u00bbxs\u00a0\u00bb align=\u00a0\u00bbcenter\u00a0\u00bb link=\u00a0\u00bburl:%2Ffr%2fshop%2fle-rayon-de-miel-dans-du-miel-1kg-med-honey%2F|||\u00a0\u00bb][\/vc_column][vc_column width=\u00a0\u00bb1\/4&Prime;][vc_single_image image=\u00a0\u00bb6117&Prime; img_size=\u00a0\u00bbfull\u00a0\u00bb alignment=\u00a0\u00bbcenter\u00a0\u00bb style=\u00a0\u00bbvc_box_rounded\u00a0\u00bb onclick=\u00a0\u00bbcustom_link\u00a0\u00bb link=\u00a0\u00bb\/fr\/shop\/le-rayon-de-miel-avec-du-miel\/\u00a0\u00bb][vc_custom_heading text=\u00a0\u00bbLE RAYON DE MIEL AVEC DU MIEL\u00a0\u00bb font_container=\u00a0\u00bbtag:p|font_size:20px|text_align:center|color:%23000000&Prime; google_fonts=\u00a0\u00bbfont_family:Marcellus%3Aregular|font_style:400%20regular%3A400%3Anormal\u00a0\u00bb link=\u00a0\u00bburl:%2Ffr%2fshop%2fsace%2F|||\u00a0\u00bb][vc_column_text]<\/p>\n<hr style=\"border: 0; height: 1px; background-image: linear-gradient(to right, rgba(0, 0, 0, 0), rgba(39, 162, 45, 0.75), rgba(0, 0, 0, 0));\" \/>\n<p>[\/vc_column_text][vc_custom_heading text=\u00a0\u00bbPoids net: <strong>300g<\/strong>\u00a0\u00bb font_container=\u00a0\u00bbtag:p|font_size:14px|text_align:center|color:%2327a22d\u00a0\u00bb use_theme_fonts=\u00a0\u00bbyes\u00a0\u00bb][vc_btn title=\u00a0\u00bb<strong>PLUS DE D\u00c9TAILS<\/strong>\u00a0\u00bb style=\u00a0\u00bbgradient-custom\u00a0\u00bb gradient_custom_color_1=\u00a0\u00bb#1e73be\u00a0\u00bb gradient_custom_color_2=\u00a0\u00bb#00a9e4&Prime; shape=\u00a0\u00bbround\u00a0\u00bb size=\u00a0\u00bbxs\u00a0\u00bb align=\u00a0\u00bbcenter\u00a0\u00bb link=\u00a0\u00bburl:%2Ffr%2fshop%2fsace%2F|||\u00a0\u00bb][\/vc_column][vc_column width=\u00a0\u00bb1\/4&Prime;][vc_single_image image=\u00a0\u00bb4552&Prime; img_size=\u00a0\u00bbfull\u00a0\u00bb alignment=\u00a0\u00bbcenter\u00a0\u00bb style=\u00a0\u00bbvc_box_rounded\u00a0\u00bb onclick=\u00a0\u00bbcustom_link\u00a0\u00bb link=\u00a0\u00bb\/fr\/shop\/le-rayon-de-miel-dans-du-miel-1kg-bear\/\u00a0\u00bb][vc_custom_heading text=\u00a0\u00bbLE RAYON DE MIEL DANS DU MIEL\u00a0\u00bb font_container=\u00a0\u00bbtag:p|font_size:20px|text_align:center|color:%23000000&Prime; google_fonts=\u00a0\u00bbfont_family:Marcellus%3Aregular|font_style:400%20regular%3A400%3Anormal\u00a0\u00bb link=\u00a0\u00bburl:%2Ffr%2fshop%2fle-rayon-de-miel-dans-du-miel-1kg-bear%2F|||\u00a0\u00bb][vc_column_text]<\/p>\n<hr style=\"border: 0; height: 1px; background-image: linear-gradient(to right, rgba(0, 0, 0, 0), rgba(39, 162, 45, 0.75), rgba(0, 0, 0, 0));\" \/>\n<p>[\/vc_column_text][vc_custom_heading text=\u00a0\u00bbPoids net: <strong>1kg<\/strong>\u00a0\u00bb font_container=\u00a0\u00bbtag:p|font_size:14px|text_align:center|color:%2327a22d\u00a0\u00bb use_theme_fonts=\u00a0\u00bbyes\u00a0\u00bb][vc_btn title=\u00a0\u00bb<strong>PLUS DE D\u00c9TAILS<\/strong>\u00a0\u00bb style=\u00a0\u00bbgradient-custom\u00a0\u00bb gradient_custom_color_1=\u00a0\u00bb#1e73be\u00a0\u00bb gradient_custom_color_2=\u00a0\u00bb#00a9e4&Prime; shape=\u00a0\u00bbround\u00a0\u00bb size=\u00a0\u00bbxs\u00a0\u00bb align=\u00a0\u00bbcenter\u00a0\u00bb link=\u00a0\u00bburl:%2Ffr%2fshop%2fle-rayon-de-miel-dans-du-miel-1kg-bear%2F|||\u00a0\u00bb][\/vc_column][vc_column width=\u00a0\u00bb1\/4&Prime;][vc_single_image image=\u00a0\u00bb4553&Prime; img_size=\u00a0\u00bbfull\u00a0\u00bb alignment=\u00a0\u00bbcenter\u00a0\u00bb style=\u00a0\u00bbvc_box_rounded\u00a0\u00bb onclick=\u00a0\u00bbcustom_link\u00a0\u00bb link=\u00a0\u00bb\/fr\/shop\/le-rayon-de-miel-dans-du-miel-500g-bear\/\u00a0\u00bb][vc_custom_heading text=\u00a0\u00bbLE RAYON DE MIEL DANS DU MIEL\u00a0\u00bb font_container=\u00a0\u00bbtag:p|font_size:20px|text_align:center|color:%23000000&Prime; google_fonts=\u00a0\u00bbfont_family:Marcellus%3Aregular|font_style:400%20regular%3A400%3Anormal\u00a0\u00bb link=\u00a0\u00bburl:%2Ffr%2fshop%2fle-rayon-de-miel-dans-du-miel-500g-bear%2F|||\u00a0\u00bb][vc_column_text]<\/p>\n<hr style=\"border: 0; height: 1px; background-image: linear-gradient(to right, rgba(0, 0, 0, 0), rgba(39, 162, 45, 0.75), rgba(0, 0, 0, 0));\" \/>\n<p>[\/vc_column_text][vc_custom_heading text=\u00a0\u00bbPoids net: <strong>0,5kg<\/strong>\u00a0\u00bb font_container=\u00a0\u00bbtag:p|font_size:14px|text_align:center|color:%2327a22d\u00a0\u00bb use_theme_fonts=\u00a0\u00bbyes\u00a0\u00bb][vc_btn title=\u00a0\u00bb<strong>PLUS DE D\u00c9TAILS<\/strong>\u00a0\u00bb style=\u00a0\u00bbgradient-custom\u00a0\u00bb gradient_custom_color_1=\u00a0\u00bb#1e73be\u00a0\u00bb gradient_custom_color_2=\u00a0\u00bb#00a9e4&Prime; shape=\u00a0\u00bbround\u00a0\u00bb size=\u00a0\u00bbxs\u00a0\u00bb align=\u00a0\u00bbcenter\u00a0\u00bb link=\u00a0\u00bburl:%2Ffr%2fshop%2fle-rayon-de-miel-dans-du-miel-500g-bear%2F|||\u00a0\u00bb][\/vc_column][\/vc_row][vc_row][vc_column][vc_btn title=\u00a0\u00bbRETOUR EN HAUT\u00a0\u00bb style=\u00a0\u00bboutline-custom\u00a0\u00bb outline_custom_color=\u00a0\u00bb#f4e4c4&Prime; outline_custom_hover_background=\u00a0\u00bb#f4e4c4&Prime; outline_custom_hover_text=\u00a0\u00bb#ffffff\u00a0\u00bb size=\u00a0\u00bbsm\u00a0\u00bb align=\u00a0\u00bbcenter\u00a0\u00bb i_align=\u00a0\u00bbright\u00a0\u00bb i_icon_fontawesome=\u00a0\u00bbfa fa-angle-up\u00a0\u00bb add_icon=\u00a0\u00bbtrue\u00a0\u00bb custom_onclick=\u00a0\u00bbtrue\u00a0\u00bb custom_onclick_code=\u00a0\u00bb$(&lsquo;html,body&rsquo;).animate({ scrollTop: $(\u00ab\u00a0body\u00ab\u00a0).offset().top &#8211; 100}, &lsquo;slow&rsquo;);\u00a0\u00bb el_class=\u00a0\u00bbpovratak-gore\u00a0\u00bb][\/vc_column][\/vc_row]<\/p>\n<\/div>","protected":false},"excerpt":{"rendered":"<p>Le rayon de miel dans du miel est le miel dans un conditionnement naturel, et on peut dire librement que c&rsquo;est le conditionnement le plus sain, fait de cire naturelle des abeilles. La couleur de rayon de miel va de jaune clair aux teintes plus fonc\u00e9es, suivant la sorte du miel et des conditions m\u00e9t\u00e9orologiques. La cire d&rsquo;abeille est riche en acides gras libres, propolis, huiles \u00e9th\u00e9r\u00e9s, vitamines et autres \u00e9l\u00e9ments utiles. <\/p>\n","protected":false},"featured_media":4648,"template":"","meta":{"rank_math_lock_modified_date":false},"product_cat":[138],"product_tag":[],"class_list":{"0":"post-3835","1":"product","2":"type-product","3":"status-publish","4":"has-post-thumbnail","6":"product_cat-med-honey","8":"first","9":"instock","10":"shipping-taxable","11":"purchasable","12":"product-type-simple"},"_links":{"self":[{"href":"https:\/\/med-honey.com\/fr\/wp-json\/wp\/v2\/product\/3835","targetHints":{"allow":["GET"]}}],"collection":[{"href":"https:\/\/med-honey.com\/fr\/wp-json\/wp\/v2\/product"}],"about":[{"href":"https:\/\/med-honey.com\/fr\/wp-json\/wp\/v2\/types\/product"}],"wp:featuredmedia":[{"embeddable":true,"href":"https:\/\/med-honey.com\/fr\/wp-json\/wp\/v2\/media\/4648"}],"wp:attachment":[{"href":"https:\/\/med-honey.com\/fr\/wp-json\/wp\/v2\/media?parent=3835"}],"wp:term":[{"taxonomy":"product_cat","embeddable":true,"href":"https:\/\/med-honey.com\/fr\/wp-json\/wp\/v2\/product_cat?post=3835"},{"taxonomy":"product_tag","embeddable":true,"href":"https:\/\/med-honey.com\/fr\/wp-json\/wp\/v2\/product_tag?post=3835"}],"curies":[{"name":"wp","href":"https:\/\/api.w.org\/{rel}","templated":true}]}}