{"id":4177,"date":"2018-11-07T14:40:05","date_gmt":"2018-11-07T13:40:05","guid":{"rendered":"https:\/\/med-honey.com\/?post_type=product&#038;p=4177"},"modified":"2019-05-29T12:23:07","modified_gmt":"2019-05-29T10:23:07","slug":"le-miel-de-prairie-home-made-1kg","status":"publish","type":"product","link":"https:\/\/med-honey.com\/fr\/shop\/le-miel-de-prairie-home-made-1kg\/","title":{"rendered":"LE MIEL DE PRAIRIE 1kg"},"content":{"rendered":"<div class=\"wpb-content-wrapper\"><p>[vc_row el_class=\u00a0\u00bbopis-bez-poizvoda\u00a0\u00bb][vc_column][vc_row_inner][vc_column_inner][vc_column_text]<\/p>\n<h5>    <span class=\"eltdf-icon-shortcode normal    eltdf-icon-extrasmall\"  data-color=\"#27a22d\">\n        <span class=\"eltdf-icon-bckg-holder\" ><\/span>\n                    <i class=\"eltdf-icon-font-awesome fa fa fa-heartbeat eltdf-icon-element\" style=\"color: #27a22d\" ><\/i>                    <\/span>\n \u00a0 Proprietes medicinales<\/h5>\n<p>[\/vc_column_text][vc_column_text css=\u00a0\u00bb.vc_custom_1542039981020{margin-left: 40px !important;}\u00a0\u00bb]Gr\u00e2ce \u00e0 sa composition vari\u00e9e et riche, le miel de prairie est utilis\u00e9 depuis les temps anciens dans la m\u00e9decine populaire comme un m\u00e9dicament compl\u00e9mentaire. La m\u00e9decine moderne a affirm\u00e9 son efficacit\u00e9 dans le traitement des maladies intestinales et gastriques, pulmonaires et r\u00e9nales, et surtout des maladies coronaires et vasculaires. Le miel de prairie a des effets bienfaisants sur les convalescents et ceux qui manquent d&rsquo;\u00e9nergie.[\/vc_column_text][\/vc_column_inner][\/vc_row_inner][vc_row_inner][vc_column_inner][vc_column_text]<\/p>\n<h5>    <span class=\"eltdf-icon-shortcode normal    eltdf-icon-extrasmall\"  data-color=\"#27a22d\">\n        <span class=\"eltdf-icon-bckg-holder\" ><\/span>\n                    <i class=\"eltdf-icon-font-awesome fa fa fa-cutlery eltdf-icon-element\" style=\"color: #27a22d\" ><\/i>                    <\/span>\n \u00a0 Usage recommande<\/h5>\n<p>[\/vc_column_text][vc_column_text css=\u00a0\u00bb.vc_custom_1542039987928{margin-left: 40px !important;}\u00a0\u00bb]Il est conseill\u00e9 de prendre une cuill\u00e8re \u00e0 caf\u00e9 (ou plus) du miel de prairie le matin, avant le petit d\u00e9jeuner ou dissous dans de l&rsquo;eau ti\u00e8de, du lait, du th\u00e9, ou mieux encore, dans du vinaigre de pommes. [\/vc_column_text][\/vc_column_inner][\/vc_row_inner][vc_row_inner][vc_column_inner][vc_column_text]<\/p>\n<h5>    <span class=\"eltdf-icon-shortcode normal    eltdf-icon-extrasmall\"  data-color=\"#27a22d\">\n        <span class=\"eltdf-icon-bckg-holder\" ><\/span>\n                    <i class=\"eltdf-icon-font-awesome fa fa fa-archive eltdf-icon-element\" style=\"color: #27a22d\" ><\/i>                    <\/span>\n \u00a0 Mode de conservation<\/h5>\n<p>[\/vc_column_text][\/vc_column_inner][\/vc_row_inner][vc_column_text css=\u00a0\u00bb.vc_custom_1542039996958{margin-left: 40px !important;}\u00a0\u00bb]Le miel de prairie doit \u00eatre conserv\u00e9 \u00e0 une temp\u00e9rature ambiante, \u00e0 l\u2019abri de la lumi\u00e8re.[\/vc_column_text][vc_row_inner][vc_column_inner][vc_column_text]<\/p>\n<h5>    <span class=\"eltdf-icon-shortcode normal    eltdf-icon-extrasmall\"  data-color=\"#27a22d\">\n        <span class=\"eltdf-icon-bckg-holder\" ><\/span>\n                    <i class=\"eltdf-icon-font-awesome fa fa fa-exclamation-circle eltdf-icon-element\" style=\"color: #27a22d\" ><\/i>                    <\/span>\n \u00a0 Note<\/h5>\n<p>[\/vc_column_text][\/vc_column_inner][\/vc_row_inner][vc_column_text css=\u00a0\u00bb.vc_custom_1542040004080{margin-left: 40px !important;}\u00a0\u00bb]La propri\u00e9t\u00e9 naturelle du miel est de cristalliser. Le miel cristallis\u00e9 peut \u00eatre ramen\u00e9 en solution par un r\u00e9chauffement &#8211; ti\u00e9dir le pot de miel au bain-marie \u00e0 une temp\u00e9rature qui ne d\u00e9passe pas 50\u00b0 C afin de conserver les propri\u00e9t\u00e9s m\u00e9dicinales du miel.[\/vc_column_text][\/vc_column][\/vc_row][vc_row css=\u00a0\u00bb.vc_custom_1542796369323{margin-top: 50px !important;padding-bottom: 40px !important;}\u00a0\u00bb][vc_column]<div class=\"eltdf-section-title-holder  \" >\n\t<div class=\"eltdf-st-inner\">\n\t\t\t\t\t\t\t<h6 class=\"eltdf-st-text\" style=\"color: #23a130;font-size: 30px\">\n\t\t\t\tPRODUITS CONNEXES ...\t\t\t<\/h6>\n\t\t\t<\/div>\n<\/div>[\/vc_column][\/vc_row][vc_row][vc_column width=\u00a0\u00bb1\/4&Prime;][vc_single_image image=\u00a0\u00bb6029&Prime; img_size=\u00a0\u00bbfull\u00a0\u00bb alignment=\u00a0\u00bbcenter\u00a0\u00bb style=\u00a0\u00bbvc_box_rounded\u00a0\u00bb onclick=\u00a0\u00bbcustom_link\u00a0\u00bb link=\u00a0\u00bb\/fr\/shop\/le-miel-de-prairie-1kg-med-honey\/\u00a0\u00bb][vc_custom_heading text=\u00a0\u00bbLE MIEL DE PRAIRIE\u00a0\u00bb font_container=\u00a0\u00bbtag:p|font_size:20px|text_align:center|color:%23000000&Prime; google_fonts=\u00a0\u00bbfont_family:Marcellus%3Aregular|font_style:400%20regular%3A400%3Anormal\u00a0\u00bb link=\u00a0\u00bburl:%2Ffr%2fshop%2fle-miel-de-prairie-1kg-med-honey%2F|||\u00a0\u00bb][vc_column_text]<\/p>\n<hr style=\"border: 0; height: 1px; background-image: linear-gradient(to right, rgba(0, 0, 0, 0), rgba(39, 162, 45, 0.75), rgba(0, 0, 0, 0));\" \/>\n<p>[\/vc_column_text][vc_custom_heading text=\u00a0\u00bbPoids net: <strong>1kg<\/strong>\u00a0\u00bb font_container=\u00a0\u00bbtag:p|font_size:14px|text_align:center|color:%2327a22d\u00a0\u00bb use_theme_fonts=\u00a0\u00bbyes\u00a0\u00bb el_class=\u00a0\u00bbakcijski-proizvodi\u00a0\u00bb][vc_btn title=\u00a0\u00bb<strong>PLUS DE D\u00c9TAILS<\/strong>\u00a0\u00bb style=\u00a0\u00bbgradient-custom\u00a0\u00bb gradient_custom_color_1=\u00a0\u00bb#1e73be\u00a0\u00bb gradient_custom_color_2=\u00a0\u00bb#00a9e4&Prime; shape=\u00a0\u00bbround\u00a0\u00bb size=\u00a0\u00bbxs\u00a0\u00bb align=\u00a0\u00bbcenter\u00a0\u00bb link=\u00a0\u00bburl:%2Ffr%2fshop%2fle-miel-de-prairie-1kg-med-honey%2F|||\u00a0\u00bb][\/vc_column][vc_column width=\u00a0\u00bb1\/4&Prime;][vc_single_image image=\u00a0\u00bb6031&Prime; img_size=\u00a0\u00bbfull\u00a0\u00bb alignment=\u00a0\u00bbcenter\u00a0\u00bb style=\u00a0\u00bbvc_box_rounded\u00a0\u00bb onclick=\u00a0\u00bbcustom_link\u00a0\u00bb link=\u00a0\u00bb\/fr\/shop\/le-miel-de-prairie-700g-extra-quality\/\u00a0\u00bb][vc_custom_heading text=\u00a0\u00bbLE MIEL DE PRAIRIE\u00a0\u00bb font_container=\u00a0\u00bbtag:p|font_size:20px|text_align:center|color:%23000000&Prime; google_fonts=\u00a0\u00bbfont_family:Marcellus%3Aregular|font_style:400%20regular%3A400%3Anormal\u00a0\u00bb link=\u00a0\u00bburl:%2Ffr%2fshop%2fle-miel-de-prairie-700g-extra-quality%2F|||\u00a0\u00bb][vc_column_text]<\/p>\n<hr style=\"border: 0; height: 1px; background-image: linear-gradient(to right, rgba(0, 0, 0, 0), rgba(39, 162, 45, 0.75), rgba(0, 0, 0, 0));\" \/>\n<p>[\/vc_column_text][vc_custom_heading text=\u00a0\u00bbPoids net: <strong>700g<\/strong>\u00a0\u00bb font_container=\u00a0\u00bbtag:p|font_size:14px|text_align:center|color:%2327a22d\u00a0\u00bb use_theme_fonts=\u00a0\u00bbyes\u00a0\u00bb el_class=\u00a0\u00bbakcijski-proizvodi\u00a0\u00bb][vc_btn title=\u00a0\u00bb<strong>PLUS DE D\u00c9TAILS<\/strong>\u00a0\u00bb style=\u00a0\u00bbgradient-custom\u00a0\u00bb gradient_custom_color_1=\u00a0\u00bb#1e73be\u00a0\u00bb gradient_custom_color_2=\u00a0\u00bb#00a9e4&Prime; shape=\u00a0\u00bbround\u00a0\u00bb size=\u00a0\u00bbxs\u00a0\u00bb align=\u00a0\u00bbcenter\u00a0\u00bb link=\u00a0\u00bburl:%2Ffr%2fshop%2fle-miel-de-prairie-700g-extra-quality%2F|||\u00a0\u00bb][\/vc_column][vc_column width=\u00a0\u00bb1\/4&Prime;][vc_single_image image=\u00a0\u00bb6041&Prime; img_size=\u00a0\u00bbfull\u00a0\u00bb alignment=\u00a0\u00bbcenter\u00a0\u00bb style=\u00a0\u00bbvc_box_rounded\u00a0\u00bb onclick=\u00a0\u00bbcustom_link\u00a0\u00bb link=\u00a0\u00bb\/fr\/shop\/le-miel-de-prairie-1kg-bear\/\u00a0\u00bb][vc_custom_heading text=\u00a0\u00bbLE MIEL DE PRAIRIE\u00a0\u00bb font_container=\u00a0\u00bbtag:p|font_size:20px|text_align:center|color:%23000000&Prime; google_fonts=\u00a0\u00bbfont_family:Marcellus%3Aregular|font_style:400%20regular%3A400%3Anormal\u00a0\u00bb link=\u00a0\u00bburl:%2Ffr%2fshop%2fle-miel-de-prairie-1kg-bear%2F|||\u00a0\u00bb][vc_column_text]<\/p>\n<hr style=\"border: 0; height: 1px; background-image: linear-gradient(to right, rgba(0, 0, 0, 0), rgba(39, 162, 45, 0.75), rgba(0, 0, 0, 0));\" \/>\n<p>[\/vc_column_text][vc_custom_heading text=\u00a0\u00bbPoids net: <strong>1kg<\/strong>\u00a0\u00bb font_container=\u00a0\u00bbtag:p|font_size:14px|text_align:center|color:%2327a22d\u00a0\u00bb use_theme_fonts=\u00a0\u00bbyes\u00a0\u00bb el_class=\u00a0\u00bbakcijski-proizvodi\u00a0\u00bb][vc_btn title=\u00a0\u00bb<strong>PLUS DE D\u00c9TAILS<\/strong>\u00a0\u00bb style=\u00a0\u00bbgradient-custom\u00a0\u00bb gradient_custom_color_1=\u00a0\u00bb#1e73be\u00a0\u00bb gradient_custom_color_2=\u00a0\u00bb#00a9e4&Prime; shape=\u00a0\u00bbround\u00a0\u00bb size=\u00a0\u00bbxs\u00a0\u00bb align=\u00a0\u00bbcenter\u00a0\u00bb link=\u00a0\u00bburl:%2Ffr%2fshop%2fle-miel-de-prairie-1kg-bear%2F|||\u00a0\u00bb][\/vc_column][vc_column width=\u00a0\u00bb1\/4&Prime;][vc_single_image image=\u00a0\u00bb6043&Prime; img_size=\u00a0\u00bbfull\u00a0\u00bb alignment=\u00a0\u00bbcenter\u00a0\u00bb style=\u00a0\u00bbvc_box_rounded\u00a0\u00bb onclick=\u00a0\u00bbcustom_link\u00a0\u00bb link=\u00a0\u00bb\/fr\/shop\/le-miel-de-prairie-mountain-1kg\/\u00a0\u00bb][vc_custom_heading text=\u00a0\u00bbLE MIEL DE PRAIRIE\u00a0\u00bb font_container=\u00a0\u00bbtag:p|font_size:20px|text_align:center|color:%23000000&Prime; google_fonts=\u00a0\u00bbfont_family:Marcellus%3Aregular|font_style:400%20regular%3A400%3Anormal\u00a0\u00bb link=\u00a0\u00bburl:%2Ffr%2fshop%2fle-miel-de-prairie-mountain-1kg%2F|||\u00a0\u00bb][vc_column_text]<\/p>\n<hr style=\"border: 0; height: 1px; background-image: linear-gradient(to right, rgba(0, 0, 0, 0), rgba(39, 162, 45, 0.75), rgba(0, 0, 0, 0));\" \/>\n<p>[\/vc_column_text][vc_custom_heading text=\u00a0\u00bbPoids net: <strong>1kg<\/strong>\u00a0\u00bb font_container=\u00a0\u00bbtag:p|font_size:14px|text_align:center|color:%2327a22d\u00a0\u00bb use_theme_fonts=\u00a0\u00bbyes\u00a0\u00bb el_class=\u00a0\u00bbakcijski-proizvodi\u00a0\u00bb][vc_btn title=\u00a0\u00bb<strong>PLUS DE D\u00c9TAILS<\/strong>\u00a0\u00bb style=\u00a0\u00bbgradient-custom\u00a0\u00bb gradient_custom_color_1=\u00a0\u00bb#1e73be\u00a0\u00bb gradient_custom_color_2=\u00a0\u00bb#00a9e4&Prime; shape=\u00a0\u00bbround\u00a0\u00bb size=\u00a0\u00bbxs\u00a0\u00bb align=\u00a0\u00bbcenter\u00a0\u00bb link=\u00a0\u00bburl:%2Ffr%2fshop%2fle-miel-de-prairie-mountain-1kg%2F|||\u00a0\u00bb][\/vc_column][\/vc_row][vc_row][vc_column][vc_btn title=\u00a0\u00bbRETOUR EN HAUT\u00a0\u00bb style=\u00a0\u00bboutline-custom\u00a0\u00bb outline_custom_color=\u00a0\u00bb#f4e4c4&Prime; outline_custom_hover_background=\u00a0\u00bb#f4e4c4&Prime; outline_custom_hover_text=\u00a0\u00bb#ffffff\u00a0\u00bb size=\u00a0\u00bbsm\u00a0\u00bb align=\u00a0\u00bbcenter\u00a0\u00bb i_align=\u00a0\u00bbright\u00a0\u00bb i_icon_fontawesome=\u00a0\u00bbfa fa-angle-up\u00a0\u00bb add_icon=\u00a0\u00bbtrue\u00a0\u00bb custom_onclick=\u00a0\u00bbtrue\u00a0\u00bb custom_onclick_code=\u00a0\u00bb$(&lsquo;html,body&rsquo;).animate({ scrollTop: $(\u00ab\u00a0body\u00ab\u00a0).offset().top &#8211; 100}, &lsquo;slow&rsquo;);\u00a0\u00bb el_class=\u00a0\u00bbpovratak-gore\u00a0\u00bb][\/vc_column][\/vc_row]<\/p>\n<\/div>","protected":false},"excerpt":{"rendered":"<p>Le miel de prairie provient de la diversit\u00e9 florale des prairies des montagnes de Homolje. Sa couleur, sa saveur et son ar\u00f4me varient selon les plantes dont il est compos\u00e9. Sa couleur va de jaune claire et rouge\u00e2tre aux nuances plus fonc\u00e9es. Suivant la pr\u00e9dominance d\u2019une plante, sa saveur peut \u00eatre agr\u00e9ablement douce, mais aussi teint\u00e9 d&rsquo;amertume. Le miel de prairie contient des enzymes, des min\u00e9raux, des acides organiques, des vitamines et d\u2019autres \u00e9l\u00e9ments vitaux. <\/p>\n","protected":false},"featured_media":6050,"template":"","meta":{"rank_math_lock_modified_date":false},"product_cat":[141],"product_tag":[],"class_list":{"0":"post-4177","1":"product","2":"type-product","3":"status-publish","4":"has-post-thumbnail","6":"product_cat-domaci","8":"first","9":"instock","10":"sale","11":"shipping-taxable","12":"purchasable","13":"product-type-simple"},"_links":{"self":[{"href":"https:\/\/med-honey.com\/fr\/wp-json\/wp\/v2\/product\/4177","targetHints":{"allow":["GET"]}}],"collection":[{"href":"https:\/\/med-honey.com\/fr\/wp-json\/wp\/v2\/product"}],"about":[{"href":"https:\/\/med-honey.com\/fr\/wp-json\/wp\/v2\/types\/product"}],"wp:featuredmedia":[{"embeddable":true,"href":"https:\/\/med-honey.com\/fr\/wp-json\/wp\/v2\/media\/6050"}],"wp:attachment":[{"href":"https:\/\/med-honey.com\/fr\/wp-json\/wp\/v2\/media?parent=4177"}],"wp:term":[{"taxonomy":"product_cat","embeddable":true,"href":"https:\/\/med-honey.com\/fr\/wp-json\/wp\/v2\/product_cat?post=4177"},{"taxonomy":"product_tag","embeddable":true,"href":"https:\/\/med-honey.com\/fr\/wp-json\/wp\/v2\/product_tag?post=4177"}],"curies":[{"name":"wp","href":"https:\/\/api.w.org\/{rel}","templated":true}]}}