{"id":4191,"date":"2018-11-07T14:49:40","date_gmt":"2018-11-07T13:49:40","guid":{"rendered":"https:\/\/med-honey.com\/?post_type=product&#038;p=4191"},"modified":"2026-02-19T11:12:46","modified_gmt":"2026-02-19T10:12:46","slug":"gelee-royale-avec-du-pollen-home-made-500g","status":"publish","type":"product","link":"https:\/\/med-honey.com\/fr\/shop\/gelee-royale-avec-du-pollen-home-made-500g\/","title":{"rendered":"GEL\u00c9E ROYALE AVEC DU POLLEN 500g"},"content":{"rendered":"<div class=\"wpb-content-wrapper\"><p>[vc_row el_class=\u00a0\u00bbopis-bez-poizvoda\u00a0\u00bb][vc_column][vc_row_inner][vc_column_inner][vc_column_text]<\/p>\n<h5>    <span class=\"eltdf-icon-shortcode normal    eltdf-icon-extrasmall\"  data-color=\"#27a22d\">\n        <span class=\"eltdf-icon-bckg-holder\" ><\/span>\n                    <i class=\"eltdf-icon-font-awesome fa fa fa-list eltdf-icon-element\" style=\"color: #27a22d\" ><\/i>                    <\/span>\n \u00a0 Composition<\/h5>\n<p>[\/vc_column_text][vc_column_text css=\u00a0\u00bb.vc_custom_1771495962434{margin-left: 40px !important;}\u00a0\u00bb]La gel\u00e9e royale: 20 g<br \/>\nPollen: 50 g<br \/>\nPropolis: 20 g<br \/>\nMiel: 430 g[\/vc_column_text][\/vc_column_inner][\/vc_row_inner][vc_row_inner][vc_column_inner][vc_column_text]<\/p>\n<h5>    <span class=\"eltdf-icon-shortcode normal    eltdf-icon-extrasmall\"  data-color=\"#27a22d\">\n        <span class=\"eltdf-icon-bckg-holder\" ><\/span>\n                    <i class=\"eltdf-icon-font-awesome fa fa fa-heartbeat eltdf-icon-element\" style=\"color: #27a22d\" ><\/i>                    <\/span>\n \u00a0 Indication<\/h5>\n<p>[\/vc_column_text][vc_column_text css=\u00a0\u00bb.vc_custom_1542039981020{margin-left: 40px !important;}\u00a0\u00bb]La gel\u00e9e royale est un aliment remarquable qui favorise la croissance, reconstitue les forces, r\u00e9g\u00e9n\u00e8re l&rsquo;organisme, rafra\u00eechie la m\u00e9moire et r\u00e9tablie le m\u00e9tabolisme. La gel\u00e9e royale m\u00e9lang\u00e9e avec du miel et de la propolis est un compl\u00e9ment id\u00e9al d&rsquo;alimentation pour les enfants parce qu&rsquo;elle redonne l&rsquo;app\u00e9tit, favorise la croissance et le d\u00e9veloppement et stimule l&rsquo;immunit\u00e9 d&rsquo;un organisme jeune. Les valeurs nutritives de la gel\u00e9e royale sont le mieux conserv\u00e9es dans le miel, constituant un compl\u00e9mentent de vitamines excellent \u00e0 sa composition. Ses valeurs m\u00e9dicinales stimulent la r\u00e9sistance de l&rsquo;organisme des enfants, leur apportant une \u00absant\u00e9 de fer\u00bb.[\/vc_column_text][\/vc_column_inner][\/vc_row_inner][vc_row_inner][vc_column_inner][vc_column_text]<\/p>\n<h5>    <span class=\"eltdf-icon-shortcode normal    eltdf-icon-extrasmall\"  data-color=\"#27a22d\">\n        <span class=\"eltdf-icon-bckg-holder\" ><\/span>\n                    <i class=\"eltdf-icon-font-awesome fa fa fa-cutlery eltdf-icon-element\" style=\"color: #27a22d\" ><\/i>                    <\/span>\n \u00a0 Usage recommand\u00e9<\/h5>\n<p>[\/vc_column_text][vc_column_text css=\u00a0\u00bb.vc_custom_1544287064749{margin-left: 40px !important;}\u00a0\u00bb]Le matin prendre une cuill\u00e8re \u00e0 caf\u00e9 (en bois ou en plastique) avec de l&rsquo;eau ti\u00e8de. En cas de convalescence ne pas utiliser plus de trois fois par jour.[\/vc_column_text][\/vc_column_inner][\/vc_row_inner][vc_row_inner][vc_column_inner][vc_column_text]<\/p>\n<h5>    <span class=\"eltdf-icon-shortcode normal    eltdf-icon-extrasmall\"  data-color=\"#27a22d\">\n        <span class=\"eltdf-icon-bckg-holder\" ><\/span>\n                    <i class=\"eltdf-icon-font-awesome fa fa fa-archive eltdf-icon-element\" style=\"color: #27a22d\" ><\/i>                    <\/span>\n \u00a0 Conservation<\/h5>\n<p>[\/vc_column_text][vc_column_text css=\u00a0\u00bb.vc_custom_1542039996958{margin-left: 40px !important;}\u00a0\u00bb]A conserver dans un endroit sec et frais.[\/vc_column_text][\/vc_column_inner][\/vc_row_inner][vc_row_inner][vc_column_inner][vc_column_text]<\/p>\n<h5>    <span class=\"eltdf-icon-shortcode normal    eltdf-icon-extrasmall\"  data-color=\"#27a22d\">\n        <span class=\"eltdf-icon-bckg-holder\" ><\/span>\n                    <i class=\"eltdf-icon-font-awesome fa fa fa-calendar eltdf-icon-element\" style=\"color: #27a22d\" ><\/i>                    <\/span>\n \u00a0 Dur\u00e9e de conservation<\/h5>\n<p>[\/vc_column_text][vc_column_text css=\u00a0\u00bb.vc_custom_1542040004080{margin-left: 40px !important;}\u00a0\u00bb]3 ans[\/vc_column_text][\/vc_column_inner][\/vc_row_inner][vc_row_inner][vc_column_inner][vc_column_text]<\/p>\n<h5>    <span class=\"eltdf-icon-shortcode normal    eltdf-icon-extrasmall\"  data-color=\"#27a22d\">\n        <span class=\"eltdf-icon-bckg-holder\" ><\/span>\n                    <i class=\"eltdf-icon-font-awesome fa fa fa-database eltdf-icon-element\" style=\"color: #27a22d\" ><\/i>                    <\/span>\n \u00a0 Contenance<\/h5>\n<p>[\/vc_column_text][vc_column_text css=\u00a0\u00bb.vc_custom_1542040004080{margin-left: 40px !important;}\u00a0\u00bb]0,5 kg[\/vc_column_text][\/vc_column_inner][\/vc_row_inner][\/vc_column][\/vc_row][vc_row css=\u00a0\u00bb.vc_custom_1542986314418{margin-top: 50px !important;padding-bottom: 40px !important;}\u00a0\u00bb][vc_column]<div class=\"eltdf-section-title-holder  \" >\n\t<div class=\"eltdf-st-inner\">\n\t\t\t\t\t\t\t<h6 class=\"eltdf-st-text\" style=\"color: #23a130;font-size: 30px\">\n\t\t\t\tPRODUITS CONNEXES ...\t\t\t<\/h6>\n\t\t\t<\/div>\n<\/div>[\/vc_column][\/vc_row][vc_row][vc_column width=\u00a0\u00bb1\/4&Prime;][vc_single_image image=\u00a0\u00bb4580&Prime; img_size=\u00a0\u00bbfull\u00a0\u00bb alignment=\u00a0\u00bbcenter\u00a0\u00bb style=\u00a0\u00bbvc_box_rounded\u00a0\u00bb onclick=\u00a0\u00bbcustom_link\u00a0\u00bb link=\u00a0\u00bb\/fr\/shop\/la-gelee-royale-pour-les-adultes-med-honey\/\u00a0\u00bb][vc_custom_heading text=\u00a0\u00bbLA GEL\u00c9E ROYALE POUR LES ADULTES\u00a0\u00bb font_container=\u00a0\u00bbtag:p|font_size:20px|text_align:center|color:%23000000&Prime; google_fonts=\u00a0\u00bbfont_family:Marcellus%3Aregular|font_style:400%20regular%3A400%3Anormal\u00a0\u00bb link=\u00a0\u00bburl:%2Ffr%2fshop%2fla-gelee-royale-pour-les-adultes-med-honey%2F|||\u00a0\u00bb][vc_column_text]<\/p>\n<hr style=\"border: 0; height: 1px; background-image: linear-gradient(to right, rgba(0, 0, 0, 0), rgba(39, 162, 45, 0.75), rgba(0, 0, 0, 0));\" \/>\n<p>[\/vc_column_text][vc_custom_heading text=\u00a0\u00bbPoids net: <strong>250g<\/strong>\u00a0\u00bb font_container=\u00a0\u00bbtag:p|font_size:14px|text_align:center|color:%2327a22d\u00a0\u00bb use_theme_fonts=\u00a0\u00bbyes\u00a0\u00bb][vc_btn title=\u00a0\u00bb<strong>PLUS DE D\u00c9TAILS<\/strong>\u00a0\u00bb style=\u00a0\u00bbgradient-custom\u00a0\u00bb gradient_custom_color_1=\u00a0\u00bb#1e73be\u00a0\u00bb gradient_custom_color_2=\u00a0\u00bb#00a9e4&Prime; shape=\u00a0\u00bbround\u00a0\u00bb size=\u00a0\u00bbxs\u00a0\u00bb align=\u00a0\u00bbcenter\u00a0\u00bb link=\u00a0\u00bburl:%2Ffr%2fshop%2fla-gelee-royale-pour-les-adultes-med-honey%2F|||\u00a0\u00bb][\/vc_column][vc_column width=\u00a0\u00bb1\/4&Prime;][vc_single_image image=\u00a0\u00bb4581&Prime; img_size=\u00a0\u00bbfull\u00a0\u00bb alignment=\u00a0\u00bbcenter\u00a0\u00bb style=\u00a0\u00bbvc_box_rounded\u00a0\u00bb onclick=\u00a0\u00bbcustom_link\u00a0\u00bb link=\u00a0\u00bb\/fr\/shop\/la-gelee-royale-pour-les-adultes-sacs\/\u00a0\u00bb][vc_custom_heading text=\u00a0\u00bbLA GEL\u00c9E ROYALE POUR LES ADULTES\u00a0\u00bb font_container=\u00a0\u00bbtag:p|font_size:20px|text_align:center|color:%23000000&Prime; google_fonts=\u00a0\u00bbfont_family:Marcellus%3Aregular|font_style:400%20regular%3A400%3Anormal\u00a0\u00bb link=\u00a0\u00bburl:%2Ffr%2fshop%2fla-gelee-royale-pour-les-adultes-sacs%2F|||\u00a0\u00bb][vc_column_text]<\/p>\n<hr style=\"border: 0; height: 1px; background-image: linear-gradient(to right, rgba(0, 0, 0, 0), rgba(39, 162, 45, 0.75), rgba(0, 0, 0, 0));\" \/>\n<p>[\/vc_column_text][vc_custom_heading text=\u00a0\u00bbPoids net: <strong>25g<\/strong>\u00a0\u00bb font_container=\u00a0\u00bbtag:p|font_size:14px|text_align:center|color:%2327a22d\u00a0\u00bb use_theme_fonts=\u00a0\u00bbyes\u00a0\u00bb][vc_btn title=\u00a0\u00bb<strong>PLUS DE D\u00c9TAILS<\/strong>\u00a0\u00bb style=\u00a0\u00bbgradient-custom\u00a0\u00bb gradient_custom_color_1=\u00a0\u00bb#1e73be\u00a0\u00bb gradient_custom_color_2=\u00a0\u00bb#00a9e4&Prime; shape=\u00a0\u00bbround\u00a0\u00bb size=\u00a0\u00bbxs\u00a0\u00bb align=\u00a0\u00bbcenter\u00a0\u00bb link=\u00a0\u00bburl:%2Ffr%2fshop%2fla-gelee-royale-pour-les-adultes-sacs%2F|||\u00a0\u00bb][\/vc_column][vc_column width=\u00a0\u00bb1\/4&Prime;][vc_single_image image=\u00a0\u00bb4555&Prime; img_size=\u00a0\u00bbfull\u00a0\u00bb alignment=\u00a0\u00bbcenter\u00a0\u00bb style=\u00a0\u00bbvc_box_rounded\u00a0\u00bb onclick=\u00a0\u00bbcustom_link\u00a0\u00bb link=\u00a0\u00bb\/fr\/shop\/gelee-royale-avec-du-pollen-bear\/\u00a0\u00bb][vc_custom_heading text=\u00a0\u00bbGEL\u00c9E ROYALE AVEC DU POLLEN\u00a0\u00bb font_container=\u00a0\u00bbtag:p|font_size:20px|text_align:center|color:%23000000&Prime; google_fonts=\u00a0\u00bbfont_family:Marcellus%3Aregular|font_style:400%20regular%3A400%3Anormal\u00a0\u00bb link=\u00a0\u00bburl:%2Ffr%2fshop%2fgelee-royale-avec-du-pollen-bear%2F|||\u00a0\u00bb][vc_column_text]<\/p>\n<hr style=\"border: 0; height: 1px; background-image: linear-gradient(to right, rgba(0, 0, 0, 0), rgba(39, 162, 45, 0.75), rgba(0, 0, 0, 0));\" \/>\n<p>[\/vc_column_text][vc_custom_heading text=\u00a0\u00bbPoids net: <strong>0,5kg<\/strong>\u00a0\u00bb font_container=\u00a0\u00bbtag:p|font_size:14px|text_align:center|color:%2327a22d\u00a0\u00bb use_theme_fonts=\u00a0\u00bbyes\u00a0\u00bb][vc_btn title=\u00a0\u00bb<strong>PLUS DE D\u00c9TAILS<\/strong>\u00a0\u00bb style=\u00a0\u00bbgradient-custom\u00a0\u00bb gradient_custom_color_1=\u00a0\u00bb#1e73be\u00a0\u00bb gradient_custom_color_2=\u00a0\u00bb#00a9e4&Prime; shape=\u00a0\u00bbround\u00a0\u00bb size=\u00a0\u00bbxs\u00a0\u00bb align=\u00a0\u00bbcenter\u00a0\u00bb link=\u00a0\u00bburl:%2Ffr%2fshop%2fgelee-royale-avec-du-pollen-bear%2F|||\u00a0\u00bb][\/vc_column][vc_column width=\u00a0\u00bb1\/4&Prime;][vc_single_image image=\u00a0\u00bb4525&Prime; img_size=\u00a0\u00bbfull\u00a0\u00bb alignment=\u00a0\u00bbcenter\u00a0\u00bb style=\u00a0\u00bbvc_box_rounded\u00a0\u00bb onclick=\u00a0\u00bbcustom_link\u00a0\u00bb link=\u00a0\u00bb\/fr\/shop\/gelee-royale-avec-du-pollen-mountain-500g\/\u00a0\u00bb][vc_custom_heading text=\u00a0\u00bbGEL\u00c9E ROYALE AVEC DU POLLEN\u00a0\u00bb font_container=\u00a0\u00bbtag:p|font_size:20px|text_align:center|color:%23000000&Prime; google_fonts=\u00a0\u00bbfont_family:Marcellus%3Aregular|font_style:400%20regular%3A400%3Anormal\u00a0\u00bb link=\u00a0\u00bburl:%2Ffr%2fshop%2fgelee-royale-avec-du-pollen-mountain-500g%2F|||\u00a0\u00bb][vc_column_text]<\/p>\n<hr style=\"border: 0; height: 1px; background-image: linear-gradient(to right, rgba(0, 0, 0, 0), rgba(39, 162, 45, 0.75), rgba(0, 0, 0, 0));\" \/>\n<p>[\/vc_column_text][vc_custom_heading text=\u00a0\u00bbPoids net: <strong>0,5kg<\/strong>\u00a0\u00bb font_container=\u00a0\u00bbtag:p|font_size:14px|text_align:center|color:%2327a22d\u00a0\u00bb use_theme_fonts=\u00a0\u00bbyes\u00a0\u00bb][vc_btn title=\u00a0\u00bb<strong>PLUS DE D\u00c9TAILS<\/strong>\u00a0\u00bb style=\u00a0\u00bbgradient-custom\u00a0\u00bb gradient_custom_color_1=\u00a0\u00bb#1e73be\u00a0\u00bb gradient_custom_color_2=\u00a0\u00bb#00a9e4&Prime; shape=\u00a0\u00bbround\u00a0\u00bb size=\u00a0\u00bbxs\u00a0\u00bb align=\u00a0\u00bbcenter\u00a0\u00bb link=\u00a0\u00bburl:%2Ffr%2fshop%2fgelee-royale-avec-du-pollen-mountain-500g%2F|||\u00a0\u00bb][\/vc_column][\/vc_row][vc_row][vc_column][vc_btn title=\u00a0\u00bbRETOUR EN HAUT\u00a0\u00bb style=\u00a0\u00bboutline-custom\u00a0\u00bb outline_custom_color=\u00a0\u00bb#f4e4c4&Prime; outline_custom_hover_background=\u00a0\u00bb#f4e4c4&Prime; outline_custom_hover_text=\u00a0\u00bb#ffffff\u00a0\u00bb size=\u00a0\u00bbsm\u00a0\u00bb align=\u00a0\u00bbcenter\u00a0\u00bb i_align=\u00a0\u00bbright\u00a0\u00bb i_icon_fontawesome=\u00a0\u00bbfa fa-angle-up\u00a0\u00bb add_icon=\u00a0\u00bbtrue\u00a0\u00bb custom_onclick=\u00a0\u00bbtrue\u00a0\u00bb custom_onclick_code=\u00a0\u00bb$(&lsquo;html,body&rsquo;).animate({ scrollTop: $(\u00ab\u00a0body\u00ab\u00a0).offset().top &#8211; 100}, &lsquo;slow&rsquo;);\u00a0\u00bb el_class=\u00a0\u00bbpovratak-gore\u00a0\u00bb][\/vc_column][\/vc_row]<\/p>\n<\/div>","protected":false},"excerpt":{"rendered":"<p>La gel\u00e9e royale est un liquide particuli\u00e8rement nutritif, \u00e9pais, cr\u00e9meux, d&rsquo;une couleur blanch\u00e2tre et d&rsquo;un go\u00fbt et d&rsquo;une odeur d\u00e9licats, qui est produit \u2013 \u00e0 partir du pollen, du nectar et de l&rsquo;eau \u2013 dans les glandes des abeilles ouvri\u00e8res. La gel\u00e9e royale est principalement constitu\u00e9e des prot\u00e9ines, des enzymes, des hormones, des acides amin\u00e9s, des lipides, des sucres, de l&rsquo;eau et des vitamines.<\/p>\n","protected":false},"featured_media":4619,"template":"","meta":{"rank_math_lock_modified_date":false},"product_cat":[141],"product_tag":[],"class_list":{"0":"post-4191","1":"product","2":"type-product","3":"status-publish","4":"has-post-thumbnail","6":"product_cat-domaci","8":"first","9":"instock","10":"shipping-taxable","11":"purchasable","12":"product-type-simple"},"_links":{"self":[{"href":"https:\/\/med-honey.com\/fr\/wp-json\/wp\/v2\/product\/4191","targetHints":{"allow":["GET"]}}],"collection":[{"href":"https:\/\/med-honey.com\/fr\/wp-json\/wp\/v2\/product"}],"about":[{"href":"https:\/\/med-honey.com\/fr\/wp-json\/wp\/v2\/types\/product"}],"wp:featuredmedia":[{"embeddable":true,"href":"https:\/\/med-honey.com\/fr\/wp-json\/wp\/v2\/media\/4619"}],"wp:attachment":[{"href":"https:\/\/med-honey.com\/fr\/wp-json\/wp\/v2\/media?parent=4191"}],"wp:term":[{"taxonomy":"product_cat","embeddable":true,"href":"https:\/\/med-honey.com\/fr\/wp-json\/wp\/v2\/product_cat?post=4191"},{"taxonomy":"product_tag","embeddable":true,"href":"https:\/\/med-honey.com\/fr\/wp-json\/wp\/v2\/product_tag?post=4191"}],"curies":[{"name":"wp","href":"https:\/\/api.w.org\/{rel}","templated":true}]}}