{"id":3680,"date":"2018-10-12T10:37:45","date_gmt":"2018-10-12T08:37:45","guid":{"rendered":"https:\/\/med-honey.com\/?post_type=product&#038;p=3680"},"modified":"2019-05-29T12:24:07","modified_gmt":"2019-05-29T10:24:07","slug":"pappa-reale-bear","status":"publish","type":"product","link":"https:\/\/med-honey.com\/it\/shop\/pappa-reale-bear\/","title":{"rendered":"PAPPA REALE"},"content":{"rendered":"<div class=\"wpb-content-wrapper\"><p>[vc_row el_class=&#8221;opis-bez-poizvoda&#8221;][vc_column][vc_row_inner][vc_column_inner][vc_column_text]<\/p>\n<h5>    <span class=\"eltdf-icon-shortcode normal    eltdf-icon-extrasmall\"  data-color=\"#27a22d\">\n        <span class=\"eltdf-icon-bckg-holder\" ><\/span>\n                    <i class=\"eltdf-icon-font-awesome fa fa fa-list eltdf-icon-element\" style=\"color: #27a22d\" ><\/i>                    <\/span>\n \u00a0 Composizione<\/h5>\n<p>[\/vc_column_text][vc_column_text css=&#8221;.vc_custom_1544531677338{margin-left: 40px !important;}&#8221;]Pappa reale: 10 g<br \/>\nPropoli: 10 g<br \/>\nMiele: 480 g[\/vc_column_text][\/vc_column_inner][\/vc_row_inner][vc_row_inner][vc_column_inner][vc_column_text]<\/p>\n<h5>    <span class=\"eltdf-icon-shortcode normal    eltdf-icon-extrasmall\"  data-color=\"#27a22d\">\n        <span class=\"eltdf-icon-bckg-holder\" ><\/span>\n                    <i class=\"eltdf-icon-font-awesome fa fa fa-heartbeat eltdf-icon-element\" style=\"color: #27a22d\" ><\/i>                    <\/span>\n \u00a0 Azione<\/h5>\n<p>[\/vc_column_text][vc_column_text css=&#8221;.vc_custom_1544531759858{margin-left: 40px !important;}&#8221;]La pappa reale \u00e8 un cibo miracoloso che stimola lo sviluppo, recupera la forza, rigenera l\u2019organismo, migliora la memoria e regola il metabolismo. In combinazione con miele e propoli, la pappa reale rappresenta un supplemento ideale nella dieta dei bambini, perch\u00e8 migliora l\u2019appetito, stimola la crescita e lo sviluppo, ma soprattutto incementa l&#8217;immunit\u00e0 degli organismi giovani. Le componenti nutritive della pappa reale si conservano nel miglior modo nella mistura con il miele e cos\u00ec rappresenta un supplemento straordinario di vitamine nella sua composizione. Le propriet\u00e0 medicinali della pappa reale migliorano il sistema immunologico dell&#8217;organismo, rendendo cos\u00ec i bambini &#8221;sani come un pesce&#8221;.[\/vc_column_text][\/vc_column_inner][\/vc_row_inner][vc_row_inner][vc_column_inner][vc_column_text]<\/p>\n<p>[vc_row][vc_column][vc_column_text]<\/p>\n<h5>    <span class=\"eltdf-icon-shortcode normal    eltdf-icon-extrasmall\"  data-color=\"#27a22d\">\n        <span class=\"eltdf-icon-bckg-holder\" ><\/span>\n                    <i class=\"eltdf-icon-font-awesome fa fa fa-cutlery eltdf-icon-element\" style=\"color: #27a22d\" ><\/i>                    <\/span>\n \u00a0 Uso raccomandato<\/h5>\n<p>[\/vc_column_text][vc_column_text css=&#8221;.vc_custom_1544531746314{margin-left: 40px !important;}&#8221;]Ogni mattina prendere un cucchiaino (di legno o di plastica) e poi bere acqua calda. Nei casi di convalescenza va preso anche tre volte al giorno.[\/vc_column_text][\/vc_column_inner][\/vc_row_inner][vc_row_inner][vc_column_inner][vc_column_text]<\/p>\n<p>[vc_row][vc_column][vc_column_text]<\/p>\n<h5>    <span class=\"eltdf-icon-shortcode normal    eltdf-icon-extrasmall\"  data-color=\"#27a22d\">\n        <span class=\"eltdf-icon-bckg-holder\" ><\/span>\n                    <i class=\"eltdf-icon-font-awesome fa fa fa-archive eltdf-icon-element\" style=\"color: #27a22d\" ><\/i>                    <\/span>\n \u00a0 Modo di conservazione<\/h5>\n<p>[\/vc_column_text][vc_column_text css=&#8221;.vc_custom_1544531735560{margin-left: 40px !important;}&#8221;]In un luogo asciutto e freddo.[\/vc_column_text][\/vc_column_inner][\/vc_row_inner][vc_row_inner][vc_column_inner][vc_column_text]<\/p>\n<h5>    <span class=\"eltdf-icon-shortcode normal    eltdf-icon-extrasmall\"  data-color=\"#27a22d\">\n        <span class=\"eltdf-icon-bckg-holder\" ><\/span>\n                    <i class=\"eltdf-icon-font-awesome fa fa fa-calendar eltdf-icon-element\" style=\"color: #27a22d\" ><\/i>                    <\/span>\n \u00a0 Da consumarsi preferibilmente entro<\/h5>\n<p>[\/vc_column_text][vc_column_text css=&#8221;.vc_custom_1544531727218{margin-left: 40px !important;}&#8221;]3 anni dalla data di produzione.[\/vc_column_text][\/vc_column_inner][\/vc_row_inner][vc_row_inner][vc_column_inner][vc_column_text]<\/p>\n<h5>    <span class=\"eltdf-icon-shortcode normal    eltdf-icon-extrasmall\"  data-color=\"#27a22d\">\n        <span class=\"eltdf-icon-bckg-holder\" ><\/span>\n                    <i class=\"eltdf-icon-font-awesome fa fa fa-database eltdf-icon-element\" style=\"color: #27a22d\" ><\/i>                    <\/span>\n \u00a0 Contenuto<\/h5>\n<p>[\/vc_column_text][vc_column_text css=&#8221;.vc_custom_1542040004080{margin-left: 40px !important;}&#8221;]0,5 kg[\/vc_column_text][\/vc_column_inner][\/vc_row_inner][\/vc_column][\/vc_row][vc_row css=&#8221;.vc_custom_1542985598791{margin-top: 50px !important;padding-bottom: 40px !important;}&#8221;][vc_column]<div class=\"eltdf-section-title-holder  \" >\n\t<div class=\"eltdf-st-inner\">\n\t\t\t\t\t\t\t<h6 class=\"eltdf-st-text\" style=\"color: #23a130;font-size: 30px\">\n\t\t\t\tRELATED PRODUCTS ...\t\t\t<\/h6>\n\t\t\t<\/div>\n<\/div>[\/vc_column][\/vc_row][vc_row][vc_column width=&#8221;1\/4&#8243;][vc_single_image image=&#8221;4577&#8243; img_size=&#8221;full&#8221; alignment=&#8221;center&#8221; style=&#8221;vc_box_rounded&#8221; onclick=&#8221;custom_link&#8221; link=&#8221;\/it\/shop\/pappa-reale-per-i-bambini-med-honey\/&#8221;][vc_custom_heading text=&#8221;ROYAL JELLY FOR CHILDREN&#8221; font_container=&#8221;tag:p|font_size:20px|text_align:center|color:%23000000&#8243; google_fonts=&#8221;font_family:Marcellus%3Aregular|font_style:400%20regular%3A400%3Anormal&#8221; link=&#8221;url:%2Fit%2fshop%2fpappa-reale-per-i-bambini-med-honey%2F|||&#8221;][vc_column_text]<\/p>\n<hr style=\"border: 0; height: 1px; background-image: linear-gradient(to right, rgba(0, 0, 0, 0), rgba(39, 162, 45, 0.75), rgba(0, 0, 0, 0));\" \/>\n<p>[\/vc_column_text][vc_custom_heading text=&#8221;Quantit\u00e0 netta: <strong>250g<\/strong>&#8221; font_container=&#8221;tag:p|font_size:14px|text_align:center|color:%2327a22d&#8221; use_theme_fonts=&#8221;yes&#8221;][vc_btn title=&#8221;<strong>PI\u00d9 DETTAGLI<\/strong>&#8221; style=&#8221;gradient-custom&#8221; gradient_custom_color_1=&#8221;#1e73be&#8221; gradient_custom_color_2=&#8221;#00a9e4&#8243; shape=&#8221;round&#8221; size=&#8221;xs&#8221; align=&#8221;center&#8221; link=&#8221;url:%2Fit%2fshop%2fpappa-reale-per-i-bambini-med-honey%2F|||&#8221;][\/vc_column][vc_column width=&#8221;1\/4&#8243;][vc_single_image image=&#8221;4579&#8243; img_size=&#8221;full&#8221; alignment=&#8221;center&#8221; style=&#8221;vc_box_rounded&#8221; onclick=&#8221;custom_link&#8221; link=&#8221;\/it\/shop\/pappa-reale-per-i-bambini-sacchetti\/&#8221;][vc_custom_heading text=&#8221;ROYAL JELLY FOR CHILDREN&#8221; font_container=&#8221;tag:p|font_size:20px|text_align:center|color:%23000000&#8243; google_fonts=&#8221;font_family:Marcellus%3Aregular|font_style:400%20regular%3A400%3Anormal&#8221; link=&#8221;url:%2Fit%2fshop%2fpappa-reale-per-i-bambini-sacchetti%2F|||&#8221;][vc_column_text]<\/p>\n<hr style=\"border: 0; height: 1px; background-image: linear-gradient(to right, rgba(0, 0, 0, 0), rgba(39, 162, 45, 0.75), rgba(0, 0, 0, 0));\" \/>\n<p>[\/vc_column_text][vc_custom_heading text=&#8221;Quantit\u00e0 netta: <strong>25g<\/strong>&#8221; font_container=&#8221;tag:p|font_size:14px|text_align:center|color:%2327a22d&#8221; use_theme_fonts=&#8221;yes&#8221;][vc_btn title=&#8221;<strong>PI\u00d9 DETTAGLI<\/strong>&#8221; style=&#8221;gradient-custom&#8221; gradient_custom_color_1=&#8221;#1e73be&#8221; gradient_custom_color_2=&#8221;#00a9e4&#8243; shape=&#8221;round&#8221; size=&#8221;xs&#8221; align=&#8221;center&#8221; link=&#8221;url:%2Fit%2fshop%2fpappa-reale-per-i-bambini-sacchetti%2F|||&#8221;][\/vc_column][vc_column width=&#8221;1\/4&#8243;][vc_single_image image=&#8221;4534&#8243; img_size=&#8221;full&#8221; alignment=&#8221;center&#8221; style=&#8221;vc_box_rounded&#8221; onclick=&#8221;custom_link&#8221; link=&#8221;\/it\/shop\/pappa-reale-home-made-500g\/&#8221;][vc_custom_heading text=&#8221;ROYAL<br \/>\nJELLY&#8221; font_container=&#8221;tag:p|font_size:20px|text_align:center|color:%23000000&#8243; google_fonts=&#8221;font_family:Marcellus%3Aregular|font_style:400%20regular%3A400%3Anormal&#8221; link=&#8221;url:%2Fit%2fshop%2fpappa-reale-home-made-500g%2F|||&#8221;][vc_column_text]<\/p>\n<hr style=\"border: 0; height: 1px; background-image: linear-gradient(to right, rgba(0, 0, 0, 0), rgba(39, 162, 45, 0.75), rgba(0, 0, 0, 0));\" \/>\n<p>[\/vc_column_text][vc_custom_heading text=&#8221;Quantit\u00e0 netta: <strong>0,5kg<\/strong>&#8221; font_container=&#8221;tag:p|font_size:14px|text_align:center|color:%2327a22d&#8221; use_theme_fonts=&#8221;yes&#8221;][vc_btn title=&#8221;<strong>PI\u00d9 DETTAGLI<\/strong>&#8221; style=&#8221;gradient-custom&#8221; gradient_custom_color_1=&#8221;#1e73be&#8221; gradient_custom_color_2=&#8221;#00a9e4&#8243; shape=&#8221;round&#8221; size=&#8221;xs&#8221; align=&#8221;center&#8221; link=&#8221;url:%2Fit%2fshop%2fpappa-reale-home-made-500g%2F|||&#8221;][\/vc_column][vc_column width=&#8221;1\/4&#8243;][vc_single_image image=&#8221;4524&#8243; img_size=&#8221;full&#8221; alignment=&#8221;center&#8221; style=&#8221;vc_box_rounded&#8221; onclick=&#8221;custom_link&#8221; link=&#8221;\/it\/shop\/pappa-reale-mountain-500g\/&#8221;][vc_custom_heading text=&#8221;ROYAL<br \/>\nJELLY&#8221; font_container=&#8221;tag:p|font_size:20px|text_align:center|color:%23000000&#8243; google_fonts=&#8221;font_family:Marcellus%3Aregular|font_style:400%20regular%3A400%3Anormal&#8221; link=&#8221;url:%2Fit%2fshop%2fpappa-reale-mountain-500g%2F|||&#8221;][vc_column_text]<\/p>\n<hr style=\"border: 0; height: 1px; background-image: linear-gradient(to right, rgba(0, 0, 0, 0), rgba(39, 162, 45, 0.75), rgba(0, 0, 0, 0));\" \/>\n<p>[\/vc_column_text][vc_custom_heading text=&#8221;Quantit\u00e0 netta: <strong>0,5kg<\/strong>&#8221; font_container=&#8221;tag:p|font_size:14px|text_align:center|color:%2327a22d&#8221; use_theme_fonts=&#8221;yes&#8221;][vc_btn title=&#8221;<strong>PI\u00d9 DETTAGLI<\/strong>&#8221; style=&#8221;gradient-custom&#8221; gradient_custom_color_1=&#8221;#1e73be&#8221; gradient_custom_color_2=&#8221;#00a9e4&#8243; shape=&#8221;round&#8221; size=&#8221;xs&#8221; align=&#8221;center&#8221; link=&#8221;url:%2Fit%2fshop%2fpappa-reale-mountain-500g%2F|||&#8221;][\/vc_column][\/vc_row][vc_row][vc_column][vc_btn title=&#8221;TORNA SU&#8221; style=&#8221;outline-custom&#8221; outline_custom_color=&#8221;#f4e4c4&#8243; outline_custom_hover_background=&#8221;#f4e4c4&#8243; outline_custom_hover_text=&#8221;#ffffff&#8221; size=&#8221;sm&#8221; align=&#8221;center&#8221; i_align=&#8221;right&#8221; i_icon_fontawesome=&#8221;fa fa-angle-up&#8221; add_icon=&#8221;true&#8221; custom_onclick=&#8221;true&#8221; custom_onclick_code=&#8221;$(&#8216;html,body&#8217;).animate({ scrollTop: $(&#8220;body&#8220;).offset().top &#8211; 100}, &#8216;slow&#8217;);&#8221; el_class=&#8221;povratak-gore&#8221;][\/vc_column][\/vc_row]<\/p>\n<\/div>","protected":false},"excerpt":{"rendered":"<p>La pappa reale \u00e8 un liquido estremamente nutritivo, denso, di colore latteo, con sapore e odore caratteristico, che viene prodotto da polvere di fiori, nettare e acqua dalle api operaie che per farlo usano le proprie ghiandole. Le sue componenti di base sono proteine, enzimi, ormoni, aminoacidi, grassi, zucchero, acqua e vitamine.<\/p>\n","protected":false},"featured_media":4628,"template":"","meta":{"rank_math_lock_modified_date":false},"product_cat":[140],"product_tag":[],"class_list":{"0":"post-3680","1":"product","2":"type-product","3":"status-publish","4":"has-post-thumbnail","6":"product_cat-meda","8":"first","9":"instock","10":"shipping-taxable","11":"purchasable","12":"product-type-simple"},"_links":{"self":[{"href":"https:\/\/med-honey.com\/it\/wp-json\/wp\/v2\/product\/3680","targetHints":{"allow":["GET"]}}],"collection":[{"href":"https:\/\/med-honey.com\/it\/wp-json\/wp\/v2\/product"}],"about":[{"href":"https:\/\/med-honey.com\/it\/wp-json\/wp\/v2\/types\/product"}],"wp:featuredmedia":[{"embeddable":true,"href":"https:\/\/med-honey.com\/it\/wp-json\/wp\/v2\/media\/4628"}],"wp:attachment":[{"href":"https:\/\/med-honey.com\/it\/wp-json\/wp\/v2\/media?parent=3680"}],"wp:term":[{"taxonomy":"product_cat","embeddable":true,"href":"https:\/\/med-honey.com\/it\/wp-json\/wp\/v2\/product_cat?post=3680"},{"taxonomy":"product_tag","embeddable":true,"href":"https:\/\/med-honey.com\/it\/wp-json\/wp\/v2\/product_tag?post=3680"}],"curies":[{"name":"wp","href":"https:\/\/api.w.org\/{rel}","templated":true}]}}