{"id":4175,"date":"2018-11-07T14:40:03","date_gmt":"2018-11-07T13:40:03","guid":{"rendered":"https:\/\/med-honey.com\/?post_type=product&#038;p=4175"},"modified":"2019-05-29T12:23:59","modified_gmt":"2019-05-29T10:23:59","slug":"miele-di-bosco-home-made-1kg","status":"publish","type":"product","link":"https:\/\/med-honey.com\/it\/shop\/miele-di-bosco-home-made-1kg\/","title":{"rendered":"MIELE DI BOSCO 1kg"},"content":{"rendered":"<div class=\"wpb-content-wrapper\"><p>[vc_row el_class=&#8221;opis-bez-poizvoda&#8221;][vc_column][vc_row_inner][vc_column_inner][vc_column_text]<\/p>\n<h5>    <span class=\"eltdf-icon-shortcode normal    eltdf-icon-extrasmall\"  data-color=\"#27a22d\">\n        <span class=\"eltdf-icon-bckg-holder\" ><\/span>\n                    <i class=\"eltdf-icon-font-awesome fa fa fa-heartbeat eltdf-icon-element\" style=\"color: #27a22d\" ><\/i>                    <\/span>\n \u00a0 Caratteristiche medicinali<\/h5>\n<p>[\/vc_column_text][vc_column_text css=&#8221;.vc_custom_1542039981020{margin-left: 40px !important;}&#8221;]Miele di bosco, grazie ad una maggiore quantit\u00e0 di materie minerali, solleva il livello di emoglobina nel sangue, aumenta la capacit\u00e0 cardiaca e la resistenza dei vasi sanguigni. Per le sue propriet\u00e0 medicinali viene consigliato dopo interventi chirurgici difficili ed alle donne incinte durante tutta la gravidanza. Il miele di bosco ha anche degli effetti antiinfiammatori, e cos\u00ec aiuta anche nelle malattie degli organi urinari.[\/vc_column_text][\/vc_column_inner][\/vc_row_inner][vc_row_inner][vc_column_inner][vc_column_text]<\/p>\n<h5>    <span class=\"eltdf-icon-shortcode normal    eltdf-icon-extrasmall\"  data-color=\"#27a22d\">\n        <span class=\"eltdf-icon-bckg-holder\" ><\/span>\n                    <i class=\"eltdf-icon-font-awesome fa fa fa-cutlery eltdf-icon-element\" style=\"color: #27a22d\" ><\/i>                    <\/span>\n \u00a0 Uso raccomandato<\/h5>\n<p>[\/vc_column_text][vc_column_text css=&#8221;.vc_custom_1542039987928{margin-left: 40px !important;}&#8221;]Miele di bosco va preso ogni mattina, un cucchiaino prima di colazione (se \u00e8 necessario anche di pi\u00f9), oppure diluito nell&#8217;acqua calda, latte o t\u00e8, o ancora meglio, nell&#8217; aceto di mela.  [\/vc_column_text][\/vc_column_inner][\/vc_row_inner][vc_row_inner][vc_column_inner][vc_column_text]<\/p>\n<h5>    <span class=\"eltdf-icon-shortcode normal    eltdf-icon-extrasmall\"  data-color=\"#27a22d\">\n        <span class=\"eltdf-icon-bckg-holder\" ><\/span>\n                    <i class=\"eltdf-icon-font-awesome fa fa fa-archive eltdf-icon-element\" style=\"color: #27a22d\" ><\/i>                    <\/span>\n \u00a0 Modo di conservazione<\/h5>\n<p>[\/vc_column_text][vc_column_text css=&#8221;.vc_custom_1542039996958{margin-left: 40px !important;}&#8221;]Miele di bosco pu\u00f2 essere conservato a temperatura ambiente, al riparo dalla luce diretta.[\/vc_column_text][\/vc_column_inner][\/vc_row_inner][vc_row_inner][vc_column_inner][vc_column_text]<\/p>\n<h5>    <span class=\"eltdf-icon-shortcode normal    eltdf-icon-extrasmall\"  data-color=\"#27a22d\">\n        <span class=\"eltdf-icon-bckg-holder\" ><\/span>\n                    <i class=\"eltdf-icon-font-awesome fa fa fa-exclamation-circle eltdf-icon-element\" style=\"color: #27a22d\" ><\/i>                    <\/span>\n \u00a0 Preavviso<\/h5>\n<p>[\/vc_column_text][vc_column_text css=&#8221;.vc_custom_1542040004080{margin-left: 40px !important;}&#8221;]Il miele esprime la caratteristica naturale della cristallizzazione. Il prodotto pu\u00f2 venir trasformato nuovamente nello stato liquido riscaldando a bagno maria il barattolo di miele alla temperatura di 50\u02daC. In tal modo il miele conserver\u00e0 tutte le sue propriet\u00e0 medicinali.[\/vc_column_text][\/vc_column_inner][\/vc_row_inner][\/vc_column][\/vc_row][vc_row css=&#8221;.vc_custom_1542796370436{margin-top: 50px !important;padding-bottom: 40px !important;}&#8221;][vc_column]<div class=\"eltdf-section-title-holder  \" >\n\t<div class=\"eltdf-st-inner\">\n\t\t\t\t\t\t\t<h6 class=\"eltdf-st-text\" style=\"color: #23a130;font-size: 30px\">\n\t\t\t\tRELATED PRODUCTS ...\t\t\t<\/h6>\n\t\t\t<\/div>\n<\/div>[\/vc_column][\/vc_row][vc_row][vc_column width=&#8221;1\/4&#8243;][vc_single_image image=&#8221;4670&#8243; img_size=&#8221;full&#8221; alignment=&#8221;center&#8221; style=&#8221;vc_box_rounded&#8221; onclick=&#8221;custom_link&#8221; link=&#8221;\/it\/shop\/miele-di-bosco-1kg-med-honey\/&#8221;][vc_custom_heading text=&#8221;MIELE DI BOSCO&#8221; font_container=&#8221;tag:p|font_size:20px|text_align:center|color:%23000000&#8243; google_fonts=&#8221;font_family:Marcellus%3Aregular|font_style:400%20regular%3A400%3Anormal&#8221; link=&#8221;url:%2Fit%2fshop%2fmiele-di-bosco-1kg-med-honey%2F|||&#8221;][vc_column_text]<\/p>\n<hr style=\"border: 0; height: 1px; background-image: linear-gradient(to right, rgba(0, 0, 0, 0), rgba(39, 162, 45, 0.75), rgba(0, 0, 0, 0));\" \/>\n<p>[\/vc_column_text][vc_custom_heading text=&#8221;Quantit\u00e0 netta: <strong>1kg<\/strong>&#8221; font_container=&#8221;tag:p|font_size:14px|text_align:center|color:%2327a22d&#8221; use_theme_fonts=&#8221;yes&#8221;][vc_btn title=&#8221;<strong>PI\u00d9 DETTAGLI<\/strong>&#8221; style=&#8221;gradient-custom&#8221; gradient_custom_color_1=&#8221;#1e73be&#8221; gradient_custom_color_2=&#8221;#00a9e4&#8243; shape=&#8221;round&#8221; size=&#8221;xs&#8221; align=&#8221;center&#8221; link=&#8221;url:%2Fit%2fshop%2fmiele-di-bosco-1kg-med-honey%2F|||&#8221;][\/vc_column][vc_column width=&#8221;1\/4&#8243;][vc_single_image image=&#8221;4558&#8243; img_size=&#8221;full&#8221; alignment=&#8221;center&#8221; style=&#8221;vc_box_rounded&#8221; onclick=&#8221;custom_link&#8221; link=&#8221;\/it\/shop\/miele-di-bosco-700g-extra-quality\/&#8221;][vc_custom_heading text=&#8221;MIELE DI BOSCO&#8221; font_container=&#8221;tag:p|font_size:20px|text_align:center|color:%23000000&#8243; google_fonts=&#8221;font_family:Marcellus%3Aregular|font_style:400%20regular%3A400%3Anormal&#8221; link=&#8221;url:%2Fit%2fshop%2fmiele-di-bosco-700g-extra-quality%2F|||&#8221;][vc_column_text]<\/p>\n<hr style=\"border: 0; height: 1px; background-image: linear-gradient(to right, rgba(0, 0, 0, 0), rgba(39, 162, 45, 0.75), rgba(0, 0, 0, 0));\" \/>\n<p>[\/vc_column_text][vc_custom_heading text=&#8221;Quantit\u00e0 netta: <strong>700g<\/strong>&#8221; font_container=&#8221;tag:p|font_size:14px|text_align:center|color:%2327a22d&#8221; use_theme_fonts=&#8221;yes&#8221;][vc_btn title=&#8221;<strong>PI\u00d9 DETTAGLI<\/strong>&#8221; style=&#8221;gradient-custom&#8221; gradient_custom_color_1=&#8221;#1e73be&#8221; gradient_custom_color_2=&#8221;#00a9e4&#8243; shape=&#8221;round&#8221; size=&#8221;xs&#8221; align=&#8221;center&#8221; link=&#8221;url:%2Fit%2fshop%2fmiele-di-bosco-700g-extra-quality%2F|||&#8221;][\/vc_column][vc_column width=&#8221;1\/4&#8243;][vc_single_image image=&#8221;4546&#8243; img_size=&#8221;full&#8221; alignment=&#8221;center&#8221; style=&#8221;vc_box_rounded&#8221; onclick=&#8221;custom_link&#8221; link=&#8221;\/it\/shop\/miele-di-bosco-1kg-bear\/&#8221;][vc_custom_heading text=&#8221;MIELE DI BOSCO&#8221; font_container=&#8221;tag:p|font_size:20px|text_align:center|color:%23000000&#8243; google_fonts=&#8221;font_family:Marcellus%3Aregular|font_style:400%20regular%3A400%3Anormal&#8221; link=&#8221;url:%2Fit%2fshop%2fmiele-di-bosco-1kg-bear%2F|||&#8221;][vc_column_text]<\/p>\n<hr style=\"border: 0; height: 1px; background-image: linear-gradient(to right, rgba(0, 0, 0, 0), rgba(39, 162, 45, 0.75), rgba(0, 0, 0, 0));\" \/>\n<p>[\/vc_column_text][vc_custom_heading text=&#8221;Quantit\u00e0 netta: <strong>1kg<\/strong>&#8221; font_container=&#8221;tag:p|font_size:14px|text_align:center|color:%2327a22d&#8221; use_theme_fonts=&#8221;yes&#8221;][vc_btn title=&#8221;<strong>PI\u00d9 DETTAGLI<\/strong>&#8221; style=&#8221;gradient-custom&#8221; gradient_custom_color_1=&#8221;#1e73be&#8221; gradient_custom_color_2=&#8221;#00a9e4&#8243; shape=&#8221;round&#8221; size=&#8221;xs&#8221; align=&#8221;center&#8221; link=&#8221;url:%2Fit%2fshop%2fmiele-di-bosco-1kg-bear%2F|||&#8221;][\/vc_column][vc_column width=&#8221;1\/4&#8243;][vc_single_image image=&#8221;4531&#8243; img_size=&#8221;full&#8221; alignment=&#8221;center&#8221; style=&#8221;vc_box_rounded&#8221; onclick=&#8221;custom_link&#8221; link=&#8221;\/it\/shop\/miele-di-bosco-mountain-1kg\/&#8221;][vc_custom_heading text=&#8221;MIELE DI BOSCO&#8221; font_container=&#8221;tag:p|font_size:20px|text_align:center|color:%23000000&#8243; google_fonts=&#8221;font_family:Marcellus%3Aregular|font_style:400%20regular%3A400%3Anormal&#8221; link=&#8221;url:%2Fit%2fshop%2fmiele-di-bosco-mountain-1kg%2F|||&#8221;][vc_column_text]<\/p>\n<hr style=\"border: 0; height: 1px; background-image: linear-gradient(to right, rgba(0, 0, 0, 0), rgba(39, 162, 45, 0.75), rgba(0, 0, 0, 0));\" \/>\n<p>[\/vc_column_text][vc_custom_heading text=&#8221;Quantit\u00e0 netta: <strong>1kg<\/strong>&#8221; font_container=&#8221;tag:p|font_size:14px|text_align:center|color:%2327a22d&#8221; use_theme_fonts=&#8221;yes&#8221;][vc_btn title=&#8221;<strong>PI\u00d9 DETTAGLI<\/strong>&#8221; style=&#8221;gradient-custom&#8221; gradient_custom_color_1=&#8221;#1e73be&#8221; gradient_custom_color_2=&#8221;#00a9e4&#8243; shape=&#8221;round&#8221; size=&#8221;xs&#8221; align=&#8221;center&#8221; link=&#8221;url:%2Fit%2fshop%2fmiele-di-bosco-mountain-1kg%2F|||&#8221;][\/vc_column][\/vc_row][vc_row][vc_column][vc_btn title=&#8221;TORNA SU&#8221; style=&#8221;outline-custom&#8221; outline_custom_color=&#8221;#f4e4c4&#8243; outline_custom_hover_background=&#8221;#f4e4c4&#8243; outline_custom_hover_text=&#8221;#ffffff&#8221; size=&#8221;sm&#8221; align=&#8221;center&#8221; i_align=&#8221;right&#8221; i_icon_fontawesome=&#8221;fa fa-angle-up&#8221; add_icon=&#8221;true&#8221; custom_onclick=&#8221;true&#8221; custom_onclick_code=&#8221;$(&#8216;html,body&#8217;).animate({ scrollTop: $(&#8220;body&#8220;).offset().top &#8211; 100}, &#8216;slow&#8217;);&#8221; el_class=&#8221;povratak-gore&#8221;][\/vc_column][\/vc_row]<\/p>\n<\/div>","protected":false},"excerpt":{"rendered":"<p>Flower honey originates from the highland areas of softwood forests in the Homolj Mountains. This type of honey is known for its darker colour, unique scent and astringent flavour. Flower honey stands out from other types of honey due to its distinct chemical structure, which is rich in mineral matter. It originates from honey\u2013dew. Bees gladly collect it from the leaves and twigs of various hardwood and evergreen trees. <\/p>\n","protected":false},"featured_media":4612,"template":"","meta":{"rank_math_lock_modified_date":false},"product_cat":[141],"product_tag":[],"class_list":{"0":"post-4175","1":"product","2":"type-product","3":"status-publish","4":"has-post-thumbnail","6":"product_cat-domaci","8":"first","9":"instock","10":"shipping-taxable","11":"purchasable","12":"product-type-simple"},"_links":{"self":[{"href":"https:\/\/med-honey.com\/it\/wp-json\/wp\/v2\/product\/4175","targetHints":{"allow":["GET"]}}],"collection":[{"href":"https:\/\/med-honey.com\/it\/wp-json\/wp\/v2\/product"}],"about":[{"href":"https:\/\/med-honey.com\/it\/wp-json\/wp\/v2\/types\/product"}],"wp:featuredmedia":[{"embeddable":true,"href":"https:\/\/med-honey.com\/it\/wp-json\/wp\/v2\/media\/4612"}],"wp:attachment":[{"href":"https:\/\/med-honey.com\/it\/wp-json\/wp\/v2\/media?parent=4175"}],"wp:term":[{"taxonomy":"product_cat","embeddable":true,"href":"https:\/\/med-honey.com\/it\/wp-json\/wp\/v2\/product_cat?post=4175"},{"taxonomy":"product_tag","embeddable":true,"href":"https:\/\/med-honey.com\/it\/wp-json\/wp\/v2\/product_tag?post=4175"}],"curies":[{"name":"wp","href":"https:\/\/api.w.org\/{rel}","templated":true}]}}