{"id":3588,"date":"2018-10-10T14:46:48","date_gmt":"2018-10-10T12:46:48","guid":{"rendered":"https:\/\/med-honey.com\/?post_type=product&#038;p=3588"},"modified":"2020-05-07T11:04:23","modified_gmt":"2020-05-07T09:04:23","slug":"mazilo-s-propolisom","status":"publish","type":"product","link":"https:\/\/med-honey.com\/sl\/shop\/mazilo-s-propolisom\/","title":{"rendered":"MAZILO S PROPOLISOM"},"content":{"rendered":"<div class=\"wpb-content-wrapper\"><p>[vc_row el_class=&#8220;opis-bez-poizvoda&#8220;][vc_column][vc_row_inner][vc_column_inner][vc_column_text]<\/p>\n<h5>    <span class=\"eltdf-icon-shortcode normal    eltdf-icon-extrasmall\"  data-color=\"#27a22d\">\n        <span class=\"eltdf-icon-bckg-holder\" ><\/span>\n                    <i class=\"eltdf-icon-font-awesome fa fa fa-list eltdf-icon-element\" style=\"color: #27a22d\" ><\/i>                    <\/span>\n \u00a0 Sestava<\/h5>\n<p>[\/vc_column_text][vc_column_text css=&#8220;.vc_custom_1544628041069{margin-left: 40px !important;}&#8220;]20-odstotna raztopina elanola z vazelinsko osnovo.[\/vc_column_text][\/vc_column_inner][\/vc_row_inner][vc_row_inner][vc_column_inner][vc_column_text]<\/p>\n<h5>    <span class=\"eltdf-icon-shortcode normal    eltdf-icon-extrasmall\"  data-color=\"#27a22d\">\n        <span class=\"eltdf-icon-bckg-holder\" ><\/span>\n                    <i class=\"eltdf-icon-font-awesome fa fa fa-heartbeat eltdf-icon-element\" style=\"color: #27a22d\" ><\/i>                    <\/span>\n \u00a0 Delovanje<\/h5>\n<p>[\/vc_column_text][vc_column_text css=&#8220;.vc_custom_1542039981020{margin-left: 40px !important;}&#8220;]Zaradi zdravilnih lastnosti mazilo s propolisom pospe\u0161uje celjenje ran, uporablja pa se tudi za vsakodnevno nego zdrave ko\u017ee. Propolis se priporo\u010da pri opeklinah, razli\u010dnih ekcemih, bradavicah in zunanjih hemoroidih.[\/vc_column_text][\/vc_column_inner][\/vc_row_inner][vc_row_inner][vc_column_inner][vc_column_text]<\/p>\n<h5>    <span class=\"eltdf-icon-shortcode normal    eltdf-icon-extrasmall\"  data-color=\"#27a22d\">\n        <span class=\"eltdf-icon-bckg-holder\" ><\/span>\n                    <i class=\"eltdf-icon-font-awesome fa fa fa-cutlery eltdf-icon-element\" style=\"color: #27a22d\" ><\/i>                    <\/span>\n \u00a0 Priporo\u010dena uporaba<\/h5>\n<p>[\/vc_column_text][vc_column_text css=&#8220;.vc_custom_1542039987928{margin-left: 40px !important;}&#8220;]Obolelo mesto nama\u017eite od dva do trikrat na dan.[\/vc_column_text][\/vc_column_inner][\/vc_row_inner][vc_row_inner][vc_column_inner][vc_column_text]<\/p>\n<h5>    <span class=\"eltdf-icon-shortcode normal    eltdf-icon-extrasmall\"  data-color=\"#27a22d\">\n        <span class=\"eltdf-icon-bckg-holder\" ><\/span>\n                    <i class=\"eltdf-icon-font-awesome fa fa fa-exclamation-circle eltdf-icon-element\" style=\"color: #27a22d\" ><\/i>                    <\/span>\n \u00a0 Opomba<\/h5>\n<p>[\/vc_column_text][vc_column_text css=&#8220;.vc_custom_1542040004080{margin-left: 40px !important;}&#8220;]Samo za zunanjo uporabo.[\/vc_column_text][\/vc_column_inner][\/vc_row_inner][vc_row_inner][vc_column_inner][vc_column_text]<\/p>\n<h5>    <span class=\"eltdf-icon-shortcode normal    eltdf-icon-extrasmall\"  data-color=\"#27a22d\">\n        <span class=\"eltdf-icon-bckg-holder\" ><\/span>\n                    <i class=\"eltdf-icon-font-awesome fa fa fa-archive eltdf-icon-element\" style=\"color: #27a22d\" ><\/i>                    <\/span>\n \u00a0 Shranjevanje<\/h5>\n<p>[\/vc_column_text][vc_column_text css=&#8220;.vc_custom_1542039996958{margin-left: 40px !important;}&#8220;]Pri temperaturi do 25 \u00b0C.[\/vc_column_text][\/vc_column_inner][\/vc_row_inner][vc_row_inner][vc_column_inner][vc_column_text]<\/p>\n<h5>    <span class=\"eltdf-icon-shortcode normal    eltdf-icon-extrasmall\"  data-color=\"#27a22d\">\n        <span class=\"eltdf-icon-bckg-holder\" ><\/span>\n                    <i class=\"eltdf-icon-font-awesome fa fa fa-calendar eltdf-icon-element\" style=\"color: #27a22d\" ><\/i>                    <\/span>\n \u00a0 Rok uporabe<\/h5>\n<p>[\/vc_column_text][vc_column_text css=&#8220;.vc_custom_1542040004080{margin-left: 40px !important;}&#8220;]Neomejen[\/vc_column_text][\/vc_column_inner][\/vc_row_inner][vc_row_inner][vc_column_inner][vc_column_text]<\/p>\n<h5>    <span class=\"eltdf-icon-shortcode normal    eltdf-icon-extrasmall\"  data-color=\"#27a22d\">\n        <span class=\"eltdf-icon-bckg-holder\" ><\/span>\n                    <i class=\"eltdf-icon-font-awesome fa fa fa-database eltdf-icon-element\" style=\"color: #27a22d\" ><\/i>                    <\/span>\n \u00a0 Vsebina<\/h5>\n<p>[\/vc_column_text][vc_column_text css=&#8220;.vc_custom_1542040004080{margin-left: 40px !important;}&#8220;]12 g[\/vc_column_text][\/vc_column_inner][\/vc_row_inner][\/vc_column][\/vc_row][vc_row css=&#8220;.vc_custom_1542796382387{margin-top: 50px !important;padding-bottom: 40px !important;}&#8220;][vc_column]<div class=\"eltdf-section-title-holder  \" >\n\t<div class=\"eltdf-st-inner\">\n\t\t\t\t\t\t\t<h6 class=\"eltdf-st-text\" style=\"color: #23a130;font-size: 30px\">\n\t\t\t\tPODOBNI IZDELKI ...\t\t\t<\/h6>\n\t\t\t<\/div>\n<\/div>[\/vc_column][\/vc_row][vc_row][vc_column width=&#8220;1\/4&#8243;][vc_single_image image=&#8220;4577&#8243; img_size=&#8220;full&#8220; alignment=&#8220;center&#8220; style=&#8220;vc_box_rounded&#8220; onclick=&#8220;custom_link&#8220; link=&#8220;\/sl\/shop\/maticni-mlecek-za-otroke-med-honey\/&#8220;][vc_custom_heading text=&#8220;MATI\u010cNI MLE\u010cEK ZA OTROKE&#8220; font_container=&#8220;tag:p|font_size:20px|text_align:center|color:%23000000&#8243; google_fonts=&#8220;font_family:Marcellus%3Aregular|font_style:400%20regular%3A400%3Anormal&#8220; link=&#8220;url:%2Fsl%2fizdelki%2fmaticni-mlecek-za-otroke-med-honey%2F|||&#8220;][vc_column_text]<\/p>\n<hr style=\"border: 0; height: 1px; background-image: linear-gradient(to right, rgba(0, 0, 0, 0), rgba(39, 162, 45, 0.75), rgba(0, 0, 0, 0));\" \/>\n<p>[\/vc_column_text][vc_custom_heading text=&#8220;Neto te\u017ea: <strong>250g<\/strong>&#8220; font_container=&#8220;tag:p|font_size:14px|text_align:center|color:%2327a22d&#8220; use_theme_fonts=&#8220;yes&#8220;][vc_btn title=&#8220;<strong>PODROBNEJE<\/strong>&#8220; style=&#8220;gradient-custom&#8220; gradient_custom_color_1=&#8220;#1e73be&#8220; gradient_custom_color_2=&#8220;#00a9e4&#8243; shape=&#8220;round&#8220; size=&#8220;xs&#8220; align=&#8220;center&#8220; link=&#8220;url:%2Fsl%2fizdelki%2fmaticni-mlecek-za-otroke-med-honey%2F|||&#8220;][\/vc_column][vc_column width=&#8220;1\/4&#8243;][vc_single_image image=&#8220;4580&#8243; img_size=&#8220;full&#8220; alignment=&#8220;center&#8220; style=&#8220;vc_box_rounded&#8220; onclick=&#8220;custom_link&#8220; link=&#8220;\/sl\/shop\/maticni-mlecek-za-odrasle-med-honey\/&#8220;][vc_custom_heading text=&#8220;MATI\u010cNI MLE\u010cEK ZA ODRASLE&#8220; font_container=&#8220;tag:p|font_size:20px|text_align:center|color:%23000000&#8243; google_fonts=&#8220;font_family:Marcellus%3Aregular|font_style:400%20regular%3A400%3Anormal&#8220; link=&#8220;url:%2Fsl%2fizdelki%2fmaticni-mlecek-za-odrasle-med-honey%2F|||&#8220;][vc_column_text]<\/p>\n<hr style=\"border: 0; height: 1px; background-image: linear-gradient(to right, rgba(0, 0, 0, 0), rgba(39, 162, 45, 0.75), rgba(0, 0, 0, 0));\" \/>\n<p>[\/vc_column_text][vc_custom_heading text=&#8220;Neto te\u017ea: <strong>250g<\/strong>&#8220; font_container=&#8220;tag:p|font_size:14px|text_align:center|color:%2327a22d&#8220; use_theme_fonts=&#8220;yes&#8220;][vc_btn title=&#8220;<strong>PODROBNEJE<\/strong>&#8220; style=&#8220;gradient-custom&#8220; gradient_custom_color_1=&#8220;#1e73be&#8220; gradient_custom_color_2=&#8220;#00a9e4&#8243; shape=&#8220;round&#8220; size=&#8220;xs&#8220; align=&#8220;center&#8220; link=&#8220;url:%2Fsl%2fizdelki%2fmaticni-mlecek-za-odrasle-med-honey%2F|||&#8220;][\/vc_column][vc_column width=&#8220;1\/4&#8243;][vc_single_image image=&#8220;6116&#8243; img_size=&#8220;full&#8220; alignment=&#8220;center&#8220; style=&#8220;vc_box_rounded&#8220; onclick=&#8220;custom_link&#8220; link=&#8220;\/sl\/shop\/propolis-za-otroke\/&#8220;][vc_custom_heading text=&#8220;PROPOLIS ZA<br \/>\nOTROKE&#8220; font_container=&#8220;tag:p|font_size:20px|text_align:center|color:%23000000&#8243; google_fonts=&#8220;font_family:Marcellus%3Aregular|font_style:400%20regular%3A400%3Anormal&#8220; link=&#8220;url:%2Fsl%2fizdelki%2fpropolis-za-otroke%2F|||&#8220;][vc_column_text]<\/p>\n<hr style=\"border: 0; height: 1px; background-image: linear-gradient(to right, rgba(0, 0, 0, 0), rgba(39, 162, 45, 0.75), rgba(0, 0, 0, 0));\" \/>\n<p>[\/vc_column_text][vc_custom_heading text=&#8220;Neto te\u017ea: <strong>20ml<\/strong>&#8220; font_container=&#8220;tag:p|font_size:14px|text_align:center|color:%2327a22d&#8220; use_theme_fonts=&#8220;yes&#8220; el_class=&#8220;akcijski-proizvodi&#8220;][vc_btn title=&#8220;<strong>PODROBNEJE<\/strong>&#8220; style=&#8220;gradient-custom&#8220; gradient_custom_color_1=&#8220;#1e73be&#8220; gradient_custom_color_2=&#8220;#00a9e4&#8243; shape=&#8220;round&#8220; size=&#8220;xs&#8220; align=&#8220;center&#8220; link=&#8220;url:%2Fsl%2fizdelki%2fpropolis-za-otroke%2F|||&#8220;][\/vc_column][vc_column width=&#8220;1\/4&#8243;][vc_single_image image=&#8220;6115&#8243; img_size=&#8220;full&#8220; alignment=&#8220;center&#8220; style=&#8220;vc_box_rounded&#8220; onclick=&#8220;custom_link&#8220; link=&#8220;\/sl\/shop\/propolis-za-odrasle\/&#8220;][vc_custom_heading text=&#8220;PROPOLIS ZA<br \/>\nODRASLE&#8220; font_container=&#8220;tag:p|font_size:20px|text_align:center|color:%23000000&#8243; google_fonts=&#8220;font_family:Marcellus%3Aregular|font_style:400%20regular%3A400%3Anormal&#8220; link=&#8220;url:%2Fsl%2fizdelki%2fpropolis-za-odrasle%2F|||&#8220;][vc_column_text]<\/p>\n<hr style=\"border: 0; height: 1px; background-image: linear-gradient(to right, rgba(0, 0, 0, 0), rgba(39, 162, 45, 0.75), rgba(0, 0, 0, 0));\" \/>\n<p>[\/vc_column_text][vc_custom_heading text=&#8220;Neto te\u017ea: <strong>20ml<\/strong>&#8220; font_container=&#8220;tag:p|font_size:14px|text_align:center|color:%2327a22d&#8220; use_theme_fonts=&#8220;yes&#8220;][vc_btn title=&#8220;<strong>PODROBNEJE<\/strong>&#8220; style=&#8220;gradient-custom&#8220; gradient_custom_color_1=&#8220;#1e73be&#8220; gradient_custom_color_2=&#8220;#00a9e4&#8243; shape=&#8220;round&#8220; size=&#8220;xs&#8220; align=&#8220;center&#8220; link=&#8220;url:%2Fsl%2fizdelki%2fpropolis-za-odrasle%2F|||&#8220;][\/vc_column][\/vc_row][vc_row][vc_column][vc_btn title=&#8220;NAZAJ NA VRH&#8220; style=&#8220;outline-custom&#8220; outline_custom_color=&#8220;#f4e4c4&#8243; outline_custom_hover_background=&#8220;#f4e4c4&#8243; outline_custom_hover_text=&#8220;#ffffff&#8220; size=&#8220;sm&#8220; align=&#8220;center&#8220; i_align=&#8220;right&#8220; i_icon_fontawesome=&#8220;fa fa-angle-up&#8220; add_icon=&#8220;true&#8220; custom_onclick=&#8220;true&#8220; custom_onclick_code=&#8220;$(&#8218;html,body&#8216;).animate({ scrollTop: $(&#8222;body&#8222;).offset().top &#8211; 100}, &#8218;slow&#8216;);&#8220; el_class=&#8220;povratak-gore&#8220;][\/vc_column][\/vc_row]<\/p>\n<\/div>","protected":false},"excerpt":{"rendered":"<p>Propolis je smolasta snov, ki jo \u010debele delavke nabirajo z listnih popkov in jo predelajo z izlo\u010dkom \u017elez. Propolis je temno zelene do rjavo zelene barve \u2013 s\u010dasoma pa postaja temnej\u0161i. Ima zna\u010dilno aromo in je grenkega okusa. Propolis je zmes smol, balzamov, eteri\u010dnih olj in cvetnega prahu, bogat pa je tudi z minerali, od katerih je najve\u010d \u017eeleza in cinka.<\/p>\n","protected":false},"featured_media":6113,"template":"","meta":{"rank_math_lock_modified_date":false},"product_cat":[138],"product_tag":[],"class_list":{"0":"post-3588","1":"product","2":"type-product","3":"status-publish","4":"has-post-thumbnail","6":"product_cat-med-honey","8":"first","9":"instock","10":"shipping-taxable","11":"purchasable","12":"product-type-simple"},"_links":{"self":[{"href":"https:\/\/med-honey.com\/sl\/wp-json\/wp\/v2\/product\/3588","targetHints":{"allow":["GET"]}}],"collection":[{"href":"https:\/\/med-honey.com\/sl\/wp-json\/wp\/v2\/product"}],"about":[{"href":"https:\/\/med-honey.com\/sl\/wp-json\/wp\/v2\/types\/product"}],"wp:featuredmedia":[{"embeddable":true,"href":"https:\/\/med-honey.com\/sl\/wp-json\/wp\/v2\/media\/6113"}],"wp:attachment":[{"href":"https:\/\/med-honey.com\/sl\/wp-json\/wp\/v2\/media?parent=3588"}],"wp:term":[{"taxonomy":"product_cat","embeddable":true,"href":"https:\/\/med-honey.com\/sl\/wp-json\/wp\/v2\/product_cat?post=3588"},{"taxonomy":"product_tag","embeddable":true,"href":"https:\/\/med-honey.com\/sl\/wp-json\/wp\/v2\/product_tag?post=3588"}],"curies":[{"name":"wp","href":"https:\/\/api.w.org\/{rel}","templated":true}]}}