{"id":4189,"date":"2018-11-07T14:46:11","date_gmt":"2018-11-07T13:46:11","guid":{"rendered":"https:\/\/med-honey.com\/?post_type=product&#038;p=4189"},"modified":"2019-05-29T12:25:28","modified_gmt":"2019-05-29T10:25:28","slug":"travniski-med-mountain-500g","status":"publish","type":"product","link":"https:\/\/med-honey.com\/sl\/shop\/travniski-med-mountain-500g\/","title":{"rendered":"TRAVNI\u0160KI MED 500g"},"content":{"rendered":"<div class=\"wpb-content-wrapper\"><p>[vc_row el_class=&#8220;opis-bez-poizvoda&#8220;][vc_column][vc_row_inner][vc_column_inner][vc_column_text]<\/p>\n<h5>    <span class=\"eltdf-icon-shortcode normal    eltdf-icon-extrasmall\"  data-color=\"#27a22d\">\n        <span class=\"eltdf-icon-bckg-holder\" ><\/span>\n                    <i class=\"eltdf-icon-font-awesome fa fa fa-heartbeat eltdf-icon-element\" style=\"color: #27a22d\" ><\/i>                    <\/span>\n \u00a0 Zdravilne lastnosti<\/h5>\n<p>[\/vc_column_text][vc_column_text css=&#8220;.vc_custom_1542039981020{margin-left: 40px !important;}&#8220;]Zaradi raznovrstne in bogate sestave se travni\u0161ki med \u017ee od nekdaj uporablja v medicini kot dopolnilno zdravilno sredstvo. Uradna medicina je pozneje to priznala in potrdila, da je tak med u\u010dinkovit pri zdravljenju bolezni \u017eelodca in \u010drevesja, bolezni dihal in ledvic, posebej pa pri sr\u010dnih boleznih in boleznih krvnega obtoka. Travni\u0161ki med je nepogre\u0161ljiv v prehrani rekonvalescentov in vseh, ki potrebujejo dodatno energijo.[\/vc_column_text][\/vc_column_inner][\/vc_row_inner][vc_row_inner][vc_column_inner][vc_column_text]<\/p>\n<h5>    <span class=\"eltdf-icon-shortcode normal    eltdf-icon-extrasmall\"  data-color=\"#27a22d\">\n        <span class=\"eltdf-icon-bckg-holder\" ><\/span>\n                    <i class=\"eltdf-icon-font-awesome fa fa fa-cutlery eltdf-icon-element\" style=\"color: #27a22d\" ><\/i>                    <\/span>\n \u00a0 Priporo\u010dena uporaba<\/h5>\n<p>[\/vc_column_text][vc_column_text css=&#8220;.vc_custom_1542039987928{margin-left: 40px !important;}&#8220;]Travni\u0161ki med je naju\u010dinkovitej\u0161i, \u010de ga vsako jutro jemljete eno \u010dajno \u017eli\u010dko pred zajtrkom (po potrebi tudi ve\u010d), lahko pa ga tudi vme\u0161ate v toplo vodo, mleko, \u010daj in, \u0161e bolje, v jabol\u010dni kis. [\/vc_column_text][\/vc_column_inner][\/vc_row_inner][vc_row_inner][vc_column_inner][vc_column_text]<\/p>\n<h5>    <span class=\"eltdf-icon-shortcode normal    eltdf-icon-extrasmall\"  data-color=\"#27a22d\">\n        <span class=\"eltdf-icon-bckg-holder\" ><\/span>\n                    <i class=\"eltdf-icon-font-awesome fa fa fa-archive eltdf-icon-element\" style=\"color: #27a22d\" ><\/i>                    <\/span>\n \u00a0 Shranjevanje<\/h5>\n<p>[\/vc_column_text][vc_column_text css=&#8220;.vc_custom_1542039996958{margin-left: 40px !important;}&#8220;]Travni\u0161ki med shranite pri sobni temperaturi in v temnem prostoru.[\/vc_column_text][\/vc_column_inner][\/vc_row_inner][vc_row_inner][vc_column_inner][vc_column_text]<\/p>\n<h5>    <span class=\"eltdf-icon-shortcode normal    eltdf-icon-extrasmall\"  data-color=\"#27a22d\">\n        <span class=\"eltdf-icon-bckg-holder\" ><\/span>\n                    <i class=\"eltdf-icon-font-awesome fa fa fa-exclamation-circle eltdf-icon-element\" style=\"color: #27a22d\" ><\/i>                    <\/span>\n \u00a0 Opomba<\/h5>\n<p>[\/vc_column_text][vc_column_text css=&#8220;.vc_custom_1542040004080{margin-left: 40px !important;}&#8220;]Naravna lastnost meda je, da kristalizira. Kristalizirani med postaja spet teko\u010d na naslednji na\u010din: kozarec meda damo v posodo z vodo, segreto do najve\u010d 50 \u00baC, saj le tako ohrani vse zdravilne lastnosti.[\/vc_column_text][\/vc_column_inner][\/vc_row_inner][\/vc_column][\/vc_row][vc_row css=&#8220;.vc_custom_1542796369807{margin-top: 50px !important;padding-bottom: 40px !important;}&#8220;][vc_column]<div class=\"eltdf-section-title-holder  \" >\n\t<div class=\"eltdf-st-inner\">\n\t\t\t\t\t\t\t<h6 class=\"eltdf-st-text\" style=\"color: #23a130;font-size: 30px\">\n\t\t\t\tPODOBNI IZDELKI ...\t\t\t<\/h6>\n\t\t\t<\/div>\n<\/div>[\/vc_column][\/vc_row][vc_row][vc_column width=&#8220;1\/4&#8243;][vc_single_image image=&#8220;4569&#8243; img_size=&#8220;full&#8220; alignment=&#8220;center&#8220; style=&#8220;vc_box_rounded&#8220; onclick=&#8220;custom_link&#8220; link=&#8220;\/sl\/shop\/travniski-med-500g-med-honey\/&#8220;][vc_custom_heading text=&#8220;TRAVN\u0160KI MED&#8220; font_container=&#8220;tag:p|font_size:20px|text_align:center|color:%23000000&#8243; google_fonts=&#8220;font_family:Marcellus%3Aregular|font_style:400%20regular%3A400%3Anormal&#8220; link=&#8220;url:%2Fsl%2fizdelki%2ftravniski-med-500g-med-honey%2F|||&#8220;][vc_column_text]<\/p>\n<hr style=\"border: 0; height: 1px; background-image: linear-gradient(to right, rgba(0, 0, 0, 0), rgba(39, 162, 45, 0.75), rgba(0, 0, 0, 0));\" \/>\n<p>[\/vc_column_text][vc_custom_heading text=&#8220;Neto te\u017ea: <strong>0,5kg<\/strong>&#8220; font_container=&#8220;tag:p|font_size:14px|text_align:center|color:%2327a22d&#8220; use_theme_fonts=&#8220;yes&#8220;][vc_btn title=&#8220;<strong>PODROBNEJE<\/strong>&#8220; style=&#8220;gradient-custom&#8220; gradient_custom_color_1=&#8220;#1e73be&#8220; gradient_custom_color_2=&#8220;#00a9e4&#8243; shape=&#8220;round&#8220; size=&#8220;xs&#8220; align=&#8220;center&#8220; link=&#8220;url:%2Fsl%2fizdelki%2ftravniski-med-500g-med-honey%2F|||&#8220;][\/vc_column][vc_column width=&#8220;1\/4&#8243;][vc_single_image image=&#8220;5590&#8243; img_size=&#8220;full&#8220; alignment=&#8220;center&#8220; style=&#8220;vc_box_rounded&#8220; onclick=&#8220;custom_link&#8220; link=&#8220;\/sl\/shop\/travniski-med-400g-extra-quality\/&#8220;][vc_custom_heading text=&#8220;TRAVN\u0160KI MED&#8220; font_container=&#8220;tag:p|font_size:20px|text_align:center|color:%23000000&#8243; google_fonts=&#8220;font_family:Marcellus%3Aregular|font_style:400%20regular%3A400%3Anormal&#8220; link=&#8220;url:%2Fsl%2fizdelki%2ftravniski-med-400g-extra-quality%2F|||&#8220;][vc_column_text]<\/p>\n<hr style=\"border: 0; height: 1px; background-image: linear-gradient(to right, rgba(0, 0, 0, 0), rgba(39, 162, 45, 0.75), rgba(0, 0, 0, 0));\" \/>\n<p>[\/vc_column_text][vc_custom_heading text=&#8220;Neto te\u017ea: <strong>400g<\/strong>&#8220; font_container=&#8220;tag:p|font_size:14px|text_align:center|color:%2327a22d&#8220; use_theme_fonts=&#8220;yes&#8220;][vc_btn title=&#8220;<strong>PODROBNEJE<\/strong>&#8220; style=&#8220;gradient-custom&#8220; gradient_custom_color_1=&#8220;#1e73be&#8220; gradient_custom_color_2=&#8220;#00a9e4&#8243; shape=&#8220;round&#8220; size=&#8220;xs&#8220; align=&#8220;center&#8220; link=&#8220;url:%2Fsl%2fizdelki%2ftravniski-med-400g-extra-quality%2F|||&#8220;][\/vc_column][vc_column width=&#8220;1\/4&#8243;][vc_single_image image=&#8220;4545&#8243; img_size=&#8220;full&#8220; alignment=&#8220;center&#8220; style=&#8220;vc_box_rounded&#8220; onclick=&#8220;custom_link&#8220; link=&#8220;\/sl\/shop\/travniski-med-500g-bear\/&#8220;][vc_custom_heading text=&#8220;TRAVN\u0160KI MED&#8220; font_container=&#8220;tag:p|font_size:20px|text_align:center|color:%23000000&#8243; google_fonts=&#8220;font_family:Marcellus%3Aregular|font_style:400%20regular%3A400%3Anormal&#8220; link=&#8220;url:%2Fsl%2fizdelki%2ftravniski-med-500g-bear%2F|||&#8220;][vc_column_text]<\/p>\n<hr style=\"border: 0; height: 1px; background-image: linear-gradient(to right, rgba(0, 0, 0, 0), rgba(39, 162, 45, 0.75), rgba(0, 0, 0, 0));\" \/>\n<p>[\/vc_column_text][vc_custom_heading text=&#8220;Neto te\u017ea: <strong>0,5kg<\/strong>&#8220; font_container=&#8220;tag:p|font_size:14px|text_align:center|color:%2327a22d&#8220; use_theme_fonts=&#8220;yes&#8220;][vc_btn title=&#8220;<strong>PODROBNEJE<\/strong>&#8220; style=&#8220;gradient-custom&#8220; gradient_custom_color_1=&#8220;#1e73be&#8220; gradient_custom_color_2=&#8220;#00a9e4&#8243; shape=&#8220;round&#8220; size=&#8220;xs&#8220; align=&#8220;center&#8220; link=&#8220;url:%2Fsl%2fizdelki%2ftravniski-med-500g-bear%2F|||&#8220;][\/vc_column][vc_column width=&#8220;1\/4&#8243;][vc_single_image image=&#8220;4541&#8243; img_size=&#8220;full&#8220; alignment=&#8220;center&#8220; style=&#8220;vc_box_rounded&#8220; onclick=&#8220;custom_link&#8220; link=&#8220;\/sl\/shop\/travniski-med-home-made-500g\/&#8220;][vc_custom_heading text=&#8220;TRAVN\u0160KI MED&#8220; font_container=&#8220;tag:p|font_size:20px|text_align:center|color:%23000000&#8243; google_fonts=&#8220;font_family:Marcellus%3Aregular|font_style:400%20regular%3A400%3Anormal&#8220; link=&#8220;url:%2Fsl%2fizdelki%2ftravniski-med-home-made-500g%2F|||&#8220;][vc_column_text]<\/p>\n<hr style=\"border: 0; height: 1px; background-image: linear-gradient(to right, rgba(0, 0, 0, 0), rgba(39, 162, 45, 0.75), rgba(0, 0, 0, 0));\" \/>\n<p>[\/vc_column_text][vc_custom_heading text=&#8220;Neto te\u017ea: <strong>0,5kg<\/strong>&#8220; font_container=&#8220;tag:p|font_size:14px|text_align:center|color:%2327a22d&#8220; use_theme_fonts=&#8220;yes&#8220;][vc_btn title=&#8220;<strong>PODROBNEJE<\/strong>&#8220; style=&#8220;gradient-custom&#8220; gradient_custom_color_1=&#8220;#1e73be&#8220; gradient_custom_color_2=&#8220;#00a9e4&#8243; shape=&#8220;round&#8220; size=&#8220;xs&#8220; align=&#8220;center&#8220; link=&#8220;url:%2Fsl%2fizdelki%2ftravniski-med-home-made-500g%2F|||&#8220;][\/vc_column][\/vc_row][vc_row][vc_column][vc_btn title=&#8220;NAZAJ NA VRH&#8220; style=&#8220;outline-custom&#8220; outline_custom_color=&#8220;#f4e4c4&#8243; outline_custom_hover_background=&#8220;#f4e4c4&#8243; outline_custom_hover_text=&#8220;#ffffff&#8220; size=&#8220;sm&#8220; align=&#8220;center&#8220; i_align=&#8220;right&#8220; i_icon_fontawesome=&#8220;fa fa-angle-up&#8220; add_icon=&#8220;true&#8220; custom_onclick=&#8220;true&#8220; custom_onclick_code=&#8220;$(&#8218;html,body&#8216;).animate({ scrollTop: $(&#8222;body&#8222;).offset().top &#8211; 100}, &#8218;slow&#8216;);&#8220; el_class=&#8220;povratak-gore&#8220;][\/vc_column][\/vc_row]<\/p>\n<\/div>","protected":false},"excerpt":{"rendered":"<p>Travni\u0161ki med dobimo iz razli\u010dnih vrst rastlin s homoljskih planinskih travnikov. Barva, okus in vonj meda so odvisni od vrste rastlin. Barva variira od svetlo rumene in rde\u010dkaste do temnej\u0161ih odtenkov. Okus je odvisen od vrste rastline, ki prevladuje v medu, in je lahko prijetno sladek ali pa malce grenek. Travni\u0161ki med vsebuje encime, rudninske snovi, organske kisline, vitamine in druge pomembne sestavine.<\/p>\n","protected":false},"featured_media":4607,"template":"","meta":{"rank_math_lock_modified_date":false},"product_cat":[142],"product_tag":[],"class_list":{"0":"post-4189","1":"product","2":"type-product","3":"status-publish","4":"has-post-thumbnail","6":"product_cat-planinski","8":"first","9":"instock","10":"shipping-taxable","11":"purchasable","12":"product-type-simple"},"_links":{"self":[{"href":"https:\/\/med-honey.com\/sl\/wp-json\/wp\/v2\/product\/4189","targetHints":{"allow":["GET"]}}],"collection":[{"href":"https:\/\/med-honey.com\/sl\/wp-json\/wp\/v2\/product"}],"about":[{"href":"https:\/\/med-honey.com\/sl\/wp-json\/wp\/v2\/types\/product"}],"wp:featuredmedia":[{"embeddable":true,"href":"https:\/\/med-honey.com\/sl\/wp-json\/wp\/v2\/media\/4607"}],"wp:attachment":[{"href":"https:\/\/med-honey.com\/sl\/wp-json\/wp\/v2\/media?parent=4189"}],"wp:term":[{"taxonomy":"product_cat","embeddable":true,"href":"https:\/\/med-honey.com\/sl\/wp-json\/wp\/v2\/product_cat?post=4189"},{"taxonomy":"product_tag","embeddable":true,"href":"https:\/\/med-honey.com\/sl\/wp-json\/wp\/v2\/product_tag?post=4189"}],"curies":[{"name":"wp","href":"https:\/\/api.w.org\/{rel}","templated":true}]}}